{"id":1013,"date":"2025-01-03T07:18:54","date_gmt":"2025-01-03T07:18:54","guid":{"rendered":"https:\/\/adafood.com.tr\/?page_id=1013"},"modified":"2025-01-20T08:07:25","modified_gmt":"2025-01-20T08:07:25","slug":"kalite-politikasi","status":"publish","type":"page","link":"https:\/\/adafood.com.tr\/ar\/kalite-politikasi\/","title":{"rendered":"\u0633\u064a\u0627\u0633\u0629 \u0627\u0644\u062c\u0648\u062f\u0629"},"content":{"rendered":"<div class=\"ast-breadcrumbs-wrapper\">\n\t\t\t<div class=\"ast-breadcrumbs-inner\"><nav role=\"navigation\" aria-label=\"Breadcrumbs\" class=\"breadcrumb-trail breadcrumbs\" ><div class=\"ast-breadcrumbs\"><ul class=\"trail-items\" ><li  class=\"trail-item trail-end\"><span><a href=\"https:\/\/adafood.com.tr\/ar\/\" rel=\"home\"><span >\u0627\u0644\u0631\u0626\u064a\u0633\u064a\u0629<\/span><\/a><\/span><\/li><\/ul><\/div><\/nav><\/div>\n\t\t<\/div>\n\t<p>\u0641\u064a \u0639\u0627\u0644\u0645 \u062a\u0638\u0644 \u0641\u064a\u0647 \u0627\u0644\u062d\u062f\u0648\u062f \u0628\u0644\u0627 \u0645\u0639\u0646\u0649 \u060c \u0641\u0625\u0646 \u0627\u0644\u062c\u0648\u062f\u0629 \u0647\u064a \u0627\u0644\u0637\u0631\u064a\u0642\u0629 \u0627\u0644\u0648\u062d\u064a\u062f\u0629 \u0644\u062e\u0644\u0642 \u0641\u0647\u0645 \u062a\u0646\u0627\u0641\u0633\u064a \u062f\u0627\u0626\u0645. \u0628\u0627\u0644\u0646\u0633\u0628\u0629 \u0644\u0623\u062f\u0627 \u0641\u0648\u062f \u060c \u0627\u0644\u062c\u0648\u062f\u0629 \u0644\u064a\u0633\u062a \u0648\u062c\u0647\u0629\u060c \u0625\u0646\u0647\u0627 \u0631\u062d\u0644\u0629. \u0627\u0644\u063a\u0631\u0636 \u0645\u0646 \u0647\u0630\u0647 \u0627\u0644\u0631\u062d\u0644\u0629 \u0647\u0648 \u0627\u0644\u0628\u062d\u062b \u0628\u0627\u0633\u062a\u0645\u0631\u0627\u0631 \u0639\u0646 \u0627\u0644\u0623\u0641\u0636\u0644 \u0644\u0634\u0631\u0643\u0627\u0626\u0646\u0627 \u0648\u0639\u0645\u0644\u0627\u0626\u0646\u0627 \u0648\u0645\u0648\u0638\u0641\u064a\u0646\u0627 \u0648\u0645\u0648\u0631\u062f\u064a\u0646\u0627 \u0648\u0628\u064a\u0626\u062a\u0646\u0627 \u0648\u0645\u062c\u062a\u0645\u0639\u0646\u0627. \u0633\u064a\u0643\u0648\u0646 \u0630\u0644\u0643 \u0645\u0646 \u062e\u0644\u0627\u0644 \u0627\u0639\u062a\u0645\u0627\u062f \u0625\u062f\u0627\u0631\u0629 \u0627\u0644\u062c\u0648\u062f\u0629 \u0627\u0644\u0634\u0627\u0645\u0644\u0629 \u0643\u0623\u0633\u0644\u0648\u0628 \u062d\u064a\u0627\u0629. \u0644\u0630\u0644\u0643;<\/p>\n<p>\u2022M\u00fc\u015fterilerimizin memnuniyetini ve sadakatini, \u00fcr\u00fcn ve hizmetlerimizin kalitesinin belirleyece\u011fine inan\u0131yoruz. Bu sebeple, \u00fcr\u00fcn ve hizmetlerimizde, y\u00f6netti\u011fimiz t\u00fcm s\u00fcre\u00e7lerimizde s\u00fcrekli iyile\u015ftirme ve geli\u015ftirme faaliyetlerini s\u00fcrd\u00fcrerek &#8220;m\u00fckemmelin&#8221; aray\u0131\u015f\u0131 i\u00e7inde olmal\u0131y\u0131z.<\/p>\n<p>* \u0645\u0648\u0638\u0641\u064a\u0646\u0627 \u0647\u0645 \u0623\u0647\u0645 \u0627\u0644\u0623\u0635\u0648\u0644 \u0644\u062f\u064a\u0646\u0627. \u0645\u0646 \u0623\u062c\u0644 \u0627\u0644\u062a\u062d\u0633\u064a\u0646 \u0627\u0644\u0645\u0633\u062a\u0645\u0631 \u0644\u0644\u062c\u0648\u062f\u0629 \u060c \u0645\u0646 \u0627\u0644\u0636\u0631\u0648\u0631\u064a \u0636\u0645\u0627\u0646 \u0645\u0634\u0627\u0631\u0643\u0629 \u0648\u062a\u062f\u0631\u064a\u0628 \u0648\u0631\u0636\u0627 \u062c\u0645\u064a\u0639 \u0645\u0648\u0638\u0641\u064a\u0646\u0627 \u0628\u0645\u0639\u0646\u0649 \u0627\u0644\u0623\u0633\u0631\u0629.<\/p>\n<p>* \u0648\u0646\u062d\u0646 \u0646\u0647\u062f\u0641 \u0625\u0644\u0649 \u062a\u0644\u0628\u064a\u0629 \u0628\u0627\u0633\u062a\u0645\u0631\u0627\u0631 \u062a\u0648\u0642\u0639\u0627\u062a \u0645\u0648\u0638\u0641\u064a\u0646\u0627 \u0625\u064a\u0633\u0644\u0627 \u064a\u0648\u0644\u0648 \u060c \u0639\u0645\u0644\u0627\u0626\u0646\u0627 \u0644\u062a\u062d\u0633\u064a\u0646 \u0645\u064a\u0632\u062a\u0646\u0627 \u0627\u0644\u062a\u0646\u0627\u0641\u0633\u064a\u0629 \u0648\u0632\u064a\u0627\u062f\u0629 \u0631\u0628\u062d\u064a\u062a\u0646\u0627.<\/p>\n<p>* \u0625\u062f\u062e\u0627\u0644 \u0627\u0644\u062c\u0648\u062f\u0629 \u0647\u0648 \u0634\u0631\u0637 \u0623\u0633\u0627\u0633\u064a \u0644\u062c\u0648\u062f\u0629 \u0627\u0644\u0645\u0646\u062a\u062c. \u0644\u0647\u0630\u0627 \u0627\u0644\u0633\u0628\u0628 \u060c \u0646\u0631\u0649 \u0645\u0648\u0631\u062f\u064a\u0646\u0627 \u0643\u062c\u0632\u0621 \u0644\u0627 \u064a\u062a\u062c\u0632\u0623 \u0645\u0646 \u0646\u0638\u0627\u0645 \u0627\u0644\u062c\u0648\u062f\u0629 \u0644\u062f\u064a\u0646\u0627 \u0648\u0643\u0634\u0631\u0643\u0627\u0621 \u062a\u062c\u0627\u0631\u064a\u064a\u0646 \u0644\u062f\u064a\u0646\u0627.<\/p>\n<p>* \u0646\u062d\u0646 \u0646\u062f\u0631\u0643 \u0645\u0633\u0624\u0648\u0644\u064a\u062a\u0646\u0627 \u062a\u062c\u0627\u0647 \u0627\u0644\u0628\u064a\u0626\u0629 \u0648\u0627\u0644\u0645\u062c\u062a\u0645\u0639 \u0648\u0646\u0633\u0627\u0647\u0645 \u0641\u064a \u062a\u0646\u0645\u064a\u062a\u0647\u0627.<\/p>\n<p>\u2022Kaliteli \u00fcr\u00fcnler kaliteli ortamda \u00fcretilir. Her \u00e7al\u0131\u015fan\u0131m\u0131z ba\u015fta y\u00f6neticilerimiz olmak \u00fczere, i\u015fyeri ortam\u0131n\u0131 &#8220;emniyetli, temiz ve d\u00fczenli&#8221; tutmaktan sorumludur.<\/p>\n<p>\u0645\u0628\u0627\u062f\u0626 \u062b\u0642\u0627\u0641\u0629 \u0627\u0644\u062c\u0648\u062f\u0629 \u0644\u062f\u064a\u0646\u0627:<\/p>\n<p>* \u0623\u0646 \u062a\u0643\u0648\u0646 \u062d\u0633\u0627\u0633\u0629 \u0644\u0645\u062a\u0637\u0644\u0628\u0627\u062a \u0627\u0644\u0639\u0645\u0644\u0627\u0621 \u0627\u0644\u062f\u0627\u062e\u0644\u064a\u0629 \u0648\u0627\u0644\u062e\u0627\u0631\u062c\u064a\u0629,<\/p>\n<p>\u2022 \u0623\u0646 \u062a\u0643\u0648\u0646 \u0635\u0631\u064a\u062d\u064b\u0627 \u0648\u062c\u062f\u064a\u0631\u064b\u0627 \u0628\u0627\u0644\u062b\u0642\u0629\u2022<\/p>\n<p>\u2022 \u0627\u0644\u062a\u062d\u062f\u062b \u0628\u0627\u0644\u0628\u064a\u0627\u0646\u0627\u062a,<\/p>\n<p>* \u0623\u0646 \u062a\u0643\u0648\u0646 \u062d\u0633\u0627\u0633\u0629 \u0644\u0645\u062a\u0637\u0644\u0628\u0627\u062a \u0627\u0644\u0639\u0645\u0644\u0627\u0621 \u0627\u0644\u062f\u0627\u062e\u0644\u064a\u0629 \u0648\u0627\u0644\u062e\u0627\u0631\u062c\u064a\u0629,<\/p>\n<p>* \u0627\u0644\u0642\u064a\u0627\u0645 \u0628\u0630\u0644\u0643 \u0627\u0644\u062d\u0642 \u0641\u064a \u0622\u0646 \u0648\u0627\u062d\u062f,<\/p>\n<p>* \u0627\u0645\u062a\u0644\u0627\u0643,<\/p>\n<p>\u0646\u0648\u062f \u0627\u0646 \u0646\u0639\u0644\u0645\u0643\u0645   \u0623\u0646\u0646\u0627 \u0646\u0624\u0645\u0646 \u0628\u0642\u0648\u0629 \u0623\u0646 \u062c\u0645\u064a\u0639 \u0623\u0641\u0631\u0627\u062f \u0639\u0627\u0626\u0644\u0629 \u0622\u062f\u0627 \u0641\u0648\u062f \u0633\u064a\u0633\u062a\u0645\u0631\u0648\u0646 \u0641\u064a \u0628\u0630\u0644 \u062c\u0647\u0648\u062f\u0647\u0645 \u0644\u062a\u0646\u0641\u064a\u0630 \u0633\u064a\u0627\u0633\u0629 \u0627\u0644\u062c\u0648\u062f\u0629 \u0645\u0646 \u062e\u0644\u0627\u0644 \u0627\u0644\u0627\u0644\u062a\u0632\u0627\u0645 \u0628\u0627\u0644\u0645\u0628\u0627\u062f\u0626 \u0627\u0644\u0645\u0630\u0643\u0648\u0631\u0629 \u0623\u0639\u0644\u0627\u0647. \u0646\u0623\u0645\u0644 \u0623\u0646 \u064a\u0639\u0645\u0644 \u0646\u0647\u062c\u0646\u0627 \u0641\u064a \u0627\u0644\u0645\u062d\u0627\u0641\u0638\u0629 \u0639\u0644\u0649  \u0627\u0644\u062c\u0648\u062f\u0629 \u0627\u0644\u0634\u0627\u0645\u0644\u0629\u060c \u0645\u0646 \u062e\u0644\u0627\u0644 \u062a\u0637\u0648\u064a\u0631\u0647\u060c \u0639\u0644\u0649 \u0625\u0636\u0627\u0621\u0629 \u062d\u064a\u0627\u062a\u0646\u0627 \u0648\u0639\u0644\u0627\u0642\u0627\u062a\u0646\u0627 \u0648\u0639\u0645\u0644\u0646\u0627 \u0645\u0639\u0627<\/p>\n\t<nav aria-label=\"Sidebar Kurumsal\" itemscope=\"itemscope\" itemtype=\"https:\/\/schema.org\/SiteNavigationElement\">\n\t\t<ul id=\"menu-sidebar-kurumsal\"><li id=\"menu-item-1002\"><a href=\"https:\/\/adafood.com.tr\/ar\/kurumsal\/\">\u0627\u0644\u0634\u0631\u0643\u0627\u062a<\/a><\/li><li id=\"menu-item-1033\"><a href=\"https:\/\/adafood.com.tr\/ar\/misyon-vizyon\/\">\u0627\u0644\u0631\u0633\u0627\u0644\u0629 \u0648\u0627\u0644\u0631\u0624\u064a\u0629<\/a><\/li><li id=\"menu-item-1034\"><a href=\"https:\/\/adafood.com.tr\/ar\/sosyal-sorumluluk\/\">\u0627\u0644\u0645\u0633\u0624\u0648\u0644\u064a\u0629 \u0627\u0644\u0627\u062c\u062a\u0645\u0627\u0639\u064a\u0629<\/a><\/li><li id=\"menu-item-1030\"><a href=\"https:\/\/adafood.com.tr\/ar\/cevre-politikasi\/\">\u0627\u0644\u0645\u0633\u0624\u0648\u0644\u064a\u0629 \u0627\u0644\u0628\u064a\u0626\u064a\u0629<\/a><\/li><li id=\"menu-item-1032\"><a href=\"https:\/\/adafood.com.tr\/ar\/kalite-politikasi\/\" aria-current=\"page\">\u0633\u064a\u0627\u0633\u0629 \u0627\u0644\u062c\u0648\u062f\u0629<\/a><\/li><li id=\"menu-item-1038\"><a href=\"https:\/\/adafood.com.tr\/ar\/ilke-ve-degerlerimiz\/\">\u0645\u0628\u0627\u062f\u0626\u0646\u0627 \u0648\u0642\u064a\u0645\u0646\u0627<\/a><\/li><\/ul>\n\t\t\t<\/nav>","protected":false},"excerpt":{"rendered":"<p>S\u0131n\u0131rlar\u0131n anlams\u0131z kald\u0131\u011f\u0131 bir d\u00fcnyada, kal\u0131c\u0131 rekabet anlay\u0131\u015f\u0131 yaratman\u0131n tek yolu kalitedir. Ada Food i\u00e7in, kalite bir hedef de\u011fil, yolculuktur. [&hellip;]<\/p>","protected":false},"author":1,"featured_media":0,"parent":0,"menu_order":0,"comment_status":"closed","ping_status":"open","template":"","meta":{"inline_featured_image":false,"site-sidebar-layout":"default","site-content-layout":"page-builder","ast-site-content-layout":"full-width-container","site-content-style":"default","site-sidebar-style":"default","ast-global-header-display":"","ast-banner-title-visibility":"","ast-main-header-display":"","ast-hfb-above-header-display":"","ast-hfb-below-header-display":"","ast-hfb-mobile-header-display":"","site-post-title":"disabled","ast-breadcrumbs-content":"","ast-featured-img":"disabled","footer-sml-layout":"","theme-transparent-header-meta":"default","adv-header-id-meta":"","stick-header-meta":"default","header-above-stick-meta":"","header-main-stick-meta":"","header-below-stick-meta":"","astra-migrate-meta-layouts":"set","ast-page-background-enabled":"default","ast-page-background-meta":{"desktop":{"background-color":"var(--ast-global-color-4)","background-image":"","background-repeat":"repeat","background-position":"center center","background-size":"auto","background-attachment":"scroll","background-type":"","background-media":"","overlay-type":"","overlay-color":"","overlay-opacity":"","overlay-gradient":""},"tablet":{"background-color":"","background-image":"","background-repeat":"repeat","background-position":"center center","background-size":"auto","background-attachment":"scroll","background-type":"","background-media":"","overlay-type":"","overlay-color":"","overlay-opacity":"","overlay-gradient":""},"mobile":{"background-color":"","background-image":"","background-repeat":"repeat","background-position":"center center","background-size":"auto","background-attachment":"scroll","background-type":"","background-media":"","overlay-type":"","overlay-color":"","overlay-opacity":"","overlay-gradient":""}},"ast-content-background-meta":{"desktop":{"background-color":"var(--ast-global-color-5)","background-image":"","background-repeat":"repeat","background-position":"center center","background-size":"auto","background-attachment":"scroll","background-type":"","background-media":"","overlay-type":"","overlay-color":"","overlay-opacity":"","overlay-gradient":""},"tablet":{"background-color":"var(--ast-global-color-5)","background-image":"","background-repeat":"repeat","background-position":"center center","background-size":"auto","background-attachment":"scroll","background-type":"","background-media":"","overlay-type":"","overlay-color":"","overlay-opacity":"","overlay-gradient":""},"mobile":{"background-color":"var(--ast-global-color-5)","background-image":"","background-repeat":"repeat","background-position":"center center","background-size":"auto","background-attachment":"scroll","background-type":"","background-media":"","overlay-type":"","overlay-color":"","overlay-opacity":"","overlay-gradient":""}},"_joinchat":[],"footnotes":""},"class_list":["post-1013","page","type-page","status-publish","hentry"],"acf":[],"_links":{"self":[{"href":"https:\/\/adafood.com.tr\/ar\/wp-json\/wp\/v2\/pages\/1013","targetHints":{"allow":["GET"]}}],"collection":[{"href":"https:\/\/adafood.com.tr\/ar\/wp-json\/wp\/v2\/pages"}],"about":[{"href":"https:\/\/adafood.com.tr\/ar\/wp-json\/wp\/v2\/types\/page"}],"author":[{"embeddable":true,"href":"https:\/\/adafood.com.tr\/ar\/wp-json\/wp\/v2\/users\/1"}],"replies":[{"embeddable":true,"href":"https:\/\/adafood.com.tr\/ar\/wp-json\/wp\/v2\/comments?post=1013"}],"version-history":[{"count":4,"href":"https:\/\/adafood.com.tr\/ar\/wp-json\/wp\/v2\/pages\/1013\/revisions"}],"predecessor-version":[{"id":1340,"href":"https:\/\/adafood.com.tr\/ar\/wp-json\/wp\/v2\/pages\/1013\/revisions\/1340"}],"wp:attachment":[{"href":"https:\/\/adafood.com.tr\/ar\/wp-json\/wp\/v2\/media?parent=1013"}],"curies":[{"name":"wp","href":"https:\/\/api.w.org\/{rel}","templated":true}]}}