{"id":1014,"date":"2025-01-03T07:23:52","date_gmt":"2025-01-03T07:23:52","guid":{"rendered":"https:\/\/adafood.com.tr\/?page_id=1014"},"modified":"2025-01-03T07:26:59","modified_gmt":"2025-01-03T07:26:59","slug":"cevre-politikasi","status":"publish","type":"page","link":"https:\/\/adafood.com.tr\/ar\/cevre-politikasi\/","title":{"rendered":"\u0627\u0644\u0645\u0633\u0624\u0648\u0644\u064a\u0629 \u0627\u0644\u0628\u064a\u0626\u064a\u0629"},"content":{"rendered":"<div class=\"ast-breadcrumbs-wrapper\">\n\t\t\t<div class=\"ast-breadcrumbs-inner\"><nav role=\"navigation\" aria-label=\"Breadcrumbs\" class=\"breadcrumb-trail breadcrumbs\" ><div class=\"ast-breadcrumbs\"><ul class=\"trail-items\" ><li  class=\"trail-item trail-end\"><span><a href=\"https:\/\/adafood.com.tr\/ar\/\" rel=\"home\"><span >\u0627\u0644\u0631\u0626\u064a\u0633\u064a\u0629<\/span><\/a><\/span><\/li><\/ul><\/div><\/nav><\/div>\n\t\t<\/div>\n<h2>\n\t\t\u0627\u0644\u0645\u0633\u0624\u0648\u0644\u064a\u0629 \u0627\u0644\u0628\u064a\u0626\u064a\u0629\n\t<\/h2>\n\t<p>Ya\u015fad\u0131\u011f\u0131m\u0131z \u00e7evrenin korunmas\u0131n\u0131n ve iyile\u015ftirilmesinin, i\u015fimizin ayr\u0131lmaz bir par\u00e7as\u0131 oldu\u011fu bilincinden hareketle; \u00fcr\u00fcnlerimizin, girdilerimizin ve faaliyetlerimizin kalitesini, \u00e7evreye olan etkilerini en aza indirerek daha da art\u0131rmay\u0131 hedefliyoruz. Temeli &#8220;\u00d6nce \u0130nsan&#8221; olan y\u00f6netim anlay\u0131\u015f\u0131n\u0131 benimseyen Ada Food, \u00e7evrenin korunmas\u0131n\u0131 yasal gerekliliklerin \u00f6tesinde, topluma olan sayg\u0131n\u0131n bir g\u00f6stergesi olarak kabul etmi\u015ftir. Bu nedenle;<\/p>\n<ul>\n<li>\u0644\u0644\u062a\u062d\u0643\u0645 \u0641\u064a \u0627\u0644\u0639\u0646\u0627\u0635\u0631 \u0627\u0644\u062a\u064a \u062a\u0633\u0628\u0628 \u0627\u0644\u062f\u0645\u0627\u0631 \u0627\u0644\u0628\u064a\u0626\u064a \u0648\u062a\u0642\u0644\u064a\u0644\u0647\u0627 \u0648\u0645\u0646\u0639\u0647\u0627 \u0628\u0641\u0643\u0631\u0629 \u0639\u062f\u0645 \u062a\u0644\u0648\u064a\u062b\u0647\u0627 \u0628\u062f\u0644\u0627 \u0645\u0646 \u062a\u0646\u0638\u064a\u0641 \u0627\u0644\u0628\u064a\u0626\u0629,<\/li>\n<li>\u0627\u0644\u062a\u062d\u0633\u064a\u0646 \u0627\u0644\u0645\u0633\u062a\u0645\u0631 \u0644\u0623\u062f\u0627\u0626\u0646\u0627 \u0627\u0644\u0628\u064a\u0626\u064a \u0648\u062c\u0648\u062f\u062a\u0646\u0627 \u060c \u0644\u0644\u0645\u0633\u0627\u0647\u0645\u0629 \u0641\u064a \u0632\u064a\u0627\u062f\u0629 \u0627\u0644\u0648\u0639\u064a \u0627\u0644\u0628\u064a\u0626\u064a \u0644\u0645\u0648\u0638\u0641\u064a\u0646\u0627 \u0648\u0645\u0648\u0631\u062f\u064a\u0646\u0627 \u0648\u0639\u0645\u0644\u0627\u0626\u0646\u0627 \u0648\u0645\u062c\u062a\u0645\u0639\u0646\u0627,<\/li>\n<li>\u0627\u0633\u062a\u062e\u062f\u0627\u0645 \u0627\u0644\u0645\u0648\u0627\u0631\u062f \u0627\u0644\u0639\u0627\u0644\u0645\u064a\u0629 \u0628\u0641\u0639\u0627\u0644\u064a\u0629 \u0645\u0646 \u062e\u0644\u0627\u0644 \u0627\u062a\u0628\u0627\u0639 \u0623\u0646\u0638\u0645\u0629 \u0648\u062a\u0642\u0646\u064a\u0627\u062a \u062d\u0645\u0627\u064a\u0629 \u0627\u0644\u0628\u064a\u0626\u0629 \u0627\u0644\u0646\u0627\u0645\u064a\u0629,<\/li>\n<li>\u0644\u0644\u062d\u062f \u0645\u0646 \u0645\u0639\u062f\u0644\u0627\u062a \u0627\u0644\u0646\u0641\u0627\u064a\u0627\u062a \u0648\u0645\u062a\u0627\u0628\u0639\u0629 \u062a\u0642\u064a\u064a\u0645\u0647\u0627,<\/li>\n<li>\u0644\u0644\u0642\u0636\u0627\u0621 \u0639\u0644\u0649 \u0639\u0645\u0644\u064a\u0627\u062a \u0627\u0644\u062a\u0644\u0648\u062b \u0641\u064a \u0645\u0635\u0627\u062f\u0631 \u0627\u0644\u0625\u0646\u062a\u0627\u062c \u0648<\/li>\n<li>\u0647\u062f\u0641\u0646\u0627 \u0647\u0648 \u0627\u0644\u0627\u0633\u062a\u0641\u0627\u062f\u0629 \u0645\u0646 \u0645\u0635\u0627\u062f\u0631 \u0627\u0644\u0645\u0648\u0627\u062f \u0627\u0644\u062e\u0627\u0645 \u0627\u0644\u062a\u064a \u0644\u0627 \u062a\u062d\u0645\u0644 \u0627\u0644\u062a\u0644\u0648\u062b \u0648\u0627\u0644\u0645\u062e\u0627\u0637\u0631 \u0627\u0644\u0635\u062d\u064a\u0629 \u0645\u0646 \u062e\u0644\u0627\u0644 \u0645\u0631\u0627\u0639\u0627\u0629 \u0627\u0644\u0622\u062b\u0627\u0631 \u0627\u0644\u0628\u064a\u0626\u064a\u0629 \u0644\u0645\u0646\u062a\u062c\u0627\u062a\u0646\u0627 \u0627\u0644\u062a\u064a \u0633\u062a\u062e\u0644\u0642 \u062e\u0637\u0631\u0627 \u0645\u062f\u0649 \u0627\u0644\u062d\u064a\u0627\u0629 \u0641\u064a \u0645\u0631\u062d\u0644\u0629 \u0627\u0644\u062a\u0635\u0645\u064a\u0645.<\/li>\n<\/ul>\n<p><strong>\u0623\u0646\u0634\u0637\u0629 \u062d\u0645\u0627\u064a\u0629 \u0627\u0644\u0628\u064a\u0626\u0629 \u0644\u062f\u064a\u0646\u0627<\/strong><\/p>\n<ul>\n<li>\u062d\u0645\u0627\u064a\u0629 \u062c\u0648\u062f\u0629 \u0627\u0644\u0647\u0648\u0627\u0621,<\/li>\n<li>\u0645\u0643\u0627\u0641\u062d\u0629 \u062a\u0644\u0648\u062b \u0627\u0644\u0645\u064a\u0627\u0647,<\/li>\n<li>\u0625\u062f\u0627\u0631\u0629 \u0627\u0644\u0646\u0641\u0627\u064a\u0627\u062a,<\/li>\n<li>\u0646\u0638\u0627\u0645 \u0627\u0644\u0625\u062f\u0627\u0631\u0629 \u0627\u0644\u0628\u064a\u0626\u064a\u0629 \u0648<\/li>\n<li>\u0646\u0631\u064a\u062f \u0625\u0639\u0644\u0627\u0645 \u0627\u0644\u0645\u062c\u062a\u0645\u0639 \u0648\u0628\u0630\u0644 \u0627\u0644\u062c\u0647\u0648\u062f \u0644\u062e\u0644\u0642 \u0628\u064a\u0626\u0629 \u0635\u0627\u0644\u062d\u0629 \u0644\u0644\u0639\u064a\u0634 \u0644\u062c\u0645\u064a\u0639 \u0645\u0648\u0638\u0641\u064a\u0646\u0627 \u0641\u064a \u0639\u0627\u0626\u0644\u0629 \u0623\u062f\u0627 \u0644\u0644\u0623\u063a\u0630\u064a\u0629.<\/li>\n<\/ul>\n\t<nav aria-label=\"Sidebar Kurumsal\" itemscope=\"itemscope\" itemtype=\"https:\/\/schema.org\/SiteNavigationElement\">\n\t\t<ul id=\"menu-sidebar-kurumsal\"><li id=\"menu-item-1002\"><a href=\"https:\/\/adafood.com.tr\/ar\/kurumsal\/\">\u0627\u0644\u0634\u0631\u0643\u0627\u062a<\/a><\/li><li id=\"menu-item-1004\"><a href=\"#\">Vizyon &#038; Misyon<\/a><\/li><li id=\"menu-item-1005\"><a href=\"#\">\u0627\u0644\u0645\u0633\u0624\u0648\u0644\u064a\u0629 \u0627\u0644\u0627\u062c\u062a\u0645\u0627\u0639\u064a\u0629<\/a><\/li><li id=\"menu-item-1006\"><a href=\"#\">\u0633\u064a\u0627\u0633\u0629 \u0627\u0644\u062c\u0648\u062f\u0629<\/a><\/li><li id=\"menu-item-1007\"><a href=\"#\">\u0627\u0644\u0645\u0633\u0624\u0648\u0644\u064a\u0629 \u0627\u0644\u0628\u064a\u0626\u064a\u0629<\/a><\/li><li id=\"menu-item-1008\"><a href=\"#\">\u0645\u0628\u0627\u062f\u0626\u0646\u0627 \u0648\u0642\u064a\u0645\u0646\u0627<\/a><\/li><\/ul>\n\t\t\t<\/nav>","protected":false},"excerpt":{"rendered":"<p>\u00c7evre Politikas\u0131 Ya\u015fad\u0131\u011f\u0131m\u0131z \u00e7evrenin korunmas\u0131n\u0131n ve iyile\u015ftirilmesinin, i\u015fimizin ayr\u0131lmaz bir par\u00e7as\u0131 oldu\u011fu bilincinden hareketle; \u00fcr\u00fcnlerimizin, girdilerimizin ve faaliyetlerimizin kalitesini, \u00e7evreye [&hellip;]<\/p>","protected":false},"author":1,"featured_media":0,"parent":0,"menu_order":0,"comment_status":"closed","ping_status":"open","template":"","meta":{"inline_featured_image":false,"site-sidebar-layout":"default","site-content-layout":"page-builder","ast-site-content-layout":"full-width-container","site-content-style":"default","site-sidebar-style":"default","ast-global-header-display":"","ast-banner-title-visibility":"","ast-main-header-display":"","ast-hfb-above-header-display":"","ast-hfb-below-header-display":"","ast-hfb-mobile-header-display":"","site-post-title":"disabled","ast-breadcrumbs-content":"","ast-featured-img":"disabled","footer-sml-layout":"","theme-transparent-header-meta":"default","adv-header-id-meta":"","stick-header-meta":"default","header-above-stick-meta":"","header-main-stick-meta":"","header-below-stick-meta":"","astra-migrate-meta-layouts":"set","ast-page-background-enabled":"default","ast-page-background-meta":{"desktop":{"background-color":"var(--ast-global-color-4)","background-image":"","background-repeat":"repeat","background-position":"center center","background-size":"auto","background-attachment":"scroll","background-type":"","background-media":"","overlay-type":"","overlay-color":"","overlay-opacity":"","overlay-gradient":""},"tablet":{"background-color":"","background-image":"","background-repeat":"repeat","background-position":"center center","background-size":"auto","background-attachment":"scroll","background-type":"","background-media":"","overlay-type":"","overlay-color":"","overlay-opacity":"","overlay-gradient":""},"mobile":{"background-color":"","background-image":"","background-repeat":"repeat","background-position":"center center","background-size":"auto","background-attachment":"scroll","background-type":"","background-media":"","overlay-type":"","overlay-color":"","overlay-opacity":"","overlay-gradient":""}},"ast-content-background-meta":{"desktop":{"background-color":"var(--ast-global-color-5)","background-image":"","background-repeat":"repeat","background-position":"center center","background-size":"auto","background-attachment":"scroll","background-type":"","background-media":"","overlay-type":"","overlay-color":"","overlay-opacity":"","overlay-gradient":""},"tablet":{"background-color":"var(--ast-global-color-5)","background-image":"","background-repeat":"repeat","background-position":"center center","background-size":"auto","background-attachment":"scroll","background-type":"","background-media":"","overlay-type":"","overlay-color":"","overlay-opacity":"","overlay-gradient":""},"mobile":{"background-color":"var(--ast-global-color-5)","background-image":"","background-repeat":"repeat","background-position":"center center","background-size":"auto","background-attachment":"scroll","background-type":"","background-media":"","overlay-type":"","overlay-color":"","overlay-opacity":"","overlay-gradient":""}},"_joinchat":[],"footnotes":""},"class_list":["post-1014","page","type-page","status-publish","hentry"],"acf":[],"_links":{"self":[{"href":"https:\/\/adafood.com.tr\/ar\/wp-json\/wp\/v2\/pages\/1014","targetHints":{"allow":["GET"]}}],"collection":[{"href":"https:\/\/adafood.com.tr\/ar\/wp-json\/wp\/v2\/pages"}],"about":[{"href":"https:\/\/adafood.com.tr\/ar\/wp-json\/wp\/v2\/types\/page"}],"author":[{"embeddable":true,"href":"https:\/\/adafood.com.tr\/ar\/wp-json\/wp\/v2\/users\/1"}],"replies":[{"embeddable":true,"href":"https:\/\/adafood.com.tr\/ar\/wp-json\/wp\/v2\/comments?post=1014"}],"version-history":[{"count":2,"href":"https:\/\/adafood.com.tr\/ar\/wp-json\/wp\/v2\/pages\/1014\/revisions"}],"predecessor-version":[{"id":1029,"href":"https:\/\/adafood.com.tr\/ar\/wp-json\/wp\/v2\/pages\/1014\/revisions\/1029"}],"wp:attachment":[{"href":"https:\/\/adafood.com.tr\/ar\/wp-json\/wp\/v2\/media?parent=1014"}],"curies":[{"name":"wp","href":"https:\/\/api.w.org\/{rel}","templated":true}]}}