{"id":470,"date":"2024-11-14T11:55:06","date_gmt":"2024-11-14T11:55:06","guid":{"rendered":"https:\/\/adafood.com.tr\/?page_id=470"},"modified":"2025-01-03T07:05:01","modified_gmt":"2025-01-03T07:05:01","slug":"kurumsal","status":"publish","type":"page","link":"https:\/\/adafood.com.tr\/ar\/kurumsal\/","title":{"rendered":"\u0627\u0644\u0634\u0631\u0643\u0627\u062a"},"content":{"rendered":"<div class=\"ast-breadcrumbs-wrapper\">\n\t\t\t<div class=\"ast-breadcrumbs-inner\"><nav role=\"navigation\" aria-label=\"Breadcrumbs\" class=\"breadcrumb-trail breadcrumbs\" ><div class=\"ast-breadcrumbs\"><ul class=\"trail-items\" ><li  class=\"trail-item trail-end\"><span><a href=\"https:\/\/adafood.com.tr\/ar\/\" rel=\"home\"><span >\u0627\u0644\u0631\u0626\u064a\u0633\u064a\u0629<\/span><\/a><\/span><\/li><\/ul><\/div><\/nav><\/div>\n\t\t<\/div>\n<h2>\n\t\t\u0627\u0644\u0645\u0648\u0627\u0631\u062f \u0627\u0644\u0628\u0634\u0631\u064a\u0629\n\t<\/h2>\n\t<p>Ada Food olarak, g\u0131da \u00fcretimi ve ihracat\u0131nda \u00fcst\u00fcn kaliteyi ve g\u00fcveni \u00f6n planda tutarak, sekt\u00f6rdeki liderli\u011fimizi s\u00fcrd\u00fcrmekteyiz. 1993 y\u0131l\u0131nda kurulan firmam\u0131z, T\u00fcrkiye&#8217;nin en kaliteli do\u011fal g\u0131da \u00fcr\u00fcnlerini \u00fcreterek, d\u00fcnya \u00e7ap\u0131nda g\u00fcvenilir bir marka olmay\u0131 ba\u015farm\u0131\u015ft\u0131r.<\/p>\n<p>\u0645\u0646 \u062e\u0644\u0627\u0644 \u0627\u0644\u062c\u0645\u0639 \u0628\u064a\u0646 \u0627\u0644\u062a\u0643\u0646\u0648\u0644\u0648\u062c\u064a\u0627 \u0627\u0644\u062d\u062f\u064a\u062b\u0629 \u0648\u0627\u0644\u0648\u0635\u0641\u0627\u062a \u0627\u0644\u062a\u0642\u0644\u064a\u062f\u064a\u0629 \u0641\u064a \u0639\u0645\u0644\u064a\u0627\u062a \u0627\u0644\u0625\u0646\u062a\u0627\u062c \u0644\u062f\u064a\u0646\u0627 \u060c \u0646\u0642\u062f\u0645 \u062f\u0627\u0626\u0645\u0627 \u0645\u0646\u062a\u062c\u0627\u062a \u0635\u062d\u064a\u0629 \u0648\u0644\u0630\u064a\u0630\u0629. \u0645\u0639 \u0645\u0648\u0638\u0641\u064a\u0646\u0627 \u0627\u0644\u062e\u0628\u0631\u0627\u0621 \u0641\u064a \u0647\u0630\u0627 \u0627\u0644\u0645\u062c\u0627\u0644 \u060c \u0648\u0645\u0631\u0627\u0641\u0642 \u0645\u0639 \u0645\u0639\u0627\u064a\u064a\u0631 \u0627\u0644\u062c\u0648\u062f\u0629 \u0627\u0644\u0639\u0627\u0644\u064a\u0629 \u0648\u0625\u062c\u0631\u0627\u0621\u0627\u062a \u0635\u0627\u0631\u0645\u0629 \u0644\u0645\u0631\u0627\u0642\u0628\u0629 \u0627\u0644\u062c\u0648\u062f\u0629 \u060c \u0648\u0646\u062d\u0646 \u0646\u0639\u0645\u0644 \u0628\u062f\u0642\u0629 \u0644\u062a\u062d\u0642\u064a\u0642 \u0623\u0641\u0636\u0644 \u0646\u062a\u064a\u062c\u0629 \u0641\u064a \u0643\u0644 \u0645\u0631\u062d\u0644\u0629. \u064a\u062a\u0645 \u062a\u062d\u0636\u064a\u0631 \u0645\u0646\u062a\u062c\u0627\u062a\u0646\u0627 \u0628\u0645\u0643\u0648\u0646\u0627\u062a \u0637\u0628\u064a\u0639\u064a\u0629 \u0648\u0635\u062d\u064a\u0629 \u062a\u0645\u0627\u0645\u0627 \u062f\u0648\u0646 \u0623\u064a \u0625\u0636\u0627\u0641\u0627\u062a.<\/p>\n<p>\u0646\u062c\u0627\u062d\u0646\u0627 \u0641\u064a \u0645\u062c\u0627\u0644 \u0627\u0644\u062a\u0635\u062f\u064a\u0631 \u064a\u062a\u064a\u062d \u0644\u0646\u0627 \u0627\u0644\u0648\u0635\u0648\u0644 \u0625\u0644\u0649 \u0627\u0644\u0639\u062f\u064a\u062f \u0645\u0646 \u0627\u0644\u0623\u0633\u0648\u0627\u0642 \u0627\u0644\u062e\u0627\u0631\u062c\u064a\u0629 \u0628\u0641\u0636\u0644 \u0634\u0628\u0643\u0629 \u0627\u0644\u062a\u0648\u0631\u064a\u062f \u0627\u0644\u0648\u0627\u0633\u0639\u0629 \u0648\u0627\u0644\u0642\u0648\u064a\u0629 \u0644\u062f\u064a\u0646\u0627. \u0634\u0631\u0643\u062a\u0646\u0627 \u0627\u0644\u062a\u064a \u0627\u062a\u062e\u0630\u062a \u0645\u0628\u062f\u0623 \u062a\u0642\u062f\u064a\u0645 \u0623\u062d\u062f\u062b \u0648\u0623\u0639\u0644\u0649 \u062c\u0648\u062f\u0629 \u0645\u0646 \u0627\u0644\u0645\u0646\u062a\u062c\u0627\u062a \u0644\u0639\u0645\u0644\u0627\u0626\u0646\u0627 \u0641\u064a \u0627\u0644\u0648\u0642\u062a \u0627\u0644\u0645\u062d\u062f\u062f\u060c \u062a\u0648\u0627\u0635\u0644 \u0627\u0644\u0646\u0645\u0648 \u064a\u0648\u0645\u064b\u0627 \u0628\u0639\u062f \u064a\u0648\u0645 \u0645\u0639 \u0648\u0636\u0639 \u0631\u0636\u0627 \u0627\u0644\u0639\u0645\u0644\u0627\u0621 \u0641\u064a \u0627\u0644\u0645\u0642\u0627\u0645 \u0627\u0644\u0623\u0648\u0644 \u0639\u0644\u0649 \u0645\u0633\u062a\u0648\u0649 \u0627\u0644\u0639\u0627\u0644\u0645.<\/p>\n<p>\u0627\u0644\u062b\u0642\u0629 \u0627\u0644\u062a\u064a \u0627\u0643\u062a\u0633\u0628\u0646\u0627\u0647\u0627 \u0641\u064a \u0627\u0644\u0623\u0633\u0648\u0627\u0642 \u0627\u0644\u0645\u062d\u0644\u064a\u0629 \u0648\u0627\u0644\u062f\u0648\u0644\u064a\u0629\u060c \u0627\u0644\u062a\u064a \u062a\u062a\u0645\u0627\u0634\u0649 \u0645\u0639 \u0641\u0647\u0645\u0646\u0627 \u0644\u0644\u0627\u0633\u062a\u062f\u0627\u0645\u0629\u060c \u062a\u062f\u0641\u0639\u0646\u0627 \u0644\u0644\u0627\u0633\u062a\u0645\u0631\u0627\u0631 \u0641\u064a \u062c\u0647\u0648\u062f\u0646\u0627 \u0645\u0646 \u0623\u062c\u0644 \u0645\u0633\u062a\u0642\u0628\u0644 \u0623\u0643\u062b\u0631 \u0627\u062e\u0636\u0631\u0627\u0631\u064b\u0627 \u0645\u0646 \u062e\u0644\u0627\u0644 \u0623\u0633\u0627\u0644\u064a\u0628 \u0627\u0644\u0625\u0646\u062a\u0627\u062c \u0627\u0644\u0635\u062f\u064a\u0642\u0629 \u0644\u0644\u0628\u064a\u0626\u0629 \u0648\u0627\u0644\u062d\u0644\u0648\u0644 \u0627\u0644\u0645\u0628\u062a\u0643\u0631\u0629.<\/p>\n<p>Vizyonumuz, kaliteli ve sa\u011fl\u0131kl\u0131 g\u0131da \u00fcr\u00fcnleriyle d\u00fcnya \u00e7ap\u0131nda tercih edilen bir marka olmak, misyonumuz ise; t\u00fcketicilerimizin ihtiya\u00e7lar\u0131n\u0131 en iyi \u015fekilde kar\u015f\u0131lamak, global pazarlarda T\u00fcrkiye&#8217;yi gururla temsil etmektir.<\/p>\n<p>\u0643\u0645\u0627 \u0623\u062f\u0627 \u0627\u0644\u063a\u0630\u0627\u0621 \u060c \u0648\u0646\u062d\u0646 \u0641\u062e\u0648\u0631\u0648\u0646 \u0644\u062e\u062f\u0645\u0629 \u0639\u0645\u0644\u0627\u0626\u0646\u0627 \u0627\u0644\u0643\u0631\u0627\u0645 \u0645\u0639 \u0645\u0646\u062a\u062c\u0627\u062a \u0635\u062d\u064a\u0629 \u0648\u0637\u0628\u064a\u0639\u064a\u0629 \u0648\u0639\u0627\u0644\u064a\u0629 \u0627\u0644\u062c\u0648\u062f\u0629. \u0645\u0639 \u0627\u0644\u062e\u0628\u0631\u0627\u062a \u0627\u0644\u062a\u064a \u0627\u0643\u062a\u0633\u0628\u0646\u0627\u0647\u0627 \u0645\u0646\u0630 \u0627\u0644\u064a\u0648\u0645 \u0627\u0644\u0630\u064a \u062d\u062f\u062f\u0646\u0627\u0647 \u060c \u0646\u0647\u062f\u0641 \u0625\u0644\u0649 \u062a\u062d\u0642\u064a\u0642 \u0625\u0646\u062c\u0627\u0632\u0627\u062a \u0623\u0643\u0628\u0631 \u0639\u0644\u0649 \u0646\u0637\u0627\u0642 \u0639\u0627\u0644\u0645\u064a.<\/p>\n\t<nav aria-label=\"Sidebar Kurumsal\" itemscope=\"itemscope\" itemtype=\"https:\/\/schema.org\/SiteNavigationElement\">\n\t\t<ul id=\"menu-sidebar-kurumsal\"><li id=\"menu-item-1002\"><a href=\"https:\/\/adafood.com.tr\/ar\/kurumsal\/\" aria-current=\"page\">\u0627\u0644\u0634\u0631\u0643\u0627\u062a<\/a><\/li><li id=\"menu-item-1004\"><a href=\"#\">Vizyon &#038; Misyon<\/a><\/li><li id=\"menu-item-1005\"><a href=\"#\">\u0627\u0644\u0645\u0633\u0624\u0648\u0644\u064a\u0629 \u0627\u0644\u0627\u062c\u062a\u0645\u0627\u0639\u064a\u0629<\/a><\/li><li id=\"menu-item-1006\"><a href=\"#\">\u0633\u064a\u0627\u0633\u0629 \u0627\u0644\u062c\u0648\u062f\u0629<\/a><\/li><li id=\"menu-item-1007\"><a href=\"#\">\u0627\u0644\u0645\u0633\u0624\u0648\u0644\u064a\u0629 \u0627\u0644\u0628\u064a\u0626\u064a\u0629<\/a><\/li><li id=\"menu-item-1008\"><a href=\"#\">\u0645\u0628\u0627\u062f\u0626\u0646\u0627 \u0648\u0642\u064a\u0645\u0646\u0627<\/a><\/li><\/ul>\n\t\t\t<\/nav>","protected":false},"excerpt":{"rendered":"<p>Hakk\u0131m\u0131zda Ada Food olarak, g\u0131da \u00fcretimi ve ihracat\u0131nda \u00fcst\u00fcn kaliteyi ve g\u00fcveni \u00f6n planda tutarak, sekt\u00f6rdeki liderli\u011fimizi s\u00fcrd\u00fcrmekteyiz. 1993 y\u0131l\u0131nda [&hellip;]<\/p>","protected":false},"author":1,"featured_media":0,"parent":0,"menu_order":0,"comment_status":"closed","ping_status":"open","template":"","meta":{"inline_featured_image":false,"site-sidebar-layout":"default","site-content-layout":"page-builder","ast-site-content-layout":"full-width-container","site-content-style":"default","site-sidebar-style":"default","ast-global-header-display":"","ast-banner-title-visibility":"","ast-main-header-display":"","ast-hfb-above-header-display":"","ast-hfb-below-header-display":"","ast-hfb-mobile-header-display":"","site-post-title":"disabled","ast-breadcrumbs-content":"","ast-featured-img":"disabled","footer-sml-layout":"","theme-transparent-header-meta":"default","adv-header-id-meta":"","stick-header-meta":"default","header-above-stick-meta":"","header-main-stick-meta":"","header-below-stick-meta":"","astra-migrate-meta-layouts":"set","ast-page-background-enabled":"default","ast-page-background-meta":{"desktop":{"background-color":"var(--ast-global-color-4)","background-image":"","background-repeat":"repeat","background-position":"center center","background-size":"auto","background-attachment":"scroll","background-type":"","background-media":"","overlay-type":"","overlay-color":"","overlay-opacity":"","overlay-gradient":""},"tablet":{"background-color":"","background-image":"","background-repeat":"repeat","background-position":"center center","background-size":"auto","background-attachment":"scroll","background-type":"","background-media":"","overlay-type":"","overlay-color":"","overlay-opacity":"","overlay-gradient":""},"mobile":{"background-color":"","background-image":"","background-repeat":"repeat","background-position":"center center","background-size":"auto","background-attachment":"scroll","background-type":"","background-media":"","overlay-type":"","overlay-color":"","overlay-opacity":"","overlay-gradient":""}},"ast-content-background-meta":{"desktop":{"background-color":"var(--ast-global-color-5)","background-image":"","background-repeat":"repeat","background-position":"center center","background-size":"auto","background-attachment":"scroll","background-type":"","background-media":"","overlay-type":"","overlay-color":"","overlay-opacity":"","overlay-gradient":""},"tablet":{"background-color":"var(--ast-global-color-5)","background-image":"","background-repeat":"repeat","background-position":"center center","background-size":"auto","background-attachment":"scroll","background-type":"","background-media":"","overlay-type":"","overlay-color":"","overlay-opacity":"","overlay-gradient":""},"mobile":{"background-color":"var(--ast-global-color-5)","background-image":"","background-repeat":"repeat","background-position":"center center","background-size":"auto","background-attachment":"scroll","background-type":"","background-media":"","overlay-type":"","overlay-color":"","overlay-opacity":"","overlay-gradient":""}},"_joinchat":[],"footnotes":""},"class_list":["post-470","page","type-page","status-publish","hentry"],"acf":[],"_links":{"self":[{"href":"https:\/\/adafood.com.tr\/ar\/wp-json\/wp\/v2\/pages\/470","targetHints":{"allow":["GET"]}}],"collection":[{"href":"https:\/\/adafood.com.tr\/ar\/wp-json\/wp\/v2\/pages"}],"about":[{"href":"https:\/\/adafood.com.tr\/ar\/wp-json\/wp\/v2\/types\/page"}],"author":[{"embeddable":true,"href":"https:\/\/adafood.com.tr\/ar\/wp-json\/wp\/v2\/users\/1"}],"replies":[{"embeddable":true,"href":"https:\/\/adafood.com.tr\/ar\/wp-json\/wp\/v2\/comments?post=470"}],"version-history":[{"count":3,"href":"https:\/\/adafood.com.tr\/ar\/wp-json\/wp\/v2\/pages\/470\/revisions"}],"predecessor-version":[{"id":1010,"href":"https:\/\/adafood.com.tr\/ar\/wp-json\/wp\/v2\/pages\/470\/revisions\/1010"}],"wp:attachment":[{"href":"https:\/\/adafood.com.tr\/ar\/wp-json\/wp\/v2\/media?parent=470"}],"curies":[{"name":"wp","href":"https:\/\/api.w.org\/{rel}","templated":true}]}}