{"id":476,"date":"2024-11-14T12:30:27","date_gmt":"2024-11-14T12:30:27","guid":{"rendered":"https:\/\/adafood.com.tr\/?page_id=476"},"modified":"2025-12-28T01:24:08","modified_gmt":"2025-12-28T01:24:08","slug":"bizden-haberler","status":"publish","type":"page","link":"https:\/\/adafood.com.tr\/ar\/basin-odasi\/bizden-haberler\/","title":{"rendered":"\u0623\u062e\u0628\u0627\u0631 \u0645\u0646\u0627"},"content":{"rendered":"<div class=\"ast-breadcrumbs-wrapper\">\n\t\t\t<div class=\"ast-breadcrumbs-inner\"><nav role=\"navigation\" aria-label=\"Breadcrumbs\" class=\"breadcrumb-trail breadcrumbs\" ><div class=\"ast-breadcrumbs\"><ul class=\"trail-items\" ><li  class=\"trail-item trail-end\"><span><a href=\"https:\/\/adafood.com.tr\/ar\/\" rel=\"home\"><span >\u0627\u0644\u0631\u0626\u064a\u0633\u064a\u0629<\/span><\/a><\/span><\/li><\/ul><\/div><\/nav><\/div>\n\t\t<\/div>\n\t<meta itemscope itemprop=\"mainEntityOfPage\" itemtype=\"https:\/\/schema.org\/WebPage\" itemid=\"http:\/\/1049\" content=\"Gaziantep'in Y\u00fckselen G\u00fcc\u00fc: Ada Food\" \/><meta itemprop=\"datePublished\" content=\"2025-01-03\" \/><meta itemprop=\"dateModified\" content=\"2025-01-03\" \/><meta itemprop=\"name\" content=\"Ada Food\"\/><meta itemprop=\"url\" content=\"https:\/\/adafood.com.tr\/wp-content\/uploads\/2024\/11\/Ada-Logo.png\"\/><meta itemprop=\"url\" content=\"https:\/\/adafood.com.tr\/tr\/author\/erkam\/\" \/><meta itemprop=\"name\" content=\"erkam\" \/><meta itemprop=\"url\" content=\"https:\/\/adafood.com.tr\/wp-content\/uploads\/2025\/01\/WhatsApp-Image-2024-12-29-at-13.01.50.webp\" \/><meta itemprop=\"width\" content=\"1162\" \/><meta itemprop=\"height\" content=\"1536\" \/><meta itemprop=\"interactionType\" content=\"https:\/\/schema.org\/CommentAction\" \/><meta itemprop=\"userInteractionCount\" content=\"0\" \/>\n    \t<a href='https:\/\/adafood.com.tr\/ar\/blog\/gaziantepin-yukselen-gucu-ada-food\/' title='Gaziantep'in y\u00fckselen g\u00fcc\u00fc: ada food'><img width=\"775\" height=\"1024\" src=\"https:\/\/adafood.com.tr\/wp-content\/uploads\/2025\/01\/WhatsApp-Image-2024-12-29-at-13.01.50-775x1024.webp\" alt=\"\" itemprop=\"image\" decoding=\"async\" loading=\"lazy\" srcset=\"https:\/\/adafood.com.tr\/wp-content\/uploads\/2025\/01\/WhatsApp-Image-2024-12-29-at-13.01.50-775x1024.webp 775w, https:\/\/adafood.com.tr\/wp-content\/uploads\/2025\/01\/WhatsApp-Image-2024-12-29-at-13.01.50-227x300.webp 227w, https:\/\/adafood.com.tr\/wp-content\/uploads\/2025\/01\/WhatsApp-Image-2024-12-29-at-13.01.50-768x1015.webp 768w, https:\/\/adafood.com.tr\/wp-content\/uploads\/2025\/01\/WhatsApp-Image-2024-12-29-at-13.01.50-9x12.webp 9w, https:\/\/adafood.com.tr\/wp-content\/uploads\/2025\/01\/WhatsApp-Image-2024-12-29-at-13.01.50.webp 1162w\" sizes=\"auto, (max-width: 775px) 100vw, 775px\" \/><\/a>\n    <h3><a href='https:\/\/adafood.com.tr\/ar\/blog\/gaziantepin-yukselen-gucu-ada-food\/' title='Gaziantep'in y\u00fckselen g\u00fcc\u00fc: ada food'>Gaziantep&#8217;in Y\u00fckselen G\u00fcc\u00fc: Ada Food<\/a><\/h3>\n    Gaziantep merkezli Ada Food G\u0131da Sanayi, ihracat ve d\u0131\u015f ticaret sekt\u00f6r\u00fcndeki ba\u015far\u0131s\u0131yla T\u00fcrkiye&#8217;nin global pazardaki g\u00fc\u00e7l\u00fc temsilcilerinden biri olmaya devam ediyor.\n<a href=\"\/ar\/\"\"\/\">\u0625\u0642\u0631\u0623 \u0627\u0644\u0645\u0632\u064a\u062f\n<\/a>\n\t\t<!-- .pp-content-posts -->","protected":false},"excerpt":{"rendered":"<p>Gaziantep&#8217;in Y\u00fckselen G\u00fcc\u00fc: Ada Food Gaziantep merkezli Ada Food G\u0131da Sanayi, ihracat ve d\u0131\u015f ticaret sekt\u00f6r\u00fcndeki ba\u015far\u0131s\u0131yla T\u00fcrkiye&#8217;nin global pazardaki [&hellip;]<\/p>","protected":false},"author":1,"featured_media":0,"parent":952,"menu_order":0,"comment_status":"closed","ping_status":"open","template":"","meta":{"inline_featured_image":false,"site-sidebar-layout":"default","site-content-layout":"page-builder","ast-site-content-layout":"full-width-container","site-content-style":"default","site-sidebar-style":"default","ast-global-header-display":"","ast-banner-title-visibility":"","ast-main-header-display":"","ast-hfb-above-header-display":"","ast-hfb-below-header-display":"","ast-hfb-mobile-header-display":"","site-post-title":"disabled","ast-breadcrumbs-content":"","ast-featured-img":"disabled","footer-sml-layout":"","theme-transparent-header-meta":"default","adv-header-id-meta":"","stick-header-meta":"default","header-above-stick-meta":"","header-main-stick-meta":"","header-below-stick-meta":"","astra-migrate-meta-layouts":"set","ast-page-background-enabled":"default","ast-page-background-meta":{"desktop":{"background-color":"var(--ast-global-color-4)","background-image":"","background-repeat":"repeat","background-position":"center center","background-size":"auto","background-attachment":"scroll","background-type":"","background-media":"","overlay-type":"","overlay-color":"","overlay-opacity":"","overlay-gradient":""},"tablet":{"background-color":"","background-image":"","background-repeat":"repeat","background-position":"center center","background-size":"auto","background-attachment":"scroll","background-type":"","background-media":"","overlay-type":"","overlay-color":"","overlay-opacity":"","overlay-gradient":""},"mobile":{"background-color":"","background-image":"","background-repeat":"repeat","background-position":"center center","background-size":"auto","background-attachment":"scroll","background-type":"","background-media":"","overlay-type":"","overlay-color":"","overlay-opacity":"","overlay-gradient":""}},"ast-content-background-meta":{"desktop":{"background-color":"var(--ast-global-color-5)","background-image":"","background-repeat":"repeat","background-position":"center center","background-size":"auto","background-attachment":"scroll","background-type":"","background-media":"","overlay-type":"","overlay-color":"","overlay-opacity":"","overlay-gradient":""},"tablet":{"background-color":"var(--ast-global-color-5)","background-image":"","background-repeat":"repeat","background-position":"center center","background-size":"auto","background-attachment":"scroll","background-type":"","background-media":"","overlay-type":"","overlay-color":"","overlay-opacity":"","overlay-gradient":""},"mobile":{"background-color":"var(--ast-global-color-5)","background-image":"","background-repeat":"repeat","background-position":"center center","background-size":"auto","background-attachment":"scroll","background-type":"","background-media":"","overlay-type":"","overlay-color":"","overlay-opacity":"","overlay-gradient":""}},"_joinchat":[],"footnotes":""},"class_list":["post-476","page","type-page","status-publish","hentry"],"acf":[],"_links":{"self":[{"href":"https:\/\/adafood.com.tr\/ar\/wp-json\/wp\/v2\/pages\/476","targetHints":{"allow":["GET"]}}],"collection":[{"href":"https:\/\/adafood.com.tr\/ar\/wp-json\/wp\/v2\/pages"}],"about":[{"href":"https:\/\/adafood.com.tr\/ar\/wp-json\/wp\/v2\/types\/page"}],"author":[{"embeddable":true,"href":"https:\/\/adafood.com.tr\/ar\/wp-json\/wp\/v2\/users\/1"}],"replies":[{"embeddable":true,"href":"https:\/\/adafood.com.tr\/ar\/wp-json\/wp\/v2\/comments?post=476"}],"version-history":[{"count":5,"href":"https:\/\/adafood.com.tr\/ar\/wp-json\/wp\/v2\/pages\/476\/revisions"}],"predecessor-version":[{"id":1590,"href":"https:\/\/adafood.com.tr\/ar\/wp-json\/wp\/v2\/pages\/476\/revisions\/1590"}],"up":[{"embeddable":true,"href":"https:\/\/adafood.com.tr\/ar\/wp-json\/wp\/v2\/pages\/952"}],"wp:attachment":[{"href":"https:\/\/adafood.com.tr\/ar\/wp-json\/wp\/v2\/media?parent=476"}],"curies":[{"name":"wp","href":"https:\/\/api.w.org\/{rel}","templated":true}]}}