{"id":478,"date":"2024-11-14T12:30:45","date_gmt":"2024-11-14T12:30:45","guid":{"rendered":"https:\/\/adafood.com.tr\/?page_id=478"},"modified":"2026-02-25T09:58:22","modified_gmt":"2026-02-25T09:58:22","slug":"iletisim","status":"publish","type":"page","link":"https:\/\/adafood.com.tr\/ar\/iletisim\/","title":{"rendered":"\u0627\u0644\u0627\u062a\u0635\u0627\u0644\u0627\u062a"},"content":{"rendered":"<div class=\"ast-breadcrumbs-wrapper\">\n\t\t\t<div class=\"ast-breadcrumbs-inner\"><nav role=\"navigation\" aria-label=\"Breadcrumbs\" class=\"breadcrumb-trail breadcrumbs\" ><div class=\"ast-breadcrumbs\"><ul class=\"trail-items\" ><li  class=\"trail-item trail-end\"><span><a href=\"https:\/\/adafood.com.tr\/ar\/\" rel=\"home\"><span >\u0627\u0644\u0631\u0626\u064a\u0633\u064a\u0629<\/span><\/a><\/span><\/li><\/ul><\/div><\/nav><\/div>\n\t\t<\/div>\n<h2>\n\t\t\u0645\u0639\u0644\u0648\u0645\u0627\u062a \u0627\u0644\u0627\u062a\u0635\u0627\u0644\n\t<\/h2>\n\t<p>2.Organize Sanayi B\u00f6lgesi 83201 Nolu Cadde No:4 <strong>\u015eehitkamil \/ Gaziantep \/ T\u00fcrkiye<\/strong><\/p>\n<p><a href=\"\/ar\/&quot;tel:\/\">\u0641\u0627\u0643\u0633: +90 342 502 1 000 (PBX)<\/a><\/p>\n<p><a href=\"\/ar\/&quot;\/tr\/&quot;\/tr\/&quot;\/tr\/&quot;\/tr\/&quot;mailto:info@adafood.com.tr&quot;\/&quot;\/&quot;\/&quot;\/&quot;\/\">\u0645\u0639\u0644\u0648\u0645\u0629: info@adafood.com.tr<\/a><\/p>\n<p><a href=\"\/ar\/&quot;\/tr\/&quot;\/tr\/&quot;\/tr\/&quot;\/tr\/&quot;mailto:export@adafood.com.tr&quot;\/&quot;\/&quot;\/&quot;\/&quot;\/\">\u0645\u0628\u064a\u0639\u0627\u062a: export@adafood.com.tr<\/a><\/p>\n\t<iframe src=\"https:\/\/www.google.com\/maps\/embed?pb=!1m18!1m12!1m3!1d4028.6612858465005!2d37.43033288302568!3d37.085807874840285!2m3!1f0!2f0!3f0!3m2!1i1024!2i768!4f13.1!3m3!1m2!1s0x1531e55370f1be6b%3A0xbddfd77b7f588b28!2sADA%20FOOD!5e0!3m2!1str!2str!4v1736499345032!5m2!1str!2str\" width=\"100%\" height=\"500\" allowfullscreen=\"\" loading=\"lazy\" referrerpolicy=\"no-referrer-when-downgrade\"><\/iframe>","protected":false},"excerpt":{"rendered":"<p>\u0130leti\u015fim Bilgileri 2.Organize Sanayi B\u00f6lgesi 83201 Nolu Cadde No:4 \u015eehitkamil \/ Gaziantep \/ T\u00fcrkiye Tel: +90 342 502 1 000 [&hellip;]<\/p>","protected":false},"author":1,"featured_media":0,"parent":0,"menu_order":0,"comment_status":"closed","ping_status":"open","template":"","meta":{"inline_featured_image":false,"site-sidebar-layout":"default","site-content-layout":"page-builder","ast-site-content-layout":"full-width-container","site-content-style":"default","site-sidebar-style":"default","ast-global-header-display":"","ast-banner-title-visibility":"","ast-main-header-display":"","ast-hfb-above-header-display":"","ast-hfb-below-header-display":"","ast-hfb-mobile-header-display":"","site-post-title":"disabled","ast-breadcrumbs-content":"","ast-featured-img":"disabled","footer-sml-layout":"","theme-transparent-header-meta":"default","adv-header-id-meta":"","stick-header-meta":"default","header-above-stick-meta":"","header-main-stick-meta":"","header-below-stick-meta":"","astra-migrate-meta-layouts":"set","ast-page-background-enabled":"default","ast-page-background-meta":{"desktop":{"background-color":"var(--ast-global-color-4)","background-image":"","background-repeat":"repeat","background-position":"center center","background-size":"auto","background-attachment":"scroll","background-type":"","background-media":"","overlay-type":"","overlay-color":"","overlay-opacity":"","overlay-gradient":""},"tablet":{"background-color":"","background-image":"","background-repeat":"repeat","background-position":"center center","background-size":"auto","background-attachment":"scroll","background-type":"","background-media":"","overlay-type":"","overlay-color":"","overlay-opacity":"","overlay-gradient":""},"mobile":{"background-color":"","background-image":"","background-repeat":"repeat","background-position":"center center","background-size":"auto","background-attachment":"scroll","background-type":"","background-media":"","overlay-type":"","overlay-color":"","overlay-opacity":"","overlay-gradient":""}},"ast-content-background-meta":{"desktop":{"background-color":"var(--ast-global-color-5)","background-image":"","background-repeat":"repeat","background-position":"center center","background-size":"auto","background-attachment":"scroll","background-type":"","background-media":"","overlay-type":"","overlay-color":"","overlay-opacity":"","overlay-gradient":""},"tablet":{"background-color":"var(--ast-global-color-5)","background-image":"","background-repeat":"repeat","background-position":"center center","background-size":"auto","background-attachment":"scroll","background-type":"","background-media":"","overlay-type":"","overlay-color":"","overlay-opacity":"","overlay-gradient":""},"mobile":{"background-color":"var(--ast-global-color-5)","background-image":"","background-repeat":"repeat","background-position":"center center","background-size":"auto","background-attachment":"scroll","background-type":"","background-media":"","overlay-type":"","overlay-color":"","overlay-opacity":"","overlay-gradient":""}},"_joinchat":[],"footnotes":""},"class_list":["post-478","page","type-page","status-publish","hentry"],"acf":[],"_links":{"self":[{"href":"https:\/\/adafood.com.tr\/ar\/wp-json\/wp\/v2\/pages\/478","targetHints":{"allow":["GET"]}}],"collection":[{"href":"https:\/\/adafood.com.tr\/ar\/wp-json\/wp\/v2\/pages"}],"about":[{"href":"https:\/\/adafood.com.tr\/ar\/wp-json\/wp\/v2\/types\/page"}],"author":[{"embeddable":true,"href":"https:\/\/adafood.com.tr\/ar\/wp-json\/wp\/v2\/users\/1"}],"replies":[{"embeddable":true,"href":"https:\/\/adafood.com.tr\/ar\/wp-json\/wp\/v2\/comments?post=478"}],"version-history":[{"count":12,"href":"https:\/\/adafood.com.tr\/ar\/wp-json\/wp\/v2\/pages\/478\/revisions"}],"predecessor-version":[{"id":1644,"href":"https:\/\/adafood.com.tr\/ar\/wp-json\/wp\/v2\/pages\/478\/revisions\/1644"}],"wp:attachment":[{"href":"https:\/\/adafood.com.tr\/ar\/wp-json\/wp\/v2\/media?parent=478"}],"curies":[{"name":"wp","href":"https:\/\/api.w.org\/{rel}","templated":true}]}}