{"id":968,"date":"2024-12-08T19:13:23","date_gmt":"2024-12-08T19:13:23","guid":{"rendered":"https:\/\/adafood.com.tr\/?page_id=968"},"modified":"2025-01-03T12:15:15","modified_gmt":"2025-01-03T12:15:15","slug":"insan-kaynaklari","status":"publish","type":"page","link":"https:\/\/adafood.com.tr\/ar\/insan-kaynaklari\/","title":{"rendered":"\u0627\u0644\u0645\u0648\u0627\u0631\u062f \u0627\u0644\u0628\u0634\u0631\u064a\u0629"},"content":{"rendered":"<div class=\"ast-breadcrumbs-wrapper\">\n\t\t\t<div class=\"ast-breadcrumbs-inner\"><nav role=\"navigation\" aria-label=\"Breadcrumbs\" class=\"breadcrumb-trail breadcrumbs\" ><div class=\"ast-breadcrumbs\"><ul class=\"trail-items\" ><li  class=\"trail-item trail-end\"><span><a href=\"https:\/\/adafood.com.tr\/ar\/\" rel=\"home\"><span >\u0627\u0644\u0631\u0626\u064a\u0633\u064a\u0629<\/span><\/a><\/span><\/li><\/ul><\/div><\/nav><\/div>\n\t\t<\/div>\n\t<p><strong>\u0648\u0627\u0644\u0647\u062f\u0641 \u0645\u0646 \u0630\u0644\u0643 \u0647\u0648 \u0632\u064a\u0627\u062f\u0629 \u0627\u0644\u0645\u0639\u0631\u0641\u0629 \u0648\u0627\u0644\u0645\u0647\u0627\u0631\u0627\u062a \u0627\u0644\u0633\u0644\u0648\u0643\u064a\u0629 \u0648\u0627\u0644\u0645\u0647\u0646\u064a\u0629 \u0644\u0644\u0645\u0648\u0638\u0641\u064a\u0646 \u0645\u0639 \u0641\u0631\u0635 \u0627\u0644\u062a\u0637\u0648\u064a\u0631 \u0627\u0644\u0645\u0642\u062f\u0645\u0629 \u060c \u0644\u062a\u0648\u062c\u064a\u0647 \u0627\u0644\u0627\u062a\u0647\u0627\u0645 \u0639\u0644\u0649 \u0623\u0633\u0627\u0633 \u0627\u0644\u0623\u062f\u0627\u0621 \u060c \u0644\u0632\u064a\u0627\u062f\u0629 \u0643\u0641\u0627\u0621\u0629 \u0639\u0645\u0644\u0647\u0645 \u0628\u0627\u0633\u062a\u0645\u0631\u0627\u0631 \u0648\u062a\u0648\u0641\u064a\u0631 \u0641\u0631\u0635 \u0648\u0638\u064a\u0641\u064a\u0629 \u0645\u0646 \u0623\u062c\u0644 \u062a\u0648\u0641\u064a\u0631 \u0645\u0646\u062a\u062c\u0627\u062a \u0648\u062e\u062f\u0645\u0627\u062a \u0639\u0627\u0644\u064a\u0629 \u0627\u0644\u062c\u0648\u062f\u0629 \u0644\u0644\u0639\u0645\u0644\u0627\u0621.<\/strong><\/p>\n<p><strong>\u0623\u062f\u0627 \u0627\u0644\u063a\u0630\u0627\u0621 \u0635\u0646\u0627\u0639\u0629 \u0627\u0644\u0623\u063a\u0630\u064a\u0629 \u0633\u064a\u0627\u0633\u0627\u062a \u0627\u0644\u0645\u0648\u0627\u0631\u062f \u0627\u0644\u0628\u0634\u0631\u064a\u0629<\/strong><\/p>\n<ul>\n<li>Entegre insan kaynaklar\u0131 uygulamalar\u0131 ile sekt\u00f6rde, T\u00fcrkiye&#8217;de ve D\u00fcnya&#8217;da \u00f6nc\u00fc olmak.<\/li>\n<li>\u0625\u0646\u0634\u0627\u0621 \u0642\u0648\u0629 \u0639\u0627\u0645\u0644\u0629 \u0645\u0624\u0647\u0644\u0629 \u0648\u0645\u062a\u062d\u0645\u0633\u0629 \u0648\u0645\u0644\u062a\u0632\u0645\u0629 \u0645\u0646 \u062e\u0644\u0627\u0644 \u062e\u0644\u0642 \u062b\u0642\u0627\u0641\u0629 \u0623\u062f\u0627\u0621 \u0639\u0627\u0644\u064a\u0629 \u0648\u0632\u064a\u0627\u062f\u0629 \u0625\u0646\u062a\u0627\u062c\u064a\u0629 \u0627\u0644\u0645\u0648\u0638\u0641\u064a\u0646<\/li>\n<li>\u0644\u0632\u064a\u0627\u062f\u0629 \u0627\u0644\u0643\u0641\u0627\u0621\u0629 \u0627\u0644\u062a\u0646\u0638\u064a\u0645\u064a\u0629.<\/li>\n<li>\u0644\u062a\u0648\u062c\u064a\u0647 \u0645\u0648\u0638\u0641\u064a\u0646\u0627 \u0646\u062d\u0648 \u0627\u0644\u0646\u062c\u0627\u062d \u0627\u0644\u0645\u0633\u062a\u0645\u0631 \u0645\u0646 \u062e\u0644\u0627\u0644 \u062a\u0637\u0648\u064a\u0631\u0647\u0627 \u0645\u0639 \u0641\u0631\u0635 \u0627\u0644\u0634\u0631\u0643\u0627\u062a \u0648\u0627\u0644\u0641\u0648\u0627\u0626\u062f.<\/li>\n<li>\u062a\u0648\u0641\u064a\u0631 \u0628\u064a\u0626\u0629 \u0639\u0645\u0644 \u0635\u062d\u064a\u0629 \u0648\u0622\u0645\u0646\u0629 \u0648\u0633\u0644\u0645\u064a\u0629 \u0645\u0646 \u062d\u064a\u062b \u0635\u062d\u0629 \u0648\u0633\u0644\u0627\u0645\u0629 \u0627\u0644\u0645\u0648\u0638\u0641\u064a\u0646.<\/li>\n<li>\u0644\u062d\u0645\u0627\u064a\u0629 \u0648\u062a\u062d\u0633\u064a\u0646 \u062c\u0645\u064a\u0639 \u0627\u0644\u062d\u0642\u0648\u0642 \u0627\u0644\u0634\u062e\u0635\u064a\u0629 \u0644\u0644\u0645\u0648\u0638\u0641\u064a\u0646.<\/li>\n<li>\u0644\u062a\u0639\u0632\u064a\u0632 \u0627\u0644\u0634\u0639\u0648\u0631 \u0628\u0627\u0644\u0627\u0646\u062a\u0645\u0627\u0621.<\/li>\n<li>\u0627\u0644\u062d\u0633\u0627\u0633\u064a\u0629 \u0644\u0644\u0645\u0633\u0627\u0648\u0627\u0629 \u0641\u064a \u0627\u0644\u062d\u0642\u0648\u0642 \u0648\u0627\u062d\u062a\u0631\u0627\u0645 \u0627\u0644\u0641\u0631\u0648\u0642 \u0627\u0644\u0641\u0631\u062f\u064a\u0629.<\/li>\n<li>\u062a\u0628\u0646\u064a \u0641\u0647\u0645 \u0644\u0644\u0639\u0645\u0644 \u0645\u0639 \u0627\u062d\u062a\u0631\u0627\u0645 \u0627\u0644\u0628\u064a\u0626\u0629 \u0645\u0639 \u0625\u062f\u0631\u0627\u0643 \u0627\u0644\u0645\u0633\u0624\u0648\u0644\u064a\u0629 \u0627\u0644\u0627\u062c\u062a\u0645\u0627\u0639\u064a\u0629.<\/li>\n<li>Personelin sosyal ve k\u00fclt\u00fcrel gereksinimlerini kar\u015f\u0131layarak &#8220;Kurum K\u00fclt\u00fcr\u00fc ve Bilinci&#8221; nin olu\u015fmas\u0131n\u0131 sa\u011flamak,<\/li>\n<\/ul>","protected":false},"excerpt":{"rendered":"<p>Ama\u00e7, m\u00fc\u015fterilere kaliteli \u00fcr\u00fcn ve hizmetler sunabilmek i\u00e7in \u00e7al\u0131\u015fanlar\u0131n gerek davran\u0131\u015fsal, gerekse mesleki bilgi ve becerilerini sundu\u011fu geli\u015fim olanaklar\u0131 ile [&hellip;]<\/p>","protected":false},"author":1,"featured_media":0,"parent":0,"menu_order":0,"comment_status":"closed","ping_status":"open","template":"","meta":{"inline_featured_image":false,"site-sidebar-layout":"default","site-content-layout":"page-builder","ast-site-content-layout":"full-width-container","site-content-style":"default","site-sidebar-style":"default","ast-global-header-display":"","ast-banner-title-visibility":"","ast-main-header-display":"","ast-hfb-above-header-display":"","ast-hfb-below-header-display":"","ast-hfb-mobile-header-display":"","site-post-title":"disabled","ast-breadcrumbs-content":"","ast-featured-img":"disabled","footer-sml-layout":"","theme-transparent-header-meta":"default","adv-header-id-meta":"","stick-header-meta":"default","header-above-stick-meta":"","header-main-stick-meta":"","header-below-stick-meta":"","astra-migrate-meta-layouts":"set","ast-page-background-enabled":"default","ast-page-background-meta":{"desktop":{"background-color":"var(--ast-global-color-4)","background-image":"","background-repeat":"repeat","background-position":"center center","background-size":"auto","background-attachment":"scroll","background-type":"","background-media":"","overlay-type":"","overlay-color":"","overlay-opacity":"","overlay-gradient":""},"tablet":{"background-color":"","background-image":"","background-repeat":"repeat","background-position":"center center","background-size":"auto","background-attachment":"scroll","background-type":"","background-media":"","overlay-type":"","overlay-color":"","overlay-opacity":"","overlay-gradient":""},"mobile":{"background-color":"","background-image":"","background-repeat":"repeat","background-position":"center center","background-size":"auto","background-attachment":"scroll","background-type":"","background-media":"","overlay-type":"","overlay-color":"","overlay-opacity":"","overlay-gradient":""}},"ast-content-background-meta":{"desktop":{"background-color":"var(--ast-global-color-5)","background-image":"","background-repeat":"repeat","background-position":"center center","background-size":"auto","background-attachment":"scroll","background-type":"","background-media":"","overlay-type":"","overlay-color":"","overlay-opacity":"","overlay-gradient":""},"tablet":{"background-color":"var(--ast-global-color-5)","background-image":"","background-repeat":"repeat","background-position":"center center","background-size":"auto","background-attachment":"scroll","background-type":"","background-media":"","overlay-type":"","overlay-color":"","overlay-opacity":"","overlay-gradient":""},"mobile":{"background-color":"var(--ast-global-color-5)","background-image":"","background-repeat":"repeat","background-position":"center center","background-size":"auto","background-attachment":"scroll","background-type":"","background-media":"","overlay-type":"","overlay-color":"","overlay-opacity":"","overlay-gradient":""}},"_joinchat":[],"footnotes":""},"class_list":["post-968","page","type-page","status-publish","hentry"],"acf":[],"_links":{"self":[{"href":"https:\/\/adafood.com.tr\/ar\/wp-json\/wp\/v2\/pages\/968","targetHints":{"allow":["GET"]}}],"collection":[{"href":"https:\/\/adafood.com.tr\/ar\/wp-json\/wp\/v2\/pages"}],"about":[{"href":"https:\/\/adafood.com.tr\/ar\/wp-json\/wp\/v2\/types\/page"}],"author":[{"embeddable":true,"href":"https:\/\/adafood.com.tr\/ar\/wp-json\/wp\/v2\/users\/1"}],"replies":[{"embeddable":true,"href":"https:\/\/adafood.com.tr\/ar\/wp-json\/wp\/v2\/comments?post=968"}],"version-history":[{"count":3,"href":"https:\/\/adafood.com.tr\/ar\/wp-json\/wp\/v2\/pages\/968\/revisions"}],"predecessor-version":[{"id":1048,"href":"https:\/\/adafood.com.tr\/ar\/wp-json\/wp\/v2\/pages\/968\/revisions\/1048"}],"wp:attachment":[{"href":"https:\/\/adafood.com.tr\/ar\/wp-json\/wp\/v2\/media?parent=968"}],"curies":[{"name":"wp","href":"https:\/\/api.w.org\/{rel}","templated":true}]}}