{"id":1011,"date":"2025-01-03T07:07:37","date_gmt":"2025-01-03T07:07:37","guid":{"rendered":"https:\/\/adafood.com.tr\/?page_id=1011"},"modified":"2025-01-03T07:12:02","modified_gmt":"2025-01-03T07:12:02","slug":"misyon-vizyon","status":"publish","type":"page","link":"https:\/\/adafood.com.tr\/en\/misyon-vizyon\/","title":{"rendered":"Mission &amp; Vision"},"content":{"rendered":"<div class=\"ast-breadcrumbs-wrapper\">\n\t\t\t<div class=\"ast-breadcrumbs-inner\"><nav role=\"navigation\" aria-label=\"Breadcrumbs\" class=\"breadcrumb-trail breadcrumbs\" ><div class=\"ast-breadcrumbs\"><ul class=\"trail-items\" ><li  class=\"trail-item trail-end\"><span><a href=\"https:\/\/adafood.com.tr\/en\/\" rel=\"home\"><span >Home<\/span><\/a><\/span><\/li><\/ul><\/div><\/nav><\/div>\n\t\t<\/div>\r\n<h2>\r\n\t\tMission\r\n\t<\/h2>\r\n\t<p>&#8220;\u00d6nce \u0130nsan&#8221; ve &#8220;Toplumdan Ald\u0131\u011f\u0131n\u0131 B\u00fcy\u00fcterek Toplumla Payla\u015fma&#8221; ilkelerinden hareketle; \u00e7a\u011fda\u015f y\u00f6netim sistemlerini uygulay\u0131p kaliteli mal ve hizmetler \u00fcreterek \u00fclkemizin s\u00fcrd\u00fcr\u00fclebilir kalk\u0131nmas\u0131na katk\u0131da bulunmakt\u0131r.<\/p>\r\n<h2>\r\n\t\tVision\r\n\t<\/h2>\r\n\t<p>&#8220;S\u00fcrekli Geli\u015fme&#8221; ve &#8220;Ya\u015famda Kalite&#8221; prensipleri do\u011frultusunda kurulu\u015fumuzun sekt\u00f6r\u00fcnde \u00d6nc\u00fc, Lider ve Sayg\u0131n birer D\u00fcnya \u015eirketi olmalas\u0131n\u0131 hedefliyoruz.<\/p>\r\n\t<nav aria-label=\"Sidebar Kurumsal\" itemscope=\"itemscope\" itemtype=\"https:\/\/schema.org\/SiteNavigationElement\">\r\n\t\t<ul id=\"menu-sidebar-kurumsal\"><li id=\"menu-item-1002\"><a href=\"https:\/\/adafood.com.tr\/en\/kurumsal\/\">Corporate<\/a><\/li><li id=\"menu-item-1004\"><a href=\"#\">Vizyon &#038; Misyon<\/a><\/li><li id=\"menu-item-1005\"><a href=\"#\">Social Responsibility<\/a><\/li><li id=\"menu-item-1006\"><a href=\"#\">Quality Policy<\/a><\/li><li id=\"menu-item-1007\"><a href=\"#\">Environmental Policy<\/a><\/li><li id=\"menu-item-1008\"><a href=\"#\">Our Principles and Values<\/a><\/li><\/ul>\r\n\t\t\t<\/nav>","protected":false},"excerpt":{"rendered":"<p>Misyon &#8220;\u00d6nce \u0130nsan&#8221; ve &#8220;Toplumdan Ald\u0131\u011f\u0131n\u0131 B\u00fcy\u00fcterek Toplumla Payla\u015fma&#8221; ilkelerinden hareketle; \u00e7a\u011fda\u015f y\u00f6netim sistemlerini uygulay\u0131p kaliteli mal ve hizmetler \u00fcreterek [&hellip;]<\/p>","protected":false},"author":1,"featured_media":0,"parent":0,"menu_order":0,"comment_status":"closed","ping_status":"open","template":"","meta":{"inline_featured_image":false,"site-sidebar-layout":"default","site-content-layout":"page-builder","ast-site-content-layout":"full-width-container","site-content-style":"default","site-sidebar-style":"default","ast-global-header-display":"","ast-banner-title-visibility":"","ast-main-header-display":"","ast-hfb-above-header-display":"","ast-hfb-below-header-display":"","ast-hfb-mobile-header-display":"","site-post-title":"disabled","ast-breadcrumbs-content":"","ast-featured-img":"disabled","footer-sml-layout":"","theme-transparent-header-meta":"default","adv-header-id-meta":"","stick-header-meta":"default","header-above-stick-meta":"","header-main-stick-meta":"","header-below-stick-meta":"","astra-migrate-meta-layouts":"set","ast-page-background-enabled":"default","ast-page-background-meta":{"desktop":{"background-color":"var(--ast-global-color-4)","background-image":"","background-repeat":"repeat","background-position":"center center","background-size":"auto","background-attachment":"scroll","background-type":"","background-media":"","overlay-type":"","overlay-color":"","overlay-opacity":"","overlay-gradient":""},"tablet":{"background-color":"","background-image":"","background-repeat":"repeat","background-position":"center center","background-size":"auto","background-attachment":"scroll","background-type":"","background-media":"","overlay-type":"","overlay-color":"","overlay-opacity":"","overlay-gradient":""},"mobile":{"background-color":"","background-image":"","background-repeat":"repeat","background-position":"center center","background-size":"auto","background-attachment":"scroll","background-type":"","background-media":"","overlay-type":"","overlay-color":"","overlay-opacity":"","overlay-gradient":""}},"ast-content-background-meta":{"desktop":{"background-color":"var(--ast-global-color-5)","background-image":"","background-repeat":"repeat","background-position":"center center","background-size":"auto","background-attachment":"scroll","background-type":"","background-media":"","overlay-type":"","overlay-color":"","overlay-opacity":"","overlay-gradient":""},"tablet":{"background-color":"var(--ast-global-color-5)","background-image":"","background-repeat":"repeat","background-position":"center center","background-size":"auto","background-attachment":"scroll","background-type":"","background-media":"","overlay-type":"","overlay-color":"","overlay-opacity":"","overlay-gradient":""},"mobile":{"background-color":"var(--ast-global-color-5)","background-image":"","background-repeat":"repeat","background-position":"center center","background-size":"auto","background-attachment":"scroll","background-type":"","background-media":"","overlay-type":"","overlay-color":"","overlay-opacity":"","overlay-gradient":""}},"_joinchat":[],"footnotes":""},"class_list":["post-1011","page","type-page","status-publish","hentry"],"acf":[],"_links":{"self":[{"href":"https:\/\/adafood.com.tr\/en\/wp-json\/wp\/v2\/pages\/1011","targetHints":{"allow":["GET"]}}],"collection":[{"href":"https:\/\/adafood.com.tr\/en\/wp-json\/wp\/v2\/pages"}],"about":[{"href":"https:\/\/adafood.com.tr\/en\/wp-json\/wp\/v2\/types\/page"}],"author":[{"embeddable":true,"href":"https:\/\/adafood.com.tr\/en\/wp-json\/wp\/v2\/users\/1"}],"replies":[{"embeddable":true,"href":"https:\/\/adafood.com.tr\/en\/wp-json\/wp\/v2\/comments?post=1011"}],"version-history":[{"count":4,"href":"https:\/\/adafood.com.tr\/en\/wp-json\/wp\/v2\/pages\/1011\/revisions"}],"predecessor-version":[{"id":1020,"href":"https:\/\/adafood.com.tr\/en\/wp-json\/wp\/v2\/pages\/1011\/revisions\/1020"}],"wp:attachment":[{"href":"https:\/\/adafood.com.tr\/en\/wp-json\/wp\/v2\/media?parent=1011"}],"curies":[{"name":"wp","href":"https:\/\/api.w.org\/{rel}","templated":true}]}}