{"id":1013,"date":"2025-01-03T07:18:54","date_gmt":"2025-01-03T07:18:54","guid":{"rendered":"https:\/\/adafood.com.tr\/?page_id=1013"},"modified":"2025-01-20T08:07:25","modified_gmt":"2025-01-20T08:07:25","slug":"kalite-politikasi","status":"publish","type":"page","link":"https:\/\/adafood.com.tr\/en\/kalite-politikasi\/","title":{"rendered":"Quality Policy"},"content":{"rendered":"<div class=\"ast-breadcrumbs-wrapper\">\n\t\t\t<div class=\"ast-breadcrumbs-inner\"><nav role=\"navigation\" aria-label=\"Breadcrumbs\" class=\"breadcrumb-trail breadcrumbs\" ><div class=\"ast-breadcrumbs\"><ul class=\"trail-items\" ><li  class=\"trail-item trail-end\"><span><a href=\"https:\/\/adafood.com.tr\/en\/\" rel=\"home\"><span >Home<\/span><\/a><\/span><\/li><\/ul><\/div><\/nav><\/div>\n\t\t<\/div>\n\t<p>In a world where borders remain meaningless, quality is the only way to create a lasting competitive understanding. For Ada Food, quality is not a destination, it is a journey. The purpose of this journey is to constantly search for the better for our partners, customers, employees, suppliers, environment and society. This will be by adopting total quality management as a lifestyle. Therefore;<\/p>\n<p>\u2022M\u00fc\u015fterilerimizin memnuniyetini ve sadakatini, \u00fcr\u00fcn ve hizmetlerimizin kalitesinin belirleyece\u011fine inan\u0131yoruz. Bu sebeple, \u00fcr\u00fcn ve hizmetlerimizde, y\u00f6netti\u011fimiz t\u00fcm s\u00fcre\u00e7lerimizde s\u00fcrekli iyile\u015ftirme ve geli\u015ftirme faaliyetlerini s\u00fcrd\u00fcrerek &#8220;m\u00fckemmelin&#8221; aray\u0131\u015f\u0131 i\u00e7inde olmal\u0131y\u0131z.<\/p>\n<p>\u2022Our employees are our most important asset. In order to continuously improve the quality, it is essential to ensure the participation, training and satisfaction of all our employees in a sense of family.<\/p>\n<p>* We aim to continuously meet the expectations of our isla yolu employees, our customers to improve our competitive advantage and increase our profitability.<\/p>\n<p>*Quality input is a prerequisite for a quality product. For this reason, we see our suppliers as an integral part of our quality system and as our business partners.<\/p>\n<p>\u2022 We are aware of our responsibility to the environment and society and contribute to their development.<\/p>\n<p>\u2022Kaliteli \u00fcr\u00fcnler kaliteli ortamda \u00fcretilir. Her \u00e7al\u0131\u015fan\u0131m\u0131z ba\u015fta y\u00f6neticilerimiz olmak \u00fczere, i\u015fyeri ortam\u0131n\u0131 &#8220;emniyetli, temiz ve d\u00fczenli&#8221; tutmaktan sorumludur.<\/p>\n<p>The Principles of Our Quality Culture:<\/p>\n<p>*To be sensitive to internal and external customer requirements,<\/p>\n<p>\u2022 Being open and reliable<\/p>\n<p>\u2022 Speaking with data<\/p>\n<p>*To be sensitive to internal and external customer requirements,<\/p>\n<p>\u2022Doing it right at once,<\/p>\n<p>*Owning,<\/p>\n<p>\u2022 Engaging in preventive actions, we express our belief that all members of the Ada Food family will continue their efforts to implement the quality policy by adhering to the above principles. We hope that our Total Quality approach will continue to guide our lives, relationships, and work by being further developed.<\/p>\n\t<nav aria-label=\"Sidebar Kurumsal\" itemscope=\"itemscope\" itemtype=\"https:\/\/schema.org\/SiteNavigationElement\">\n\t\t<ul id=\"menu-sidebar-kurumsal\"><li id=\"menu-item-1002\"><a href=\"https:\/\/adafood.com.tr\/en\/kurumsal\/\">Corporate<\/a><\/li><li id=\"menu-item-1033\"><a href=\"https:\/\/adafood.com.tr\/en\/misyon-vizyon\/\">Mission &amp; Vision<\/a><\/li><li id=\"menu-item-1034\"><a href=\"https:\/\/adafood.com.tr\/en\/sosyal-sorumluluk\/\">Social Responsibility<\/a><\/li><li id=\"menu-item-1030\"><a href=\"https:\/\/adafood.com.tr\/en\/cevre-politikasi\/\">Environmental Policy<\/a><\/li><li id=\"menu-item-1032\"><a href=\"https:\/\/adafood.com.tr\/en\/kalite-politikasi\/\" aria-current=\"page\">Quality Policy<\/a><\/li><li id=\"menu-item-1038\"><a href=\"https:\/\/adafood.com.tr\/en\/ilke-ve-degerlerimiz\/\">Our Principles and Values<\/a><\/li><\/ul>\n\t\t\t<\/nav>","protected":false},"excerpt":{"rendered":"<p>S\u0131n\u0131rlar\u0131n anlams\u0131z kald\u0131\u011f\u0131 bir d\u00fcnyada, kal\u0131c\u0131 rekabet anlay\u0131\u015f\u0131 yaratman\u0131n tek yolu kalitedir. Ada Food i\u00e7in, kalite bir hedef de\u011fil, yolculuktur. [&hellip;]<\/p>","protected":false},"author":1,"featured_media":0,"parent":0,"menu_order":0,"comment_status":"closed","ping_status":"open","template":"","meta":{"inline_featured_image":false,"site-sidebar-layout":"default","site-content-layout":"page-builder","ast-site-content-layout":"full-width-container","site-content-style":"default","site-sidebar-style":"default","ast-global-header-display":"","ast-banner-title-visibility":"","ast-main-header-display":"","ast-hfb-above-header-display":"","ast-hfb-below-header-display":"","ast-hfb-mobile-header-display":"","site-post-title":"disabled","ast-breadcrumbs-content":"","ast-featured-img":"disabled","footer-sml-layout":"","theme-transparent-header-meta":"default","adv-header-id-meta":"","stick-header-meta":"default","header-above-stick-meta":"","header-main-stick-meta":"","header-below-stick-meta":"","astra-migrate-meta-layouts":"set","ast-page-background-enabled":"default","ast-page-background-meta":{"desktop":{"background-color":"var(--ast-global-color-4)","background-image":"","background-repeat":"repeat","background-position":"center center","background-size":"auto","background-attachment":"scroll","background-type":"","background-media":"","overlay-type":"","overlay-color":"","overlay-opacity":"","overlay-gradient":""},"tablet":{"background-color":"","background-image":"","background-repeat":"repeat","background-position":"center center","background-size":"auto","background-attachment":"scroll","background-type":"","background-media":"","overlay-type":"","overlay-color":"","overlay-opacity":"","overlay-gradient":""},"mobile":{"background-color":"","background-image":"","background-repeat":"repeat","background-position":"center center","background-size":"auto","background-attachment":"scroll","background-type":"","background-media":"","overlay-type":"","overlay-color":"","overlay-opacity":"","overlay-gradient":""}},"ast-content-background-meta":{"desktop":{"background-color":"var(--ast-global-color-5)","background-image":"","background-repeat":"repeat","background-position":"center center","background-size":"auto","background-attachment":"scroll","background-type":"","background-media":"","overlay-type":"","overlay-color":"","overlay-opacity":"","overlay-gradient":""},"tablet":{"background-color":"var(--ast-global-color-5)","background-image":"","background-repeat":"repeat","background-position":"center center","background-size":"auto","background-attachment":"scroll","background-type":"","background-media":"","overlay-type":"","overlay-color":"","overlay-opacity":"","overlay-gradient":""},"mobile":{"background-color":"var(--ast-global-color-5)","background-image":"","background-repeat":"repeat","background-position":"center center","background-size":"auto","background-attachment":"scroll","background-type":"","background-media":"","overlay-type":"","overlay-color":"","overlay-opacity":"","overlay-gradient":""}},"_joinchat":[],"footnotes":""},"class_list":["post-1013","page","type-page","status-publish","hentry"],"acf":[],"_links":{"self":[{"href":"https:\/\/adafood.com.tr\/en\/wp-json\/wp\/v2\/pages\/1013","targetHints":{"allow":["GET"]}}],"collection":[{"href":"https:\/\/adafood.com.tr\/en\/wp-json\/wp\/v2\/pages"}],"about":[{"href":"https:\/\/adafood.com.tr\/en\/wp-json\/wp\/v2\/types\/page"}],"author":[{"embeddable":true,"href":"https:\/\/adafood.com.tr\/en\/wp-json\/wp\/v2\/users\/1"}],"replies":[{"embeddable":true,"href":"https:\/\/adafood.com.tr\/en\/wp-json\/wp\/v2\/comments?post=1013"}],"version-history":[{"count":4,"href":"https:\/\/adafood.com.tr\/en\/wp-json\/wp\/v2\/pages\/1013\/revisions"}],"predecessor-version":[{"id":1340,"href":"https:\/\/adafood.com.tr\/en\/wp-json\/wp\/v2\/pages\/1013\/revisions\/1340"}],"wp:attachment":[{"href":"https:\/\/adafood.com.tr\/en\/wp-json\/wp\/v2\/media?parent=1013"}],"curies":[{"name":"wp","href":"https:\/\/api.w.org\/{rel}","templated":true}]}}