{"id":1014,"date":"2025-01-03T07:23:52","date_gmt":"2025-01-03T07:23:52","guid":{"rendered":"https:\/\/adafood.com.tr\/?page_id=1014"},"modified":"2025-01-03T07:26:59","modified_gmt":"2025-01-03T07:26:59","slug":"cevre-politikasi","status":"publish","type":"page","link":"https:\/\/adafood.com.tr\/en\/cevre-politikasi\/","title":{"rendered":"Environmental Policy"},"content":{"rendered":"<div class=\"ast-breadcrumbs-wrapper\">\n\t\t\t<div class=\"ast-breadcrumbs-inner\"><nav role=\"navigation\" aria-label=\"Breadcrumbs\" class=\"breadcrumb-trail breadcrumbs\" ><div class=\"ast-breadcrumbs\"><ul class=\"trail-items\" ><li  class=\"trail-item trail-end\"><span><a href=\"https:\/\/adafood.com.tr\/en\/\" rel=\"home\"><span >Home<\/span><\/a><\/span><\/li><\/ul><\/div><\/nav><\/div>\n\t\t<\/div>\n<h2>\n\t\tEnvironmental Policy\n\t<\/h2>\n\t<p>Ya\u015fad\u0131\u011f\u0131m\u0131z \u00e7evrenin korunmas\u0131n\u0131n ve iyile\u015ftirilmesinin, i\u015fimizin ayr\u0131lmaz bir par\u00e7as\u0131 oldu\u011fu bilincinden hareketle; \u00fcr\u00fcnlerimizin, girdilerimizin ve faaliyetlerimizin kalitesini, \u00e7evreye olan etkilerini en aza indirerek daha da art\u0131rmay\u0131 hedefliyoruz. Temeli &#8220;\u00d6nce \u0130nsan&#8221; olan y\u00f6netim anlay\u0131\u015f\u0131n\u0131 benimseyen Ada Food, \u00e7evrenin korunmas\u0131n\u0131 yasal gerekliliklerin \u00f6tesinde, topluma olan sayg\u0131n\u0131n bir g\u00f6stergesi olarak kabul etmi\u015ftir. Bu nedenle;<\/p>\n<ul>\n<li>To control, reduce and prevent the elements that cause environmental destruction with the idea of not polluting instead of cleaning the environment,<\/li>\n<li>To continuously improve our environmental performance and quality, to contribute to increasing the environmental awareness of our employees, suppliers, customers and society,<\/li>\n<li>To use global resources effectively by following the developing environmental protection systems and techniques,<\/li>\n<li>To reduce waste rates and to follow their evaluation,<\/li>\n<li>To eliminate pollution processes in production sources and<\/li>\n<li>Our goal is to take advantage of raw material sources that do not carry pollution and health risks by taking into account the environmental effects of our products that will create a lifelong hazard at the design stage.<\/li>\n<\/ul>\n<p><strong>Our Environmental Protection Activities<\/strong><\/p>\n<ul>\n<li>Protection of air quality,<\/li>\n<li>Water pollution control,<\/li>\n<li>Waste management,<\/li>\n<li>Environmental management system and<\/li>\n<li>We want to inform the society and make efforts to create a livable environment for all our employees in the Ada Food family.<\/li>\n<\/ul>\n\t<nav aria-label=\"Sidebar Kurumsal\" itemscope=\"itemscope\" itemtype=\"https:\/\/schema.org\/SiteNavigationElement\">\n\t\t<ul id=\"menu-sidebar-kurumsal\"><li id=\"menu-item-1002\"><a href=\"https:\/\/adafood.com.tr\/en\/kurumsal\/\">Corporate<\/a><\/li><li id=\"menu-item-1004\"><a href=\"#\">Vizyon &#038; Misyon<\/a><\/li><li id=\"menu-item-1005\"><a href=\"#\">Social Responsibility<\/a><\/li><li id=\"menu-item-1006\"><a href=\"#\">Quality Policy<\/a><\/li><li id=\"menu-item-1007\"><a href=\"#\">Environmental Policy<\/a><\/li><li id=\"menu-item-1008\"><a href=\"#\">Our Principles and Values<\/a><\/li><\/ul>\n\t\t\t<\/nav>","protected":false},"excerpt":{"rendered":"<p>\u00c7evre Politikas\u0131 Ya\u015fad\u0131\u011f\u0131m\u0131z \u00e7evrenin korunmas\u0131n\u0131n ve iyile\u015ftirilmesinin, i\u015fimizin ayr\u0131lmaz bir par\u00e7as\u0131 oldu\u011fu bilincinden hareketle; \u00fcr\u00fcnlerimizin, girdilerimizin ve faaliyetlerimizin kalitesini, \u00e7evreye [&hellip;]<\/p>","protected":false},"author":1,"featured_media":0,"parent":0,"menu_order":0,"comment_status":"closed","ping_status":"open","template":"","meta":{"inline_featured_image":false,"site-sidebar-layout":"default","site-content-layout":"page-builder","ast-site-content-layout":"full-width-container","site-content-style":"default","site-sidebar-style":"default","ast-global-header-display":"","ast-banner-title-visibility":"","ast-main-header-display":"","ast-hfb-above-header-display":"","ast-hfb-below-header-display":"","ast-hfb-mobile-header-display":"","site-post-title":"disabled","ast-breadcrumbs-content":"","ast-featured-img":"disabled","footer-sml-layout":"","theme-transparent-header-meta":"default","adv-header-id-meta":"","stick-header-meta":"default","header-above-stick-meta":"","header-main-stick-meta":"","header-below-stick-meta":"","astra-migrate-meta-layouts":"set","ast-page-background-enabled":"default","ast-page-background-meta":{"desktop":{"background-color":"var(--ast-global-color-4)","background-image":"","background-repeat":"repeat","background-position":"center center","background-size":"auto","background-attachment":"scroll","background-type":"","background-media":"","overlay-type":"","overlay-color":"","overlay-opacity":"","overlay-gradient":""},"tablet":{"background-color":"","background-image":"","background-repeat":"repeat","background-position":"center center","background-size":"auto","background-attachment":"scroll","background-type":"","background-media":"","overlay-type":"","overlay-color":"","overlay-opacity":"","overlay-gradient":""},"mobile":{"background-color":"","background-image":"","background-repeat":"repeat","background-position":"center center","background-size":"auto","background-attachment":"scroll","background-type":"","background-media":"","overlay-type":"","overlay-color":"","overlay-opacity":"","overlay-gradient":""}},"ast-content-background-meta":{"desktop":{"background-color":"var(--ast-global-color-5)","background-image":"","background-repeat":"repeat","background-position":"center center","background-size":"auto","background-attachment":"scroll","background-type":"","background-media":"","overlay-type":"","overlay-color":"","overlay-opacity":"","overlay-gradient":""},"tablet":{"background-color":"var(--ast-global-color-5)","background-image":"","background-repeat":"repeat","background-position":"center center","background-size":"auto","background-attachment":"scroll","background-type":"","background-media":"","overlay-type":"","overlay-color":"","overlay-opacity":"","overlay-gradient":""},"mobile":{"background-color":"var(--ast-global-color-5)","background-image":"","background-repeat":"repeat","background-position":"center center","background-size":"auto","background-attachment":"scroll","background-type":"","background-media":"","overlay-type":"","overlay-color":"","overlay-opacity":"","overlay-gradient":""}},"_joinchat":[],"footnotes":""},"class_list":["post-1014","page","type-page","status-publish","hentry"],"acf":[],"_links":{"self":[{"href":"https:\/\/adafood.com.tr\/en\/wp-json\/wp\/v2\/pages\/1014","targetHints":{"allow":["GET"]}}],"collection":[{"href":"https:\/\/adafood.com.tr\/en\/wp-json\/wp\/v2\/pages"}],"about":[{"href":"https:\/\/adafood.com.tr\/en\/wp-json\/wp\/v2\/types\/page"}],"author":[{"embeddable":true,"href":"https:\/\/adafood.com.tr\/en\/wp-json\/wp\/v2\/users\/1"}],"replies":[{"embeddable":true,"href":"https:\/\/adafood.com.tr\/en\/wp-json\/wp\/v2\/comments?post=1014"}],"version-history":[{"count":2,"href":"https:\/\/adafood.com.tr\/en\/wp-json\/wp\/v2\/pages\/1014\/revisions"}],"predecessor-version":[{"id":1029,"href":"https:\/\/adafood.com.tr\/en\/wp-json\/wp\/v2\/pages\/1014\/revisions\/1029"}],"wp:attachment":[{"href":"https:\/\/adafood.com.tr\/en\/wp-json\/wp\/v2\/media?parent=1014"}],"curies":[{"name":"wp","href":"https:\/\/api.w.org\/{rel}","templated":true}]}}