{"id":1015,"date":"2025-01-03T08:10:47","date_gmt":"2025-01-03T08:10:47","guid":{"rendered":"https:\/\/adafood.com.tr\/?page_id=1015"},"modified":"2025-01-03T08:14:25","modified_gmt":"2025-01-03T08:14:25","slug":"ilke-ve-degerlerimiz","status":"publish","type":"page","link":"https:\/\/adafood.com.tr\/en\/ilke-ve-degerlerimiz\/","title":{"rendered":"Our Principles and Values"},"content":{"rendered":"<div class=\"ast-breadcrumbs-wrapper\">\n\t\t\t<div class=\"ast-breadcrumbs-inner\"><nav role=\"navigation\" aria-label=\"Breadcrumbs\" class=\"breadcrumb-trail breadcrumbs\" ><div class=\"ast-breadcrumbs\"><ul class=\"trail-items\" ><li  class=\"trail-item trail-end\"><span><a href=\"https:\/\/adafood.com.tr\/en\/\" rel=\"home\"><span >Home<\/span><\/a><\/span><\/li><\/ul><\/div><\/nav><\/div>\n\t\t<\/div>\n\t<p><strong>ADA FOOD FOOD INDUSTRY ETHICAL PRINCIPLES AND VALUES<\/strong><\/p>\n<p><strong>\u00a0<\/strong>Ada Food olarak grubumuzun kurulu\u015fundan itibaren sahiplendi\u011fimiz &#8220;g\u00fcven&#8221; ve &#8220;d\u00fcr\u00fcstl\u00fck&#8221;, vazge\u00e7meyece\u011fimiz ilkelerimizdir.<\/p>\n<p>We are committed to using our resources and assets efficiently for our sustainable growth and profitability target.<\/p>\n<p>Based on this, we aim to apply modern management systems and produce high-quality goods and services.<\/p>\n<p>\u00c7al\u0131\u015fmalar\u0131m\u0131z\u0131, Ada Food Ailesinin 1993 y\u0131l\u0131ndan beri olu\u015fturdu\u011fu i\u015f yapma k\u00fclt\u00fcr\u00fc ile &#8220;\u00d6nce \u0130nsan&#8221; ve &#8220;Toplumdan Ald\u0131\u011f\u0131n\u0131 B\u00fcy\u00fcterek Toplumla Payla\u015fma&#8221; ilkeleri do\u011frultusunda s\u00fcrd\u00fcrmekteyiz.<\/p>\n<p>Since our establishment, we have been working both to achieve economic gain and to create awareness on education, culture, art, nature and environmental issues within the framework of our social responsibility. We respect the values of our stakeholders in all our works.<\/p>\n<p class=\" translation-block\">The Ada Food Food Industry Ethics Committee, established to ensure compliance with ethical rules, develop and consolidate ethical values, prevent violations of ethical rules, will be based on the <strong>Ada Food Food Industry Ethical Principles and Application Principles <\/strong>.<\/p>\n<p>With Our Love,<\/p>\n<p>Ada Food Food Industry Board of Directors<\/p>\n<p>&nbsp;<\/p>\n<p><strong>Ada Food Food Industry Ethical Principles<\/strong><\/p>\n<p>Our understanding of ethical principles is summarized below;<\/p>\n<ul>\n<li>We act in accordance with the laws and regulations applicable in every field it operates, both at home and abroad.<\/li>\n<\/ul>\n<ul>\n<li>T\u00fcrkiye Cumhuriyeti&#8217;nin yasalar\u0131na ve Anayasan\u0131n temel ilkelerine ba\u011fl\u0131 kal\u0131r\u0131z. Ger\u00e7ekle\u015ftirece\u011fimiz t\u00fcm faaliyetlerde bu ilkeleri benimsedi\u011fimizi g\u00f6steririz.<\/li>\n<\/ul>\n<ul>\n<li>We believe in the principle of the rule of law, we act in accordance with the laws, we believe that all kinds of corruption should be fought, and we never compromise this characteristic of ours.<\/li>\n<\/ul>\n<ul>\n<li>Accuracy, honesty and fairness are our priority values in all our business processes and relationships.<\/li>\n<\/ul>\n<ul>\n<li>Our customers, who are our benefactor and also our solution partner, are priority and valuable. Together with them, we aim to win, mutual trust and satisfaction, take into account their opinions and suggestions.<\/li>\n<\/ul>\n<ul>\n<li>We respect and protect the rights of our suppliers that they have under the laws and regulations.<\/li>\n<\/ul>\n<ul>\n<li>While conducting our relations with all our competitors, we remain faithful to the principles of our working principles. We do not allow our activities to lead to unfair competition. We also do not tolerate those who engage in such activities.<\/li>\n<\/ul>\n<ul>\n<li>We are voluntary people who spend time, energy and material resources for social projects by our own choices. Our main goal is to raise public awareness on issues that will contribute to people's quality of life and to be a community leader in this area.<\/li>\n<\/ul>\n<ul>\n<li>The effective use of the information belonging to the institution, the correct sharing and ensuring the confidentiality, integrity and accessibility of the information in this process are the common responsibilities of all our affiliated organizations and employees.<\/li>\n<\/ul>\n<ul>\n<li>We do not compromise on occupational health and safety. The cost of the product and the increase in production are not more important than these issues.<\/li>\n<\/ul>\n<ul>\n<li>All necessary measures are taken to ensure the best possible protection against health and occupational safety risks in the workplace belonging to the institution.<\/li>\n<\/ul>\n<ul>\n<li>By developing policies to reduce the risks, the results obtained are checked according to the applicable standards and it is checked whether these security measures are applied as required.<\/li>\n<\/ul>\n<ul>\n<li><strong>Man is our most precious resource.<\/strong>\u00a0In this context, we treat all the rights of our employees with respect and we value them.<\/li>\n<\/ul>\n<ul>\n<li>We show due diligence in the use of resources and materials in the institution, we keep savings in every field in the first place.<strong>\u00a0<\/strong><\/li>\n<\/ul>\n<p><strong>\u00a0<\/strong><strong>Ada Food Food Industry Common Values<\/strong><\/p>\n<p><strong>\u00a0<\/strong><\/p>\n<p><em>Our common values are the essence of our business ethics, management understanding and philosophy of life.\u00a0<\/em><\/p>\n<p><em>T\u00fcm de\u011ferlerimizin temelinde &#8220;\u00d6nce insan&#8221; ve &#8220;Toplumdan ald\u0131\u011f\u0131n\u0131 b\u00fcy\u00fcterek toplumla payla\u015fma&#8221; ilkelerimiz bulunmaktad\u0131r.<\/em><\/p>\n<p>As Ada Food Family, we are;<\/p>\n<ul>\n<li>We take care of our dignity in society meticulously.<\/li>\n<\/ul>\n<ul>\n<li>We believe that human beings are the most valuable asset, and we do not separate them according to their characteristics such as ethnic identity, religion, language, race, color, gender.<\/li>\n<\/ul>\n<ul>\n<li>We absolutely do not accept any behavior that will damage human dignity.<\/li>\n<\/ul>\n<ul>\n<li>We are determined, conciliatory, discreet people who work hard to add permanent values to life, do not deceive anyone.<\/li>\n<\/ul>\n<ul>\n<li>We are transparent, accountable, responsible, law-abiding, effective and efficient employees, people with goals.<\/li>\n<\/ul>\n<ul>\n<li>As fair, honest, stable, business-ethical individuals, we are committed to our trusts, secrets, promises and commitments until the end.<\/li>\n<\/ul>\n<ul>\n<li>We take care to be nonjudgmental and tolerant in all our relations with people and institutions; we aim to win and satisfy the parties based on mutual love, respect and trust.<\/li>\n<\/ul>\n<ul>\n<li>We aim to be people who act according to the measures of fairness in all our relations, respect the rights of others, protect their own rights, create solutions within the framework of the rules of goodwill that produce value.<\/li>\n<\/ul>\n<ul>\n<li>We are people who have adopted keeping the interests of our institutions above our own interests as a principle.<\/li>\n<\/ul>\n<ul>\n<li>We believe in the power of intercultural dialogue and respect the local values of our international stakeholders.<\/li>\n<\/ul>\n<ul>\n<li>We are people who take part in social responsibility projects by our own choices and spend time, energy and material resources for this.<\/li>\n<\/ul>\n<ul>\n<li>We believe that education is very important for humanity, especially we contribute to increasing the educational level of the young population of our country.<\/li>\n<\/ul>\n\t<nav aria-label=\"Sidebar Kurumsal\" itemscope=\"itemscope\" itemtype=\"https:\/\/schema.org\/SiteNavigationElement\">\n\t\t<ul id=\"menu-sidebar-kurumsal\"><li id=\"menu-item-1002\"><a href=\"https:\/\/adafood.com.tr\/en\/kurumsal\/\">Corporate<\/a><\/li><li id=\"menu-item-1033\"><a href=\"https:\/\/adafood.com.tr\/en\/misyon-vizyon\/\">Mission &amp; Vision<\/a><\/li><li id=\"menu-item-1034\"><a href=\"https:\/\/adafood.com.tr\/en\/sosyal-sorumluluk\/\">Social Responsibility<\/a><\/li><li id=\"menu-item-1030\"><a href=\"https:\/\/adafood.com.tr\/en\/cevre-politikasi\/\">Environmental Policy<\/a><\/li><li id=\"menu-item-1032\"><a href=\"https:\/\/adafood.com.tr\/en\/kalite-politikasi\/\">Quality Policy<\/a><\/li><li id=\"menu-item-1008\"><a href=\"#\">Our Principles and Values<\/a><\/li><\/ul>\n\t\t\t<\/nav>","protected":false},"excerpt":{"rendered":"<p>ADA FOOD GIDA SANAY\u0130 ET\u0130K \u0130LKELER\u0130 VE DE\u011eERLER\u0130 \u00a0Ada Food olarak grubumuzun kurulu\u015fundan itibaren sahiplendi\u011fimiz &#8220;g\u00fcven&#8221; ve &#8220;d\u00fcr\u00fcstl\u00fck&#8221;, vazge\u00e7meyece\u011fimiz ilkelerimizdir. [&hellip;]<\/p>","protected":false},"author":1,"featured_media":0,"parent":0,"menu_order":0,"comment_status":"closed","ping_status":"open","template":"","meta":{"inline_featured_image":false,"site-sidebar-layout":"default","site-content-layout":"page-builder","ast-site-content-layout":"full-width-container","site-content-style":"default","site-sidebar-style":"default","ast-global-header-display":"","ast-banner-title-visibility":"","ast-main-header-display":"","ast-hfb-above-header-display":"","ast-hfb-below-header-display":"","ast-hfb-mobile-header-display":"","site-post-title":"disabled","ast-breadcrumbs-content":"","ast-featured-img":"disabled","footer-sml-layout":"","theme-transparent-header-meta":"default","adv-header-id-meta":"","stick-header-meta":"default","header-above-stick-meta":"","header-main-stick-meta":"","header-below-stick-meta":"","astra-migrate-meta-layouts":"set","ast-page-background-enabled":"default","ast-page-background-meta":{"desktop":{"background-color":"var(--ast-global-color-4)","background-image":"","background-repeat":"repeat","background-position":"center center","background-size":"auto","background-attachment":"scroll","background-type":"","background-media":"","overlay-type":"","overlay-color":"","overlay-opacity":"","overlay-gradient":""},"tablet":{"background-color":"","background-image":"","background-repeat":"repeat","background-position":"center center","background-size":"auto","background-attachment":"scroll","background-type":"","background-media":"","overlay-type":"","overlay-color":"","overlay-opacity":"","overlay-gradient":""},"mobile":{"background-color":"","background-image":"","background-repeat":"repeat","background-position":"center center","background-size":"auto","background-attachment":"scroll","background-type":"","background-media":"","overlay-type":"","overlay-color":"","overlay-opacity":"","overlay-gradient":""}},"ast-content-background-meta":{"desktop":{"background-color":"var(--ast-global-color-5)","background-image":"","background-repeat":"repeat","background-position":"center center","background-size":"auto","background-attachment":"scroll","background-type":"","background-media":"","overlay-type":"","overlay-color":"","overlay-opacity":"","overlay-gradient":""},"tablet":{"background-color":"var(--ast-global-color-5)","background-image":"","background-repeat":"repeat","background-position":"center center","background-size":"auto","background-attachment":"scroll","background-type":"","background-media":"","overlay-type":"","overlay-color":"","overlay-opacity":"","overlay-gradient":""},"mobile":{"background-color":"var(--ast-global-color-5)","background-image":"","background-repeat":"repeat","background-position":"center center","background-size":"auto","background-attachment":"scroll","background-type":"","background-media":"","overlay-type":"","overlay-color":"","overlay-opacity":"","overlay-gradient":""}},"_joinchat":[],"footnotes":""},"class_list":["post-1015","page","type-page","status-publish","hentry"],"acf":[],"_links":{"self":[{"href":"https:\/\/adafood.com.tr\/en\/wp-json\/wp\/v2\/pages\/1015","targetHints":{"allow":["GET"]}}],"collection":[{"href":"https:\/\/adafood.com.tr\/en\/wp-json\/wp\/v2\/pages"}],"about":[{"href":"https:\/\/adafood.com.tr\/en\/wp-json\/wp\/v2\/types\/page"}],"author":[{"embeddable":true,"href":"https:\/\/adafood.com.tr\/en\/wp-json\/wp\/v2\/users\/1"}],"replies":[{"embeddable":true,"href":"https:\/\/adafood.com.tr\/en\/wp-json\/wp\/v2\/comments?post=1015"}],"version-history":[{"count":2,"href":"https:\/\/adafood.com.tr\/en\/wp-json\/wp\/v2\/pages\/1015\/revisions"}],"predecessor-version":[{"id":1037,"href":"https:\/\/adafood.com.tr\/en\/wp-json\/wp\/v2\/pages\/1015\/revisions\/1037"}],"wp:attachment":[{"href":"https:\/\/adafood.com.tr\/en\/wp-json\/wp\/v2\/media?parent=1015"}],"curies":[{"name":"wp","href":"https:\/\/api.w.org\/{rel}","templated":true}]}}