{"id":470,"date":"2024-11-14T11:55:06","date_gmt":"2024-11-14T11:55:06","guid":{"rendered":"https:\/\/adafood.com.tr\/?page_id=470"},"modified":"2025-01-03T07:05:01","modified_gmt":"2025-01-03T07:05:01","slug":"kurumsal","status":"publish","type":"page","link":"https:\/\/adafood.com.tr\/en\/kurumsal\/","title":{"rendered":"Corporate"},"content":{"rendered":"<div class=\"ast-breadcrumbs-wrapper\">\n\t\t\t<div class=\"ast-breadcrumbs-inner\"><nav role=\"navigation\" aria-label=\"Breadcrumbs\" class=\"breadcrumb-trail breadcrumbs\" ><div class=\"ast-breadcrumbs\"><ul class=\"trail-items\" ><li  class=\"trail-item trail-end\"><span><a href=\"https:\/\/adafood.com.tr\/en\/\" rel=\"home\"><span >Home<\/span><\/a><\/span><\/li><\/ul><\/div><\/nav><\/div>\n\t\t<\/div>\n<h2>\n\t\tAbout us\n\t<\/h2>\n\t<p>Ada Food olarak, g\u0131da \u00fcretimi ve ihracat\u0131nda \u00fcst\u00fcn kaliteyi ve g\u00fcveni \u00f6n planda tutarak, sekt\u00f6rdeki liderli\u011fimizi s\u00fcrd\u00fcrmekteyiz. 1993 y\u0131l\u0131nda kurulan firmam\u0131z, T\u00fcrkiye&#8217;nin en kaliteli do\u011fal g\u0131da \u00fcr\u00fcnlerini \u00fcreterek, d\u00fcnya \u00e7ap\u0131nda g\u00fcvenilir bir marka olmay\u0131 ba\u015farm\u0131\u015ft\u0131r.<\/p>\n<p>By combining modern technology and traditional recipes in our production processes, we always offer healthy and delicious products. With our expert staff in the field, facilities with high quality standards and strict quality control procedures, we are working meticulously to achieve the best result at every stage. Our products are prepared with completely natural and healthy ingredients without any additives.<\/p>\n<p>Our success in export enables us to reach many markets abroad thanks to our wide and strong supply network. Our company, which has made it a principle to deliver the freshest and highest quality products to our customers on time, continues to grow day by day while prioritizing customer satisfaction worldwide.<\/p>\n<p>The trust we have gained in both domestic and international markets, combined with our understanding of sustainability, drives us to continue our efforts for a greener future through eco-friendly production methods and innovative solutions.<\/p>\n<p>Vizyonumuz, kaliteli ve sa\u011fl\u0131kl\u0131 g\u0131da \u00fcr\u00fcnleriyle d\u00fcnya \u00e7ap\u0131nda tercih edilen bir marka olmak, misyonumuz ise; t\u00fcketicilerimizin ihtiya\u00e7lar\u0131n\u0131 en iyi \u015fekilde kar\u015f\u0131lamak, global pazarlarda T\u00fcrkiye&#8217;yi gururla temsil etmektir.<\/p>\n<p>As Ada Food, we are proud to serve our valued customers with healthy, natural and high-quality products. With the experiences we have gained since the day we set out, we aim to achieve greater achievements on a global scale.<\/p>\n\t<nav aria-label=\"Sidebar Kurumsal\" itemscope=\"itemscope\" itemtype=\"https:\/\/schema.org\/SiteNavigationElement\">\n\t\t<ul id=\"menu-sidebar-kurumsal\"><li id=\"menu-item-1002\"><a href=\"https:\/\/adafood.com.tr\/en\/kurumsal\/\" aria-current=\"page\">Corporate<\/a><\/li><li id=\"menu-item-1004\"><a href=\"#\">Vizyon &#038; Misyon<\/a><\/li><li id=\"menu-item-1005\"><a href=\"#\">Social Responsibility<\/a><\/li><li id=\"menu-item-1006\"><a href=\"#\">Quality Policy<\/a><\/li><li id=\"menu-item-1007\"><a href=\"#\">Environmental Policy<\/a><\/li><li id=\"menu-item-1008\"><a href=\"#\">Our Principles and Values<\/a><\/li><\/ul>\n\t\t\t<\/nav>","protected":false},"excerpt":{"rendered":"<p>Hakk\u0131m\u0131zda Ada Food olarak, g\u0131da \u00fcretimi ve ihracat\u0131nda \u00fcst\u00fcn kaliteyi ve g\u00fcveni \u00f6n planda tutarak, sekt\u00f6rdeki liderli\u011fimizi s\u00fcrd\u00fcrmekteyiz. 1993 y\u0131l\u0131nda [&hellip;]<\/p>","protected":false},"author":1,"featured_media":0,"parent":0,"menu_order":0,"comment_status":"closed","ping_status":"open","template":"","meta":{"inline_featured_image":false,"site-sidebar-layout":"default","site-content-layout":"page-builder","ast-site-content-layout":"full-width-container","site-content-style":"default","site-sidebar-style":"default","ast-global-header-display":"","ast-banner-title-visibility":"","ast-main-header-display":"","ast-hfb-above-header-display":"","ast-hfb-below-header-display":"","ast-hfb-mobile-header-display":"","site-post-title":"disabled","ast-breadcrumbs-content":"","ast-featured-img":"disabled","footer-sml-layout":"","theme-transparent-header-meta":"default","adv-header-id-meta":"","stick-header-meta":"default","header-above-stick-meta":"","header-main-stick-meta":"","header-below-stick-meta":"","astra-migrate-meta-layouts":"set","ast-page-background-enabled":"default","ast-page-background-meta":{"desktop":{"background-color":"var(--ast-global-color-4)","background-image":"","background-repeat":"repeat","background-position":"center center","background-size":"auto","background-attachment":"scroll","background-type":"","background-media":"","overlay-type":"","overlay-color":"","overlay-opacity":"","overlay-gradient":""},"tablet":{"background-color":"","background-image":"","background-repeat":"repeat","background-position":"center center","background-size":"auto","background-attachment":"scroll","background-type":"","background-media":"","overlay-type":"","overlay-color":"","overlay-opacity":"","overlay-gradient":""},"mobile":{"background-color":"","background-image":"","background-repeat":"repeat","background-position":"center center","background-size":"auto","background-attachment":"scroll","background-type":"","background-media":"","overlay-type":"","overlay-color":"","overlay-opacity":"","overlay-gradient":""}},"ast-content-background-meta":{"desktop":{"background-color":"var(--ast-global-color-5)","background-image":"","background-repeat":"repeat","background-position":"center center","background-size":"auto","background-attachment":"scroll","background-type":"","background-media":"","overlay-type":"","overlay-color":"","overlay-opacity":"","overlay-gradient":""},"tablet":{"background-color":"var(--ast-global-color-5)","background-image":"","background-repeat":"repeat","background-position":"center center","background-size":"auto","background-attachment":"scroll","background-type":"","background-media":"","overlay-type":"","overlay-color":"","overlay-opacity":"","overlay-gradient":""},"mobile":{"background-color":"var(--ast-global-color-5)","background-image":"","background-repeat":"repeat","background-position":"center center","background-size":"auto","background-attachment":"scroll","background-type":"","background-media":"","overlay-type":"","overlay-color":"","overlay-opacity":"","overlay-gradient":""}},"_joinchat":[],"footnotes":""},"class_list":["post-470","page","type-page","status-publish","hentry"],"acf":[],"_links":{"self":[{"href":"https:\/\/adafood.com.tr\/en\/wp-json\/wp\/v2\/pages\/470","targetHints":{"allow":["GET"]}}],"collection":[{"href":"https:\/\/adafood.com.tr\/en\/wp-json\/wp\/v2\/pages"}],"about":[{"href":"https:\/\/adafood.com.tr\/en\/wp-json\/wp\/v2\/types\/page"}],"author":[{"embeddable":true,"href":"https:\/\/adafood.com.tr\/en\/wp-json\/wp\/v2\/users\/1"}],"replies":[{"embeddable":true,"href":"https:\/\/adafood.com.tr\/en\/wp-json\/wp\/v2\/comments?post=470"}],"version-history":[{"count":3,"href":"https:\/\/adafood.com.tr\/en\/wp-json\/wp\/v2\/pages\/470\/revisions"}],"predecessor-version":[{"id":1010,"href":"https:\/\/adafood.com.tr\/en\/wp-json\/wp\/v2\/pages\/470\/revisions\/1010"}],"wp:attachment":[{"href":"https:\/\/adafood.com.tr\/en\/wp-json\/wp\/v2\/media?parent=470"}],"curies":[{"name":"wp","href":"https:\/\/api.w.org\/{rel}","templated":true}]}}