{"id":474,"date":"2024-11-14T12:30:06","date_gmt":"2024-11-14T12:30:06","guid":{"rendered":"https:\/\/adafood.com.tr\/?page_id=474"},"modified":"2024-11-18T11:36:41","modified_gmt":"2024-11-18T11:36:41","slug":"urunlerimiz","status":"publish","type":"page","link":"https:\/\/adafood.com.tr\/en\/urunlerimiz\/","title":{"rendered":"Our Products"},"content":{"rendered":"<div class=\"ast-breadcrumbs-wrapper\">\n\t\t\t<div class=\"ast-breadcrumbs-inner\"><nav role=\"navigation\" aria-label=\"Breadcrumbs\" class=\"breadcrumb-trail breadcrumbs\" ><div class=\"ast-breadcrumbs\"><ul class=\"trail-items\" ><li  class=\"trail-item trail-end\"><span><a href=\"https:\/\/adafood.com.tr\/en\/\" rel=\"home\"><span >Home<\/span><\/a><\/span><\/li><\/ul><\/div><\/nav><\/div>\n\t\t<\/div>\n\t<a href='https:\/\/adafood.com.tr\/en\/urun-kategorileri\/aycicek-yagi\/'>\n    <img width=\"172\" height=\"300\" src=\"https:\/\/adafood.com.tr\/wp-content\/uploads\/2024\/11\/aycicek-yagi-172x300.png\" alt=\"\" decoding=\"async\" loading=\"lazy\" srcset=\"https:\/\/adafood.com.tr\/wp-content\/uploads\/2024\/11\/aycicek-yagi-172x300.png 172w, https:\/\/adafood.com.tr\/wp-content\/uploads\/2024\/11\/aycicek-yagi-588x1024.png 588w, https:\/\/adafood.com.tr\/wp-content\/uploads\/2024\/11\/aycicek-yagi.png 753w\" sizes=\"auto, (max-width: 172px) 100vw, 172px\" \/>\nAda Foods\n<h3>Sunflower Oil<\/h3>\n<\/a>\t\n\t<a href='https:\/\/adafood.com.tr\/en\/urun-kategorileri\/makarna\/'>\n    <img width=\"234\" height=\"300\" src=\"https:\/\/adafood.com.tr\/wp-content\/uploads\/2024\/11\/makarna-234x300.png\" alt=\"\" decoding=\"async\" loading=\"lazy\" srcset=\"https:\/\/adafood.com.tr\/wp-content\/uploads\/2024\/11\/makarna-234x300.png 234w, https:\/\/adafood.com.tr\/wp-content\/uploads\/2024\/11\/makarna-800x1024.png 800w, https:\/\/adafood.com.tr\/wp-content\/uploads\/2024\/11\/makarna-768x983.png 768w, https:\/\/adafood.com.tr\/wp-content\/uploads\/2024\/11\/makarna.png 1071w\" sizes=\"auto, (max-width: 234px) 100vw, 234px\" \/>\nAda Foods\n<h3>Pasta<\/h3>\n<\/a>\t\n\t<a href='https:\/\/adafood.com.tr\/en\/urun-kategorileri\/bugday-unu\/'>\n    <img width=\"235\" height=\"300\" src=\"https:\/\/adafood.com.tr\/wp-content\/uploads\/2024\/11\/bugday-unu-235x300.png\" alt=\"\" decoding=\"async\" loading=\"lazy\" srcset=\"https:\/\/adafood.com.tr\/wp-content\/uploads\/2024\/11\/bugday-unu-235x300.png 235w, https:\/\/adafood.com.tr\/wp-content\/uploads\/2024\/11\/bugday-unu-801x1024.png 801w, https:\/\/adafood.com.tr\/wp-content\/uploads\/2024\/11\/bugday-unu-768x982.png 768w, https:\/\/adafood.com.tr\/wp-content\/uploads\/2024\/11\/bugday-unu.png 1011w\" sizes=\"auto, (max-width: 235px) 100vw, 235px\" \/>\nAda Foods\n<h3>Wheat Flour<\/h3>\n<\/a>","protected":false},"excerpt":{"rendered":"<p>Ada Foods Ay\u00e7i\u00e7ek Ya\u011f\u0131 Ada Foods Makarna Ada Foods Bu\u011fday Unu<\/p>","protected":false},"author":1,"featured_media":0,"parent":0,"menu_order":0,"comment_status":"closed","ping_status":"open","template":"","meta":{"inline_featured_image":false,"site-sidebar-layout":"default","site-content-layout":"page-builder","ast-site-content-layout":"full-width-container","site-content-style":"default","site-sidebar-style":"default","ast-global-header-display":"","ast-banner-title-visibility":"","ast-main-header-display":"","ast-hfb-above-header-display":"","ast-hfb-below-header-display":"","ast-hfb-mobile-header-display":"","site-post-title":"disabled","ast-breadcrumbs-content":"","ast-featured-img":"disabled","footer-sml-layout":"","theme-transparent-header-meta":"default","adv-header-id-meta":"","stick-header-meta":"default","header-above-stick-meta":"","header-main-stick-meta":"","header-below-stick-meta":"","astra-migrate-meta-layouts":"set","ast-page-background-enabled":"default","ast-page-background-meta":{"desktop":{"background-color":"var(--ast-global-color-4)","background-image":"","background-repeat":"repeat","background-position":"center center","background-size":"auto","background-attachment":"scroll","background-type":"","background-media":"","overlay-type":"","overlay-color":"","overlay-opacity":"","overlay-gradient":""},"tablet":{"background-color":"","background-image":"","background-repeat":"repeat","background-position":"center center","background-size":"auto","background-attachment":"scroll","background-type":"","background-media":"","overlay-type":"","overlay-color":"","overlay-opacity":"","overlay-gradient":""},"mobile":{"background-color":"","background-image":"","background-repeat":"repeat","background-position":"center center","background-size":"auto","background-attachment":"scroll","background-type":"","background-media":"","overlay-type":"","overlay-color":"","overlay-opacity":"","overlay-gradient":""}},"ast-content-background-meta":{"desktop":{"background-color":"var(--ast-global-color-5)","background-image":"","background-repeat":"repeat","background-position":"center center","background-size":"auto","background-attachment":"scroll","background-type":"","background-media":"","overlay-type":"","overlay-color":"","overlay-opacity":"","overlay-gradient":""},"tablet":{"background-color":"var(--ast-global-color-5)","background-image":"","background-repeat":"repeat","background-position":"center center","background-size":"auto","background-attachment":"scroll","background-type":"","background-media":"","overlay-type":"","overlay-color":"","overlay-opacity":"","overlay-gradient":""},"mobile":{"background-color":"var(--ast-global-color-5)","background-image":"","background-repeat":"repeat","background-position":"center center","background-size":"auto","background-attachment":"scroll","background-type":"","background-media":"","overlay-type":"","overlay-color":"","overlay-opacity":"","overlay-gradient":""}},"_joinchat":[],"footnotes":""},"class_list":["post-474","page","type-page","status-publish","hentry"],"acf":[],"_links":{"self":[{"href":"https:\/\/adafood.com.tr\/en\/wp-json\/wp\/v2\/pages\/474","targetHints":{"allow":["GET"]}}],"collection":[{"href":"https:\/\/adafood.com.tr\/en\/wp-json\/wp\/v2\/pages"}],"about":[{"href":"https:\/\/adafood.com.tr\/en\/wp-json\/wp\/v2\/types\/page"}],"author":[{"embeddable":true,"href":"https:\/\/adafood.com.tr\/en\/wp-json\/wp\/v2\/users\/1"}],"replies":[{"embeddable":true,"href":"https:\/\/adafood.com.tr\/en\/wp-json\/wp\/v2\/comments?post=474"}],"version-history":[{"count":0,"href":"https:\/\/adafood.com.tr\/en\/wp-json\/wp\/v2\/pages\/474\/revisions"}],"wp:attachment":[{"href":"https:\/\/adafood.com.tr\/en\/wp-json\/wp\/v2\/media?parent=474"}],"curies":[{"name":"wp","href":"https:\/\/api.w.org\/{rel}","templated":true}]}}