{"id":968,"date":"2024-12-08T19:13:23","date_gmt":"2024-12-08T19:13:23","guid":{"rendered":"https:\/\/adafood.com.tr\/?page_id=968"},"modified":"2025-01-03T12:15:15","modified_gmt":"2025-01-03T12:15:15","slug":"insan-kaynaklari","status":"publish","type":"page","link":"https:\/\/adafood.com.tr\/en\/insan-kaynaklari\/","title":{"rendered":"Human Resources"},"content":{"rendered":"<div class=\"ast-breadcrumbs-wrapper\">\n\t\t\t<div class=\"ast-breadcrumbs-inner\"><nav role=\"navigation\" aria-label=\"Breadcrumbs\" class=\"breadcrumb-trail breadcrumbs\" ><div class=\"ast-breadcrumbs\"><ul class=\"trail-items\" ><li  class=\"trail-item trail-end\"><span><a href=\"https:\/\/adafood.com.tr\/en\/\" rel=\"home\"><span >Home<\/span><\/a><\/span><\/li><\/ul><\/div><\/nav><\/div>\n\t\t<\/div>\n\t<p><strong>The aim is to increase both behavioral and professional knowledge and skills of employees with the development opportunities offered, to charge based on performance, to continuously increase their work efficiency and to provide career opportunities in order to provide high-quality products and services to customers.<\/strong><\/p>\n<p><strong>ADA FOOD FOOD INDUSTRY HUMAN RESOURCES POLICIES<\/strong><\/p>\n<ul>\n<li>Entegre insan kaynaklar\u0131 uygulamalar\u0131 ile sekt\u00f6rde, T\u00fcrkiye&#8217;de ve D\u00fcnya&#8217;da \u00f6nc\u00fc olmak.<\/li>\n<li>To create a qualified, motivated, committed workforce by creating a high performance culture and increasing employee productivity<\/li>\n<li>To increase organizational efficiency.<\/li>\n<li>To guide our employees towards continuous success by developing them with corporate opportunities and benefits.<\/li>\n<li>To provide a healthy, safe and peaceful working environment in terms of employee health and safety.<\/li>\n<li>To protect and improve all personal rights of personnel.<\/li>\n<li>To reinforce the sense of belonging.<\/li>\n<li>Sensitivity to equal rights and respect for individual differences.<\/li>\n<li>To adopt an understanding of working with respect for the environment while being aware of social responsibility.<\/li>\n<li>Personelin sosyal ve k\u00fclt\u00fcrel gereksinimlerini kar\u015f\u0131layarak &#8220;Kurum K\u00fclt\u00fcr\u00fc ve Bilinci&#8221; nin olu\u015fmas\u0131n\u0131 sa\u011flamak,<\/li>\n<\/ul>","protected":false},"excerpt":{"rendered":"<p>Ama\u00e7, m\u00fc\u015fterilere kaliteli \u00fcr\u00fcn ve hizmetler sunabilmek i\u00e7in \u00e7al\u0131\u015fanlar\u0131n gerek davran\u0131\u015fsal, gerekse mesleki bilgi ve becerilerini sundu\u011fu geli\u015fim olanaklar\u0131 ile [&hellip;]<\/p>","protected":false},"author":1,"featured_media":0,"parent":0,"menu_order":0,"comment_status":"closed","ping_status":"open","template":"","meta":{"inline_featured_image":false,"site-sidebar-layout":"default","site-content-layout":"page-builder","ast-site-content-layout":"full-width-container","site-content-style":"default","site-sidebar-style":"default","ast-global-header-display":"","ast-banner-title-visibility":"","ast-main-header-display":"","ast-hfb-above-header-display":"","ast-hfb-below-header-display":"","ast-hfb-mobile-header-display":"","site-post-title":"disabled","ast-breadcrumbs-content":"","ast-featured-img":"disabled","footer-sml-layout":"","theme-transparent-header-meta":"default","adv-header-id-meta":"","stick-header-meta":"default","header-above-stick-meta":"","header-main-stick-meta":"","header-below-stick-meta":"","astra-migrate-meta-layouts":"set","ast-page-background-enabled":"default","ast-page-background-meta":{"desktop":{"background-color":"var(--ast-global-color-4)","background-image":"","background-repeat":"repeat","background-position":"center center","background-size":"auto","background-attachment":"scroll","background-type":"","background-media":"","overlay-type":"","overlay-color":"","overlay-opacity":"","overlay-gradient":""},"tablet":{"background-color":"","background-image":"","background-repeat":"repeat","background-position":"center center","background-size":"auto","background-attachment":"scroll","background-type":"","background-media":"","overlay-type":"","overlay-color":"","overlay-opacity":"","overlay-gradient":""},"mobile":{"background-color":"","background-image":"","background-repeat":"repeat","background-position":"center center","background-size":"auto","background-attachment":"scroll","background-type":"","background-media":"","overlay-type":"","overlay-color":"","overlay-opacity":"","overlay-gradient":""}},"ast-content-background-meta":{"desktop":{"background-color":"var(--ast-global-color-5)","background-image":"","background-repeat":"repeat","background-position":"center center","background-size":"auto","background-attachment":"scroll","background-type":"","background-media":"","overlay-type":"","overlay-color":"","overlay-opacity":"","overlay-gradient":""},"tablet":{"background-color":"var(--ast-global-color-5)","background-image":"","background-repeat":"repeat","background-position":"center center","background-size":"auto","background-attachment":"scroll","background-type":"","background-media":"","overlay-type":"","overlay-color":"","overlay-opacity":"","overlay-gradient":""},"mobile":{"background-color":"var(--ast-global-color-5)","background-image":"","background-repeat":"repeat","background-position":"center center","background-size":"auto","background-attachment":"scroll","background-type":"","background-media":"","overlay-type":"","overlay-color":"","overlay-opacity":"","overlay-gradient":""}},"_joinchat":[],"footnotes":""},"class_list":["post-968","page","type-page","status-publish","hentry"],"acf":[],"_links":{"self":[{"href":"https:\/\/adafood.com.tr\/en\/wp-json\/wp\/v2\/pages\/968","targetHints":{"allow":["GET"]}}],"collection":[{"href":"https:\/\/adafood.com.tr\/en\/wp-json\/wp\/v2\/pages"}],"about":[{"href":"https:\/\/adafood.com.tr\/en\/wp-json\/wp\/v2\/types\/page"}],"author":[{"embeddable":true,"href":"https:\/\/adafood.com.tr\/en\/wp-json\/wp\/v2\/users\/1"}],"replies":[{"embeddable":true,"href":"https:\/\/adafood.com.tr\/en\/wp-json\/wp\/v2\/comments?post=968"}],"version-history":[{"count":3,"href":"https:\/\/adafood.com.tr\/en\/wp-json\/wp\/v2\/pages\/968\/revisions"}],"predecessor-version":[{"id":1048,"href":"https:\/\/adafood.com.tr\/en\/wp-json\/wp\/v2\/pages\/968\/revisions\/1048"}],"wp:attachment":[{"href":"https:\/\/adafood.com.tr\/en\/wp-json\/wp\/v2\/media?parent=968"}],"curies":[{"name":"wp","href":"https:\/\/api.w.org\/{rel}","templated":true}]}}