{"id":1012,"date":"2025-01-03T07:14:37","date_gmt":"2025-01-03T07:14:37","guid":{"rendered":"https:\/\/adafood.com.tr\/?page_id=1012"},"modified":"2025-01-03T07:16:42","modified_gmt":"2025-01-03T07:16:42","slug":"sosyal-sorumluluk","status":"publish","type":"page","link":"https:\/\/adafood.com.tr\/es\/sosyal-sorumluluk\/","title":{"rendered":"Responsabilidad Social"},"content":{"rendered":"<div class=\"ast-breadcrumbs-wrapper\">\n\t\t\t<div class=\"ast-breadcrumbs-inner\"><nav role=\"navigation\" aria-label=\"Breadcrumbs\" class=\"breadcrumb-trail breadcrumbs\" ><div class=\"ast-breadcrumbs\"><ul class=\"trail-items\" ><li  class=\"trail-item trail-end\"><span><a href=\"https:\/\/adafood.com.tr\/es\/\" rel=\"home\"><span >Home<\/span><\/a><\/span><\/li><\/ul><\/div><\/nav><\/div>\n\t\t<\/div>\n\t<h4> Responsabilidad Ambiental<\/h4>\n<p><strong>Respeto por la Naturaleza, Inversi\u00f3n en el Futuro<\/strong><\/p>\n<p>Como Ada Food, mantenemos a la vanguardia la comprensi\u00f3n de la protecci\u00f3n de la naturaleza y la producci\u00f3n respetuosa con el medio ambiente. La sostenibilidad se ha convertido en un valor que adoptamos no solo en nuestros productos, sino tambi\u00e9n en todos nuestros procesos de negocio. Estamos haciendo esfuerzos para minimizar nuestros desechos, reducir nuestro consumo de energ\u00eda y utilizar los recursos h\u00eddricos de manera eficiente. Adem\u00e1s, al apoyar los m\u00e9todos de cultivo org\u00e1nicos y naturales, cumplimos con nuestra responsabilidad de proteger el ecosistema.<\/p>\n<p>Estamos desarrollando constantemente m\u00e9todos de producci\u00f3n respetuosos con el medio ambiente para dejar un mundo m\u00e1s limpio y saludable para las generaciones futuras y estamos decididos a mantener nuestro papel de liderazgo en el sector en este sentido Jul.<\/p>\n<ol start=\"2\">\n<li><strong> Responsabilidad Social<\/strong><\/li>\n<\/ol>\n<p><strong>Responsabilidad Social<\/strong><\/p>\n<p>Somos conscientes de nuestra responsabilidad social y actuamos con este entendimiento. Contribuimos a nuestra sociedad con diversos proyectos en los campos de alivio de la pobreza, educaci\u00f3n y salud. Nuestro objetivo es llegar a los necesitados haciendo donaciones peri\u00f3dicas, especialmente a familias que luchan contra la inseguridad alimentaria. Adem\u00e1s, tambi\u00e9n contribuimos a los esfuerzos para concienciar al p\u00fablico sobre h\u00e1bitos de vida saludables.<\/p>\n<p>Mientras cumplimos con nuestra responsabilidad con nuestra sociedad, continuaremos nuestro trabajo para que cada individuo viva una vida mejor.<\/p>\n<ol start=\"3\">\n<li><strong> Programas de Apoyo Educativo y Juvenil<\/strong><\/li>\n<\/ol>\n<p><strong>Estamos educando a los L\u00edderes del Futuro<\/strong><\/p>\n<p>Ada Food emprende importantes proyectos sobre la educaci\u00f3n y el desarrollo profesional de los j\u00f3venes. Organizamos diversos programas de becas y apoyamos a j\u00f3venes emprendedores con el fin de garantizar la igualdad de oportunidades en la educaci\u00f3n. Adem\u00e1s, ofrecemos experiencia real en el mundo de los negocios a los estudiantes con oportunidades de pasant\u00edas y trabajo y los preparamos para el futuro.<\/p>\n<p>Al contribuir a la educaci\u00f3n de nuestros j\u00f3venes, continuaremos ayud\u00e1ndolos a alcanzar su potencial al m\u00e1s alto nivel.<\/p>\n<ol start=\"4\">\n<li><strong> Salud y Bienestar<\/strong><\/li>\n<\/ol>\n<p><strong>Estamos Trabajando Por Generaciones Saludables<\/strong><\/p>\n<p>Somos conscientes de la importancia de una alimentaci\u00f3n saludable y apoyamos diversos proyectos de salud para difundir esta conciencia. Al utilizar ingredientes naturales y saludables en el contenido de nuestros productos, contribuimos a que las personas vivan una vida m\u00e1s saludable. Adem\u00e1s, organizamos eventos deportivos para promover una vida saludable y liderar la difusi\u00f3n de un h\u00e1bito de estilo de vida activo en la sociedad. Nuestro objetivo es transmitir esta responsabilidad en el campo de la salud a un p\u00fablico m\u00e1s amplio a trav\u00e9s de innovaciones y capacitaciones continuas.<\/p>\n<ol start=\"5\">\n<li><strong> Programas de Apoyo a la Mujer y la Familia<\/strong><\/li>\n<\/ol>\n<p><strong>Contribuimos al Empoderamiento de la Mujer<\/strong><\/p>\n<p>Ada Food lleva a cabo diversos proyectos con el objetivo de fomentar la participaci\u00f3n laboral de las mujeres y aumentar el bienestar social de las familias. Al brindar capacitaci\u00f3n y programas de tutor\u00eda para mujeres emprendedoras, les permitimos participar m\u00e1s en el mundo de los negocios. Adem\u00e1s, ayudamos a nuestras trabajadoras a establecer un equilibrio entre la vida familiar y laboral al ofrecerles horarios de trabajo flexibles y un ambiente de trabajo de apoyo.<\/p>\n<p>Siempre estamos ah\u00ed para que las mujeres ocupen un lugar m\u00e1s fuerte en la vida social.<\/p>\n\t<nav aria-label=\"Sidebar Kurumsal\" itemscope=\"itemscope\" itemtype=\"https:\/\/schema.org\/SiteNavigationElement\">\n\t\t<ul id=\"menu-sidebar-kurumsal\"><li id=\"menu-item-1002\"><a href=\"https:\/\/adafood.com.tr\/es\/kurumsal\/\">Institucional<\/a><\/li><li id=\"menu-item-1004\"><a href=\"#\">Vizyon &#038; Misyon<\/a><\/li><li id=\"menu-item-1005\"><a href=\"#\">Responsabilidad Social<\/a><\/li><li id=\"menu-item-1006\"><a href=\"#\">Pol\u00edtica de Calidad<\/a><\/li><li id=\"menu-item-1007\"><a href=\"#\">Pol\u00edtica Medioambiental<\/a><\/li><li id=\"menu-item-1008\"><a href=\"#\">Nuestros Principios y Valores<\/a><\/li><\/ul>\n\t\t\t<\/nav>","protected":false},"excerpt":{"rendered":"<p>\u00c7evresel Sorumluluk Do\u011faya Sayg\u0131, Gelece\u011fe Yat\u0131r\u0131m Ada Food olarak, do\u011fan\u0131n korunmas\u0131 ve \u00e7evre dostu \u00fcretim anlay\u0131\u015f\u0131n\u0131 \u00f6n planda tutuyoruz. S\u00fcrd\u00fcr\u00fclebilirlik, [&hellip;]<\/p>","protected":false},"author":1,"featured_media":0,"parent":0,"menu_order":0,"comment_status":"closed","ping_status":"open","template":"","meta":{"inline_featured_image":false,"site-sidebar-layout":"default","site-content-layout":"page-builder","ast-site-content-layout":"full-width-container","site-content-style":"default","site-sidebar-style":"default","ast-global-header-display":"","ast-banner-title-visibility":"","ast-main-header-display":"","ast-hfb-above-header-display":"","ast-hfb-below-header-display":"","ast-hfb-mobile-header-display":"","site-post-title":"disabled","ast-breadcrumbs-content":"","ast-featured-img":"disabled","footer-sml-layout":"","theme-transparent-header-meta":"default","adv-header-id-meta":"","stick-header-meta":"default","header-above-stick-meta":"","header-main-stick-meta":"","header-below-stick-meta":"","astra-migrate-meta-layouts":"set","ast-page-background-enabled":"default","ast-page-background-meta":{"desktop":{"background-color":"var(--ast-global-color-4)","background-image":"","background-repeat":"repeat","background-position":"center center","background-size":"auto","background-attachment":"scroll","background-type":"","background-media":"","overlay-type":"","overlay-color":"","overlay-opacity":"","overlay-gradient":""},"tablet":{"background-color":"","background-image":"","background-repeat":"repeat","background-position":"center center","background-size":"auto","background-attachment":"scroll","background-type":"","background-media":"","overlay-type":"","overlay-color":"","overlay-opacity":"","overlay-gradient":""},"mobile":{"background-color":"","background-image":"","background-repeat":"repeat","background-position":"center center","background-size":"auto","background-attachment":"scroll","background-type":"","background-media":"","overlay-type":"","overlay-color":"","overlay-opacity":"","overlay-gradient":""}},"ast-content-background-meta":{"desktop":{"background-color":"var(--ast-global-color-5)","background-image":"","background-repeat":"repeat","background-position":"center center","background-size":"auto","background-attachment":"scroll","background-type":"","background-media":"","overlay-type":"","overlay-color":"","overlay-opacity":"","overlay-gradient":""},"tablet":{"background-color":"var(--ast-global-color-5)","background-image":"","background-repeat":"repeat","background-position":"center center","background-size":"auto","background-attachment":"scroll","background-type":"","background-media":"","overlay-type":"","overlay-color":"","overlay-opacity":"","overlay-gradient":""},"mobile":{"background-color":"var(--ast-global-color-5)","background-image":"","background-repeat":"repeat","background-position":"center center","background-size":"auto","background-attachment":"scroll","background-type":"","background-media":"","overlay-type":"","overlay-color":"","overlay-opacity":"","overlay-gradient":""}},"_joinchat":[],"footnotes":""},"class_list":["post-1012","page","type-page","status-publish","hentry"],"acf":[],"_links":{"self":[{"href":"https:\/\/adafood.com.tr\/es\/wp-json\/wp\/v2\/pages\/1012","targetHints":{"allow":["GET"]}}],"collection":[{"href":"https:\/\/adafood.com.tr\/es\/wp-json\/wp\/v2\/pages"}],"about":[{"href":"https:\/\/adafood.com.tr\/es\/wp-json\/wp\/v2\/types\/page"}],"author":[{"embeddable":true,"href":"https:\/\/adafood.com.tr\/es\/wp-json\/wp\/v2\/users\/1"}],"replies":[{"embeddable":true,"href":"https:\/\/adafood.com.tr\/es\/wp-json\/wp\/v2\/comments?post=1012"}],"version-history":[{"count":2,"href":"https:\/\/adafood.com.tr\/es\/wp-json\/wp\/v2\/pages\/1012\/revisions"}],"predecessor-version":[{"id":1023,"href":"https:\/\/adafood.com.tr\/es\/wp-json\/wp\/v2\/pages\/1012\/revisions\/1023"}],"wp:attachment":[{"href":"https:\/\/adafood.com.tr\/es\/wp-json\/wp\/v2\/media?parent=1012"}],"curies":[{"name":"wp","href":"https:\/\/api.w.org\/{rel}","templated":true}]}}