{"id":1013,"date":"2025-01-03T07:18:54","date_gmt":"2025-01-03T07:18:54","guid":{"rendered":"https:\/\/adafood.com.tr\/?page_id=1013"},"modified":"2025-01-20T08:07:25","modified_gmt":"2025-01-20T08:07:25","slug":"kalite-politikasi","status":"publish","type":"page","link":"https:\/\/adafood.com.tr\/es\/kalite-politikasi\/","title":{"rendered":"Pol\u00edtica de Calidad"},"content":{"rendered":"<div class=\"ast-breadcrumbs-wrapper\">\n\t\t\t<div class=\"ast-breadcrumbs-inner\"><nav role=\"navigation\" aria-label=\"Breadcrumbs\" class=\"breadcrumb-trail breadcrumbs\" ><div class=\"ast-breadcrumbs\"><ul class=\"trail-items\" ><li  class=\"trail-item trail-end\"><span><a href=\"https:\/\/adafood.com.tr\/es\/\" rel=\"home\"><span >Home<\/span><\/a><\/span><\/li><\/ul><\/div><\/nav><\/div>\n\t\t<\/div>\n\t<p>En un mundo donde las fronteras siguen sin sentido, la calidad es la \u00fanica forma de crear un entendimiento competitivo duradero. Para Ada Food, la calidad no es un destino, es un viaje. El prop\u00f3sito de este viaje es buscar constantemente lo mejor para nuestros socios, clientes, empleados, proveedores, medio ambiente y sociedad. Esto ser\u00e1 adoptando la gesti\u00f3n de la calidad total como estilo de vida. Por lo tanto;<\/p>\n<p>\u2022M\u00fc\u015fterilerimizin memnuniyetini ve sadakatini, \u00fcr\u00fcn ve hizmetlerimizin kalitesinin belirleyece\u011fine inan\u0131yoruz. Bu sebeple, \u00fcr\u00fcn ve hizmetlerimizde, y\u00f6netti\u011fimiz t\u00fcm s\u00fcre\u00e7lerimizde s\u00fcrekli iyile\u015ftirme ve geli\u015ftirme faaliyetlerini s\u00fcrd\u00fcrerek &#8220;m\u00fckemmelin&#8221; aray\u0131\u015f\u0131 i\u00e7inde olmal\u0131y\u0131z.<\/p>\n<p>\u2022Nuestros empleados son nuestro activo m\u00e1s importante. Para mejorar continuamente la calidad, es fundamental garantizar la participaci\u00f3n, capacitaci\u00f3n y satisfacci\u00f3n de todos nuestros empleados en un sentido de familia.<\/p>\n<p>* Nuestro objetivo es cumplir continuamente con las expectativas de nuestros empleados de isla yolu, nuestros clientes para mejorar nuestra ventaja competitiva y aumentar nuestra rentabilidad.<\/p>\n<p>* La entrada de calidad es un requisito previo para un producto de calidad. Por esta raz\u00f3n, vemos a nuestros proveedores como una parte integral de nuestro sistema de calidad y como nuestros socios comerciales.<\/p>\n<p>* Somos conscientes de nuestra responsabilidad con el medio ambiente y la sociedad y contribuimos a su desarrollo.<\/p>\n<p>\u2022Kaliteli \u00fcr\u00fcnler kaliteli ortamda \u00fcretilir. Her \u00e7al\u0131\u015fan\u0131m\u0131z ba\u015fta y\u00f6neticilerimiz olmak \u00fczere, i\u015fyeri ortam\u0131n\u0131 &#8220;emniyetli, temiz ve d\u00fczenli&#8221; tutmaktan sorumludur.<\/p>\n<p>Los Principios de Nuestra Cultura de Calidad:<\/p>\n<p>* Ser sensible a los requisitos internos y externos del cliente .,<\/p>\n<p>\u2022 Ser abierto y confiable<\/p>\n<p>\u2022 Hablar con datos,<\/p>\n<p>* Ser sensible a los requisitos internos y externos del cliente .,<\/p>\n<p>* Hacerlo bien de una vez,<\/p>\n<p>* Posesi\u00f3n,<\/p>\n<p>\u2022 Realizar actividades preventivas, expresamos nuestra confianza en que todos los miembros de la familia Ada Food continuar\u00e1n sus esfuerzos para implementar la pol\u00edtica de calidad siguiendo los principios mencionados anteriormente. Deseamos que nuestro enfoque de Calidad Total siga iluminando nuestras vidas, relaciones y trabajo a medida que se desarrolle a\u00fan m\u00e1s.<\/p>\n\t<nav aria-label=\"Sidebar Kurumsal\" itemscope=\"itemscope\" itemtype=\"https:\/\/schema.org\/SiteNavigationElement\">\n\t\t<ul id=\"menu-sidebar-kurumsal\"><li id=\"menu-item-1002\"><a href=\"https:\/\/adafood.com.tr\/es\/kurumsal\/\">Institucional<\/a><\/li><li id=\"menu-item-1033\"><a href=\"https:\/\/adafood.com.tr\/es\/misyon-vizyon\/\">Misi\u00f3n y Visi\u00f3n<\/a><\/li><li id=\"menu-item-1034\"><a href=\"https:\/\/adafood.com.tr\/es\/sosyal-sorumluluk\/\">Responsabilidad Social<\/a><\/li><li id=\"menu-item-1030\"><a href=\"https:\/\/adafood.com.tr\/es\/cevre-politikasi\/\">Pol\u00edtica Medioambiental<\/a><\/li><li id=\"menu-item-1032\"><a href=\"https:\/\/adafood.com.tr\/es\/kalite-politikasi\/\" aria-current=\"page\">Pol\u00edtica de Calidad<\/a><\/li><li id=\"menu-item-1038\"><a href=\"https:\/\/adafood.com.tr\/es\/ilke-ve-degerlerimiz\/\">Nuestros Principios y Valores<\/a><\/li><\/ul>\n\t\t\t<\/nav>","protected":false},"excerpt":{"rendered":"<p>S\u0131n\u0131rlar\u0131n anlams\u0131z kald\u0131\u011f\u0131 bir d\u00fcnyada, kal\u0131c\u0131 rekabet anlay\u0131\u015f\u0131 yaratman\u0131n tek yolu kalitedir. Ada Food i\u00e7in, kalite bir hedef de\u011fil, yolculuktur. [&hellip;]<\/p>","protected":false},"author":1,"featured_media":0,"parent":0,"menu_order":0,"comment_status":"closed","ping_status":"open","template":"","meta":{"inline_featured_image":false,"site-sidebar-layout":"default","site-content-layout":"page-builder","ast-site-content-layout":"full-width-container","site-content-style":"default","site-sidebar-style":"default","ast-global-header-display":"","ast-banner-title-visibility":"","ast-main-header-display":"","ast-hfb-above-header-display":"","ast-hfb-below-header-display":"","ast-hfb-mobile-header-display":"","site-post-title":"disabled","ast-breadcrumbs-content":"","ast-featured-img":"disabled","footer-sml-layout":"","theme-transparent-header-meta":"default","adv-header-id-meta":"","stick-header-meta":"default","header-above-stick-meta":"","header-main-stick-meta":"","header-below-stick-meta":"","astra-migrate-meta-layouts":"set","ast-page-background-enabled":"default","ast-page-background-meta":{"desktop":{"background-color":"var(--ast-global-color-4)","background-image":"","background-repeat":"repeat","background-position":"center center","background-size":"auto","background-attachment":"scroll","background-type":"","background-media":"","overlay-type":"","overlay-color":"","overlay-opacity":"","overlay-gradient":""},"tablet":{"background-color":"","background-image":"","background-repeat":"repeat","background-position":"center center","background-size":"auto","background-attachment":"scroll","background-type":"","background-media":"","overlay-type":"","overlay-color":"","overlay-opacity":"","overlay-gradient":""},"mobile":{"background-color":"","background-image":"","background-repeat":"repeat","background-position":"center center","background-size":"auto","background-attachment":"scroll","background-type":"","background-media":"","overlay-type":"","overlay-color":"","overlay-opacity":"","overlay-gradient":""}},"ast-content-background-meta":{"desktop":{"background-color":"var(--ast-global-color-5)","background-image":"","background-repeat":"repeat","background-position":"center center","background-size":"auto","background-attachment":"scroll","background-type":"","background-media":"","overlay-type":"","overlay-color":"","overlay-opacity":"","overlay-gradient":""},"tablet":{"background-color":"var(--ast-global-color-5)","background-image":"","background-repeat":"repeat","background-position":"center center","background-size":"auto","background-attachment":"scroll","background-type":"","background-media":"","overlay-type":"","overlay-color":"","overlay-opacity":"","overlay-gradient":""},"mobile":{"background-color":"var(--ast-global-color-5)","background-image":"","background-repeat":"repeat","background-position":"center center","background-size":"auto","background-attachment":"scroll","background-type":"","background-media":"","overlay-type":"","overlay-color":"","overlay-opacity":"","overlay-gradient":""}},"_joinchat":[],"footnotes":""},"class_list":["post-1013","page","type-page","status-publish","hentry"],"acf":[],"_links":{"self":[{"href":"https:\/\/adafood.com.tr\/es\/wp-json\/wp\/v2\/pages\/1013","targetHints":{"allow":["GET"]}}],"collection":[{"href":"https:\/\/adafood.com.tr\/es\/wp-json\/wp\/v2\/pages"}],"about":[{"href":"https:\/\/adafood.com.tr\/es\/wp-json\/wp\/v2\/types\/page"}],"author":[{"embeddable":true,"href":"https:\/\/adafood.com.tr\/es\/wp-json\/wp\/v2\/users\/1"}],"replies":[{"embeddable":true,"href":"https:\/\/adafood.com.tr\/es\/wp-json\/wp\/v2\/comments?post=1013"}],"version-history":[{"count":4,"href":"https:\/\/adafood.com.tr\/es\/wp-json\/wp\/v2\/pages\/1013\/revisions"}],"predecessor-version":[{"id":1340,"href":"https:\/\/adafood.com.tr\/es\/wp-json\/wp\/v2\/pages\/1013\/revisions\/1340"}],"wp:attachment":[{"href":"https:\/\/adafood.com.tr\/es\/wp-json\/wp\/v2\/media?parent=1013"}],"curies":[{"name":"wp","href":"https:\/\/api.w.org\/{rel}","templated":true}]}}