{"id":1014,"date":"2025-01-03T07:23:52","date_gmt":"2025-01-03T07:23:52","guid":{"rendered":"https:\/\/adafood.com.tr\/?page_id=1014"},"modified":"2025-01-03T07:26:59","modified_gmt":"2025-01-03T07:26:59","slug":"cevre-politikasi","status":"publish","type":"page","link":"https:\/\/adafood.com.tr\/es\/cevre-politikasi\/","title":{"rendered":"Pol\u00edtica Medioambiental"},"content":{"rendered":"<div class=\"ast-breadcrumbs-wrapper\">\n\t\t\t<div class=\"ast-breadcrumbs-inner\"><nav role=\"navigation\" aria-label=\"Breadcrumbs\" class=\"breadcrumb-trail breadcrumbs\" ><div class=\"ast-breadcrumbs\"><ul class=\"trail-items\" ><li  class=\"trail-item trail-end\"><span><a href=\"https:\/\/adafood.com.tr\/es\/\" rel=\"home\"><span >Home<\/span><\/a><\/span><\/li><\/ul><\/div><\/nav><\/div>\n\t\t<\/div>\n<h2>\n\t\tPol\u00edtica Medioambiental\n\t<\/h2>\n\t<p>Ya\u015fad\u0131\u011f\u0131m\u0131z \u00e7evrenin korunmas\u0131n\u0131n ve iyile\u015ftirilmesinin, i\u015fimizin ayr\u0131lmaz bir par\u00e7as\u0131 oldu\u011fu bilincinden hareketle; \u00fcr\u00fcnlerimizin, girdilerimizin ve faaliyetlerimizin kalitesini, \u00e7evreye olan etkilerini en aza indirerek daha da art\u0131rmay\u0131 hedefliyoruz. Temeli &#8220;\u00d6nce \u0130nsan&#8221; olan y\u00f6netim anlay\u0131\u015f\u0131n\u0131 benimseyen Ada Food, \u00e7evrenin korunmas\u0131n\u0131 yasal gerekliliklerin \u00f6tesinde, topluma olan sayg\u0131n\u0131n bir g\u00f6stergesi olarak kabul etmi\u015ftir. Bu nedenle;<\/p>\n<ul>\n<li>Controlar, reducir y prevenir los elementos causantes de destrucci\u00f3n ambiental con la idea de no contaminar en lugar de limpiar el medio ambiente,<\/li>\n<li>Mejorar continuamente nuestro desempe\u00f1o y calidad ambiental, para contribuir a aumentar la conciencia ambiental de nuestros empleados, proveedores, clientes y sociedad,<\/li>\n<li>Utilizar los recursos globales de manera efectiva siguiendo los sistemas y t\u00e9cnicas de protecci\u00f3n ambiental en desarrollo.,<\/li>\n<li>Reducir las tasas de desperdicio y seguir su evaluaci\u00f3n.,<\/li>\n<li>Eliminar los procesos de contaminaci\u00f3n en las fuentes de producci\u00f3n y<\/li>\n<li>Nuestro objetivo es aprovechar las fuentes de materias primas que no conllevan contaminaci\u00f3n ni riesgos para la salud al tener en cuenta los efectos ambientales de nuestros productos que crear\u00e1n un peligro para toda la vida en la etapa de dise\u00f1o.<\/li>\n<\/ul>\n<p><strong>Nuestras Actividades de Protecci\u00f3n del Medio Ambiente<\/strong><\/p>\n<ul>\n<li>Protecci\u00f3n de la calidad del aire,<\/li>\n<li>Control de la contaminaci\u00f3n del agua,<\/li>\n<li>Gesti\u00f3n de residuos,<\/li>\n<li>Sistema de gesti\u00f3n ambiental y<\/li>\n<li>Queremos informar a la sociedad y hacer esfuerzos para crear un ambiente habitable para todos nuestros empleados en la familia Ada Food.<\/li>\n<\/ul>\n\t<nav aria-label=\"Sidebar Kurumsal\" itemscope=\"itemscope\" itemtype=\"https:\/\/schema.org\/SiteNavigationElement\">\n\t\t<ul id=\"menu-sidebar-kurumsal\"><li id=\"menu-item-1002\"><a href=\"https:\/\/adafood.com.tr\/es\/kurumsal\/\">Institucional<\/a><\/li><li id=\"menu-item-1004\"><a href=\"#\">Vizyon &#038; Misyon<\/a><\/li><li id=\"menu-item-1005\"><a href=\"#\">Responsabilidad Social<\/a><\/li><li id=\"menu-item-1006\"><a href=\"#\">Pol\u00edtica de Calidad<\/a><\/li><li id=\"menu-item-1007\"><a href=\"#\">Pol\u00edtica Medioambiental<\/a><\/li><li id=\"menu-item-1008\"><a href=\"#\">Nuestros Principios y Valores<\/a><\/li><\/ul>\n\t\t\t<\/nav>","protected":false},"excerpt":{"rendered":"<p>\u00c7evre Politikas\u0131 Ya\u015fad\u0131\u011f\u0131m\u0131z \u00e7evrenin korunmas\u0131n\u0131n ve iyile\u015ftirilmesinin, i\u015fimizin ayr\u0131lmaz bir par\u00e7as\u0131 oldu\u011fu bilincinden hareketle; \u00fcr\u00fcnlerimizin, girdilerimizin ve faaliyetlerimizin kalitesini, \u00e7evreye [&hellip;]<\/p>","protected":false},"author":1,"featured_media":0,"parent":0,"menu_order":0,"comment_status":"closed","ping_status":"open","template":"","meta":{"inline_featured_image":false,"site-sidebar-layout":"default","site-content-layout":"page-builder","ast-site-content-layout":"full-width-container","site-content-style":"default","site-sidebar-style":"default","ast-global-header-display":"","ast-banner-title-visibility":"","ast-main-header-display":"","ast-hfb-above-header-display":"","ast-hfb-below-header-display":"","ast-hfb-mobile-header-display":"","site-post-title":"disabled","ast-breadcrumbs-content":"","ast-featured-img":"disabled","footer-sml-layout":"","theme-transparent-header-meta":"default","adv-header-id-meta":"","stick-header-meta":"default","header-above-stick-meta":"","header-main-stick-meta":"","header-below-stick-meta":"","astra-migrate-meta-layouts":"set","ast-page-background-enabled":"default","ast-page-background-meta":{"desktop":{"background-color":"var(--ast-global-color-4)","background-image":"","background-repeat":"repeat","background-position":"center center","background-size":"auto","background-attachment":"scroll","background-type":"","background-media":"","overlay-type":"","overlay-color":"","overlay-opacity":"","overlay-gradient":""},"tablet":{"background-color":"","background-image":"","background-repeat":"repeat","background-position":"center center","background-size":"auto","background-attachment":"scroll","background-type":"","background-media":"","overlay-type":"","overlay-color":"","overlay-opacity":"","overlay-gradient":""},"mobile":{"background-color":"","background-image":"","background-repeat":"repeat","background-position":"center center","background-size":"auto","background-attachment":"scroll","background-type":"","background-media":"","overlay-type":"","overlay-color":"","overlay-opacity":"","overlay-gradient":""}},"ast-content-background-meta":{"desktop":{"background-color":"var(--ast-global-color-5)","background-image":"","background-repeat":"repeat","background-position":"center center","background-size":"auto","background-attachment":"scroll","background-type":"","background-media":"","overlay-type":"","overlay-color":"","overlay-opacity":"","overlay-gradient":""},"tablet":{"background-color":"var(--ast-global-color-5)","background-image":"","background-repeat":"repeat","background-position":"center center","background-size":"auto","background-attachment":"scroll","background-type":"","background-media":"","overlay-type":"","overlay-color":"","overlay-opacity":"","overlay-gradient":""},"mobile":{"background-color":"var(--ast-global-color-5)","background-image":"","background-repeat":"repeat","background-position":"center center","background-size":"auto","background-attachment":"scroll","background-type":"","background-media":"","overlay-type":"","overlay-color":"","overlay-opacity":"","overlay-gradient":""}},"_joinchat":[],"footnotes":""},"class_list":["post-1014","page","type-page","status-publish","hentry"],"acf":[],"_links":{"self":[{"href":"https:\/\/adafood.com.tr\/es\/wp-json\/wp\/v2\/pages\/1014","targetHints":{"allow":["GET"]}}],"collection":[{"href":"https:\/\/adafood.com.tr\/es\/wp-json\/wp\/v2\/pages"}],"about":[{"href":"https:\/\/adafood.com.tr\/es\/wp-json\/wp\/v2\/types\/page"}],"author":[{"embeddable":true,"href":"https:\/\/adafood.com.tr\/es\/wp-json\/wp\/v2\/users\/1"}],"replies":[{"embeddable":true,"href":"https:\/\/adafood.com.tr\/es\/wp-json\/wp\/v2\/comments?post=1014"}],"version-history":[{"count":2,"href":"https:\/\/adafood.com.tr\/es\/wp-json\/wp\/v2\/pages\/1014\/revisions"}],"predecessor-version":[{"id":1029,"href":"https:\/\/adafood.com.tr\/es\/wp-json\/wp\/v2\/pages\/1014\/revisions\/1029"}],"wp:attachment":[{"href":"https:\/\/adafood.com.tr\/es\/wp-json\/wp\/v2\/media?parent=1014"}],"curies":[{"name":"wp","href":"https:\/\/api.w.org\/{rel}","templated":true}]}}