{"id":1015,"date":"2025-01-03T08:10:47","date_gmt":"2025-01-03T08:10:47","guid":{"rendered":"https:\/\/adafood.com.tr\/?page_id=1015"},"modified":"2025-01-03T08:14:25","modified_gmt":"2025-01-03T08:14:25","slug":"ilke-ve-degerlerimiz","status":"publish","type":"page","link":"https:\/\/adafood.com.tr\/es\/ilke-ve-degerlerimiz\/","title":{"rendered":"Nuestros Principios y Valores"},"content":{"rendered":"<div class=\"ast-breadcrumbs-wrapper\">\n\t\t\t<div class=\"ast-breadcrumbs-inner\"><nav role=\"navigation\" aria-label=\"Breadcrumbs\" class=\"breadcrumb-trail breadcrumbs\" ><div class=\"ast-breadcrumbs\"><ul class=\"trail-items\" ><li  class=\"trail-item trail-end\"><span><a href=\"https:\/\/adafood.com.tr\/es\/\" rel=\"home\"><span >Home<\/span><\/a><\/span><\/li><\/ul><\/div><\/nav><\/div>\n\t\t<\/div>\n\t<p><strong>ADA FOOD PRINCIPIOS Y VALORES \u00c9TICOS DE LA INDUSTRIA ALIMENTARIA<\/strong><\/p>\n<p><strong>\u00a0<\/strong>Ada Food olarak grubumuzun kurulu\u015fundan itibaren sahiplendi\u011fimiz &#8220;g\u00fcven&#8221; ve &#8220;d\u00fcr\u00fcstl\u00fck&#8221;, vazge\u00e7meyece\u011fimiz ilkelerimizdir.<\/p>\n<p>Estamos comprometidos a utilizar nuestros recursos y activos de manera eficiente para nuestro objetivo de crecimiento sostenible y rentabilidad.<\/p>\n<p>En base a esto, nuestro objetivo es implementar sistemas de gesti\u00f3n modernos y producir bienes y servicios de alta calidad.<\/p>\n<p>\u00c7al\u0131\u015fmalar\u0131m\u0131z\u0131, Ada Food Ailesinin 1993 y\u0131l\u0131ndan beri olu\u015fturdu\u011fu i\u015f yapma k\u00fclt\u00fcr\u00fc ile &#8220;\u00d6nce \u0130nsan&#8221; ve &#8220;Toplumdan Ald\u0131\u011f\u0131n\u0131 B\u00fcy\u00fcterek Toplumla Payla\u015fma&#8221; ilkeleri do\u011frultusunda s\u00fcrd\u00fcrmekteyiz.<\/p>\n<p>Desde nuestra creaci\u00f3n, hemos estado trabajando tanto para lograr ganancias econ\u00f3micas como para crear conciencia sobre temas de educaci\u00f3n, cultura, arte, naturaleza y medio ambiente en el marco de nuestra responsabilidad social. Respetamos los valores de nuestros grupos de inter\u00e9s en todos nuestros trabajos.<\/p>\n<p class=\" translation-block\">El Comit\u00e9 de \u00c9tica de la Industria Alimentaria de Ada Food, establecido para garantizar el cumplimiento de las normas \u00e9ticas, desarrollar y consolidar valores \u00e9ticos, prevenir violaciones de las normas \u00e9ticas, se basar\u00e1 en los <strong>Principios \u00c9ticos y Principios de Aplicaci\u00f3n de la Industria Alimentaria de Ada Food <\/strong>.<\/p>\n<p>Con Nuestro Amor,<\/p>\n<p>Junta Directiva de la Industria Alimentaria Ada Food<\/p>\n<p>&nbsp;<\/p>\n<p><strong>Principios \u00c9ticos de la Industria Alimentaria de Ada Food<\/strong><\/p>\n<p>Nuestra comprensi\u00f3n de los principios \u00e9ticos se resume a continuaci\u00f3n;<\/p>\n<ul>\n<li>Actuamos de acuerdo con las leyes y regulaciones aplicables en todos los campos en los que opera, tanto en el pa\u00eds como en el extranjero.<\/li>\n<\/ul>\n<ul>\n<li>T\u00fcrkiye Cumhuriyeti&#8217;nin yasalar\u0131na ve Anayasan\u0131n temel ilkelerine ba\u011fl\u0131 kal\u0131r\u0131z. Ger\u00e7ekle\u015ftirece\u011fimiz t\u00fcm faaliyetlerde bu ilkeleri benimsedi\u011fimizi g\u00f6steririz.<\/li>\n<\/ul>\n<ul>\n<li>Creemos en el principio del estado de derecho, actuamos de acuerdo con las leyes, creemos que se debe combatir todo tipo de corrupci\u00f3n y nunca comprometemos esta caracter\u00edstica nuestra.<\/li>\n<\/ul>\n<ul>\n<li>Precisi\u00f3n, honestidad y equidad son nuestros valores prioritarios en todos nuestros procesos y relaciones comerciales.<\/li>\n<\/ul>\n<ul>\n<li>Nuestros clientes, que son nuestro benefactor y tambi\u00e9n nuestro socio de soluciones, son prioritarios y valiosos. Junto con ellos, nuestro objetivo es ganar, confianza mutua y satisfacci\u00f3n, tener en cuenta sus opiniones y sugerencias.<\/li>\n<\/ul>\n<ul>\n<li>Respetamos y protegemos los derechos de nuestros proveedores que tienen en virtud de las leyes y reglamentos.<\/li>\n<\/ul>\n<ul>\n<li>Al llevar a cabo nuestras relaciones con todos nuestros competidores, nos mantenemos fieles a los principios de nuestros principios de trabajo. No permitimos que nuestras actividades conduzcan a una competencia desleal. Tampoco toleramos a quienes participan en tales actividades.<\/li>\n<\/ul>\n<ul>\n<li>Somos personas voluntarias que dedicamos tiempo, energ\u00eda y recursos materiales a proyectos sociales por decisi\u00f3n propia. Nuestro objetivo principal es crear conciencia p\u00fablica sobre temas que contribuir\u00e1n a la calidad de vida de las personas y ser un l\u00edder comunitario en esta \u00e1rea.<\/li>\n<\/ul>\n<ul>\n<li>El uso efectivo de la informaci\u00f3n perteneciente a la instituci\u00f3n, el correcto intercambio y garantizar la confidencialidad, integridad y accesibilidad de la informaci\u00f3n en este proceso es responsabilidad com\u00fan de todas nuestras organizaciones afiliadas y empleados.<\/li>\n<\/ul>\n<ul>\n<li>No comprometemos la salud y seguridad ocupacional. El costo del producto y el aumento en la producci\u00f3n no son m\u00e1s importantes que estos problemas.<\/li>\n<\/ul>\n<ul>\n<li>Se toman todas las medidas necesarias para garantizar la mejor protecci\u00f3n posible contra los riesgos para la salud y la seguridad en el trabajo en el lugar de trabajo perteneciente a la instituci\u00f3n.<\/li>\n<\/ul>\n<ul>\n<li>Mediante el desarrollo de pol\u00edticas para reducir los riesgos, se verifican los resultados obtenidos de acuerdo con los est\u00e1ndares aplicables y se verifica si estas medidas de seguridad se aplican seg\u00fan se requiera.<\/li>\n<\/ul>\n<ul>\n<li><strong>El hombre es nuestro recurso m\u00e1s preciado.<\/strong>\u00a0En este contexto, tratamos todos los derechos de nuestros empleados con respeto y los valoramos.<\/li>\n<\/ul>\n<ul>\n<li>Mostramos la debida diligencia en el uso de recursos y materiales en la instituci\u00f3n, mantenemos los ahorros en todos los campos en primer lugar.<strong>\u00a0<\/strong><\/li>\n<\/ul>\n<p><strong>\u00a0<\/strong><strong>Valores Comunes de la Industria Alimentaria Ada Food<\/strong><\/p>\n<p><strong>\u00a0<\/strong><\/p>\n<p><em>Nuestros valores comunes son la esencia de nuestra \u00e9tica empresarial, comprensi\u00f3n de la gesti\u00f3n y filosof\u00eda de vida.\u00a0<\/em><\/p>\n<p><em>T\u00fcm de\u011ferlerimizin temelinde &#8220;\u00d6nce insan&#8221; ve &#8220;Toplumdan ald\u0131\u011f\u0131n\u0131 b\u00fcy\u00fcterek toplumla payla\u015fma&#8221; ilkelerimiz bulunmaktad\u0131r.<\/em><\/p>\n<p>Como Ada Food Family, somos;<\/p>\n<ul>\n<li>Cuidamos meticulosamente nuestra dignidad en la sociedad.<\/li>\n<\/ul>\n<ul>\n<li>Creemos que los seres humanos son el activo m\u00e1s valioso, y no los separamos seg\u00fan sus caracter\u00edsticas como identidad \u00e9tnica, religi\u00f3n, idioma, raza, color, g\u00e9nero.<\/li>\n<\/ul>\n<ul>\n<li>No aceptamos absolutamente ning\u00fan comportamiento que da\u00f1e la dignidad humana.<\/li>\n<\/ul>\n<ul>\n<li>Somos personas decididas, conciliadoras, discretas que trabajamos arduamente para agregar valores permanentes a la vida, no enga\u00f1amos a nadie.<\/li>\n<\/ul>\n<ul>\n<li>Somos empleados transparentes, responsables, responsables, respetuosos de la ley, efectivos y eficientes, personas con metas.<\/li>\n<\/ul>\n<ul>\n<li>Como individuos justos, honestos, estables y \u00e9ticos en los negocios, estamos comprometidos con nuestros fideicomisos, secretos, promesas y compromisos hasta el final.<\/li>\n<\/ul>\n<ul>\n<li>Nos preocupamos por no juzgar y ser tolerantes en todas nuestras relaciones con personas e instituciones; nuestro objetivo es ganar y satisfacer a las partes sobre la base del amor mutuo, el respeto y la confianza.<\/li>\n<\/ul>\n<ul>\n<li>Aspiramos a ser personas que act\u00faen de acuerdo con las medidas de equidad en todas nuestras relaciones, respeten los derechos de los dem\u00e1s, protejan sus propios derechos, creen soluciones en el marco de las reglas de buena voluntad que produzcan valor.<\/li>\n<\/ul>\n<ul>\n<li>Somos personas que hemos adoptado como principio mantener los intereses de nuestras instituciones por encima de nuestros propios intereses.<\/li>\n<\/ul>\n<ul>\n<li>Creemos en el poder del di\u00e1logo intercultural y respetamos los valores locales de nuestros grupos de inter\u00e9s internacionales.<\/li>\n<\/ul>\n<ul>\n<li>Somos personas que participamos en proyectos de responsabilidad social por decisi\u00f3n propia y dedicamos tiempo, energ\u00eda y recursos materiales a ello.<\/li>\n<\/ul>\n<ul>\n<li>Creemos que la educaci\u00f3n es muy importante para la humanidad, especialmente contribuimos a aumentar el nivel educativo de la poblaci\u00f3n joven de nuestro pa\u00eds.<\/li>\n<\/ul>\n\t<nav aria-label=\"Sidebar Kurumsal\" itemscope=\"itemscope\" itemtype=\"https:\/\/schema.org\/SiteNavigationElement\">\n\t\t<ul id=\"menu-sidebar-kurumsal\"><li id=\"menu-item-1002\"><a href=\"https:\/\/adafood.com.tr\/es\/kurumsal\/\">Institucional<\/a><\/li><li id=\"menu-item-1033\"><a href=\"https:\/\/adafood.com.tr\/es\/misyon-vizyon\/\">Misi\u00f3n y Visi\u00f3n<\/a><\/li><li id=\"menu-item-1034\"><a href=\"https:\/\/adafood.com.tr\/es\/sosyal-sorumluluk\/\">Responsabilidad Social<\/a><\/li><li id=\"menu-item-1030\"><a href=\"https:\/\/adafood.com.tr\/es\/cevre-politikasi\/\">Pol\u00edtica Medioambiental<\/a><\/li><li id=\"menu-item-1032\"><a href=\"https:\/\/adafood.com.tr\/es\/kalite-politikasi\/\">Pol\u00edtica de Calidad<\/a><\/li><li id=\"menu-item-1008\"><a href=\"#\">Nuestros Principios y Valores<\/a><\/li><\/ul>\n\t\t\t<\/nav>","protected":false},"excerpt":{"rendered":"<p>ADA FOOD GIDA SANAY\u0130 ET\u0130K \u0130LKELER\u0130 VE DE\u011eERLER\u0130 \u00a0Ada Food olarak grubumuzun kurulu\u015fundan itibaren sahiplendi\u011fimiz &#8220;g\u00fcven&#8221; ve &#8220;d\u00fcr\u00fcstl\u00fck&#8221;, vazge\u00e7meyece\u011fimiz ilkelerimizdir. [&hellip;]<\/p>","protected":false},"author":1,"featured_media":0,"parent":0,"menu_order":0,"comment_status":"closed","ping_status":"open","template":"","meta":{"inline_featured_image":false,"site-sidebar-layout":"default","site-content-layout":"page-builder","ast-site-content-layout":"full-width-container","site-content-style":"default","site-sidebar-style":"default","ast-global-header-display":"","ast-banner-title-visibility":"","ast-main-header-display":"","ast-hfb-above-header-display":"","ast-hfb-below-header-display":"","ast-hfb-mobile-header-display":"","site-post-title":"disabled","ast-breadcrumbs-content":"","ast-featured-img":"disabled","footer-sml-layout":"","theme-transparent-header-meta":"default","adv-header-id-meta":"","stick-header-meta":"default","header-above-stick-meta":"","header-main-stick-meta":"","header-below-stick-meta":"","astra-migrate-meta-layouts":"set","ast-page-background-enabled":"default","ast-page-background-meta":{"desktop":{"background-color":"var(--ast-global-color-4)","background-image":"","background-repeat":"repeat","background-position":"center center","background-size":"auto","background-attachment":"scroll","background-type":"","background-media":"","overlay-type":"","overlay-color":"","overlay-opacity":"","overlay-gradient":""},"tablet":{"background-color":"","background-image":"","background-repeat":"repeat","background-position":"center center","background-size":"auto","background-attachment":"scroll","background-type":"","background-media":"","overlay-type":"","overlay-color":"","overlay-opacity":"","overlay-gradient":""},"mobile":{"background-color":"","background-image":"","background-repeat":"repeat","background-position":"center center","background-size":"auto","background-attachment":"scroll","background-type":"","background-media":"","overlay-type":"","overlay-color":"","overlay-opacity":"","overlay-gradient":""}},"ast-content-background-meta":{"desktop":{"background-color":"var(--ast-global-color-5)","background-image":"","background-repeat":"repeat","background-position":"center center","background-size":"auto","background-attachment":"scroll","background-type":"","background-media":"","overlay-type":"","overlay-color":"","overlay-opacity":"","overlay-gradient":""},"tablet":{"background-color":"var(--ast-global-color-5)","background-image":"","background-repeat":"repeat","background-position":"center center","background-size":"auto","background-attachment":"scroll","background-type":"","background-media":"","overlay-type":"","overlay-color":"","overlay-opacity":"","overlay-gradient":""},"mobile":{"background-color":"var(--ast-global-color-5)","background-image":"","background-repeat":"repeat","background-position":"center center","background-size":"auto","background-attachment":"scroll","background-type":"","background-media":"","overlay-type":"","overlay-color":"","overlay-opacity":"","overlay-gradient":""}},"_joinchat":[],"footnotes":""},"class_list":["post-1015","page","type-page","status-publish","hentry"],"acf":[],"_links":{"self":[{"href":"https:\/\/adafood.com.tr\/es\/wp-json\/wp\/v2\/pages\/1015","targetHints":{"allow":["GET"]}}],"collection":[{"href":"https:\/\/adafood.com.tr\/es\/wp-json\/wp\/v2\/pages"}],"about":[{"href":"https:\/\/adafood.com.tr\/es\/wp-json\/wp\/v2\/types\/page"}],"author":[{"embeddable":true,"href":"https:\/\/adafood.com.tr\/es\/wp-json\/wp\/v2\/users\/1"}],"replies":[{"embeddable":true,"href":"https:\/\/adafood.com.tr\/es\/wp-json\/wp\/v2\/comments?post=1015"}],"version-history":[{"count":2,"href":"https:\/\/adafood.com.tr\/es\/wp-json\/wp\/v2\/pages\/1015\/revisions"}],"predecessor-version":[{"id":1037,"href":"https:\/\/adafood.com.tr\/es\/wp-json\/wp\/v2\/pages\/1015\/revisions\/1037"}],"wp:attachment":[{"href":"https:\/\/adafood.com.tr\/es\/wp-json\/wp\/v2\/media?parent=1015"}],"curies":[{"name":"wp","href":"https:\/\/api.w.org\/{rel}","templated":true}]}}