{"id":1549,"date":"2025-04-28T13:02:19","date_gmt":"2025-04-28T13:02:19","guid":{"rendered":"https:\/\/adafood.com.tr\/?page_id=1549"},"modified":"2025-04-28T13:03:11","modified_gmt":"2025-04-28T13:03:11","slug":"gizlilik-politikasi","status":"publish","type":"page","link":"https:\/\/adafood.com.tr\/es\/gizlilik-politikasi\/","title":{"rendered":"Gizlilik Politikas\u0131"},"content":{"rendered":"<div class=\"ast-breadcrumbs-wrapper\">\n\t\t\t<div class=\"ast-breadcrumbs-inner\"><nav role=\"navigation\" aria-label=\"Breadcrumbs\" class=\"breadcrumb-trail breadcrumbs\" ><div class=\"ast-breadcrumbs\"><ul class=\"trail-items\" ><li  class=\"trail-item trail-end\"><span><a href=\"https:\/\/adafood.com.tr\/es\/\" rel=\"home\"><span >Home<\/span><\/a><\/span><\/li><\/ul><\/div><\/nav><\/div>\n\t\t<\/div>\n\t<h2>Gizlilik Politikas\u0131 &#8211; Adafood<\/h2>\n<p>Adafood olarak, ki\u015fisel verilerinizin gizlili\u011fine b\u00fcy\u00fck \u00f6nem veriyoruz. Meta platformlar\u0131 \u00fczerinden toplad\u0131\u011f\u0131m\u0131z ileti\u015fim bilgileri yaln\u0131zca size hizmet sunmak, bilgilendirme yapmak ve \u00fcr\u00fcnlerimizle ilgili taleplerinizi kar\u015f\u0131lamak amac\u0131yla kullan\u0131lacakt\u0131r. Verileriniz hi\u00e7bir \u015fekilde \u00fc\u00e7\u00fcnc\u00fc taraflarla payla\u015f\u0131lmayacak, sat\u0131lmayacak veya izinsiz \u015fekilde kullan\u0131lmayacakt\u0131r.<\/p>\n<p>Kullan\u0131c\u0131lar diledikleri zaman ki\u015fisel verilerinin silinmesini veya g\u00fcncellenmesini talep edebilirler. Gizlili\u011finiz bizim i\u00e7in de\u011ferlidir; bu nedenle veri g\u00fcvenli\u011finizi sa\u011flamak ad\u0131na gerekli t\u00fcm teknik ve idari \u00f6nlemleri almaktay\u0131z.<\/p>\n<p>Daha fazla bilgi i\u00e7in bizimle ileti\u015fime ge\u00e7ebilirsiniz.<\/p>\n\t<nav aria-label=\"Sidebar Kurumsal\" itemscope=\"itemscope\" itemtype=\"https:\/\/schema.org\/SiteNavigationElement\">\n\t\t<ul id=\"menu-sidebar-kurumsal\"><li id=\"menu-item-1002\"><a href=\"https:\/\/adafood.com.tr\/es\/kurumsal\/\">Institucional<\/a><\/li><li id=\"menu-item-1033\"><a href=\"https:\/\/adafood.com.tr\/es\/misyon-vizyon\/\">Misi\u00f3n y Visi\u00f3n<\/a><\/li><li id=\"menu-item-1034\"><a href=\"https:\/\/adafood.com.tr\/es\/sosyal-sorumluluk\/\">Responsabilidad Social<\/a><\/li><li id=\"menu-item-1030\"><a href=\"https:\/\/adafood.com.tr\/es\/cevre-politikasi\/\">Pol\u00edtica Medioambiental<\/a><\/li><li id=\"menu-item-1032\"><a href=\"https:\/\/adafood.com.tr\/es\/kalite-politikasi\/\">Pol\u00edtica de Calidad<\/a><\/li><li id=\"menu-item-1038\"><a href=\"https:\/\/adafood.com.tr\/es\/ilke-ve-degerlerimiz\/\">Nuestros Principios y Valores<\/a><\/li><\/ul>\n\t\t\t<\/nav>","protected":false},"excerpt":{"rendered":"<p>Gizlilik Politikas\u0131 &#8211; Adafood Adafood olarak, ki\u015fisel verilerinizin gizlili\u011fine b\u00fcy\u00fck \u00f6nem veriyoruz. Meta platformlar\u0131 \u00fczerinden toplad\u0131\u011f\u0131m\u0131z ileti\u015fim bilgileri yaln\u0131zca size [&hellip;]<\/p>","protected":false},"author":1,"featured_media":0,"parent":0,"menu_order":0,"comment_status":"closed","ping_status":"open","template":"","meta":{"inline_featured_image":false,"site-sidebar-layout":"default","site-content-layout":"page-builder","ast-site-content-layout":"full-width-container","site-content-style":"default","site-sidebar-style":"default","ast-global-header-display":"","ast-banner-title-visibility":"","ast-main-header-display":"","ast-hfb-above-header-display":"","ast-hfb-below-header-display":"","ast-hfb-mobile-header-display":"","site-post-title":"disabled","ast-breadcrumbs-content":"","ast-featured-img":"disabled","footer-sml-layout":"","theme-transparent-header-meta":"default","adv-header-id-meta":"","stick-header-meta":"default","header-above-stick-meta":"","header-main-stick-meta":"","header-below-stick-meta":"","astra-migrate-meta-layouts":"set","ast-page-background-enabled":"default","ast-page-background-meta":{"desktop":{"background-color":"var(--ast-global-color-4)","background-image":"","background-repeat":"repeat","background-position":"center center","background-size":"auto","background-attachment":"scroll","background-type":"","background-media":"","overlay-type":"","overlay-color":"","overlay-opacity":"","overlay-gradient":""},"tablet":{"background-color":"","background-image":"","background-repeat":"repeat","background-position":"center center","background-size":"auto","background-attachment":"scroll","background-type":"","background-media":"","overlay-type":"","overlay-color":"","overlay-opacity":"","overlay-gradient":""},"mobile":{"background-color":"","background-image":"","background-repeat":"repeat","background-position":"center center","background-size":"auto","background-attachment":"scroll","background-type":"","background-media":"","overlay-type":"","overlay-color":"","overlay-opacity":"","overlay-gradient":""}},"ast-content-background-meta":{"desktop":{"background-color":"var(--ast-global-color-5)","background-image":"","background-repeat":"repeat","background-position":"center center","background-size":"auto","background-attachment":"scroll","background-type":"","background-media":"","overlay-type":"","overlay-color":"","overlay-opacity":"","overlay-gradient":""},"tablet":{"background-color":"var(--ast-global-color-5)","background-image":"","background-repeat":"repeat","background-position":"center center","background-size":"auto","background-attachment":"scroll","background-type":"","background-media":"","overlay-type":"","overlay-color":"","overlay-opacity":"","overlay-gradient":""},"mobile":{"background-color":"var(--ast-global-color-5)","background-image":"","background-repeat":"repeat","background-position":"center center","background-size":"auto","background-attachment":"scroll","background-type":"","background-media":"","overlay-type":"","overlay-color":"","overlay-opacity":"","overlay-gradient":""}},"_joinchat":[],"footnotes":""},"class_list":["post-1549","page","type-page","status-publish","hentry"],"acf":[],"_links":{"self":[{"href":"https:\/\/adafood.com.tr\/es\/wp-json\/wp\/v2\/pages\/1549","targetHints":{"allow":["GET"]}}],"collection":[{"href":"https:\/\/adafood.com.tr\/es\/wp-json\/wp\/v2\/pages"}],"about":[{"href":"https:\/\/adafood.com.tr\/es\/wp-json\/wp\/v2\/types\/page"}],"author":[{"embeddable":true,"href":"https:\/\/adafood.com.tr\/es\/wp-json\/wp\/v2\/users\/1"}],"replies":[{"embeddable":true,"href":"https:\/\/adafood.com.tr\/es\/wp-json\/wp\/v2\/comments?post=1549"}],"version-history":[{"count":2,"href":"https:\/\/adafood.com.tr\/es\/wp-json\/wp\/v2\/pages\/1549\/revisions"}],"predecessor-version":[{"id":1552,"href":"https:\/\/adafood.com.tr\/es\/wp-json\/wp\/v2\/pages\/1549\/revisions\/1552"}],"wp:attachment":[{"href":"https:\/\/adafood.com.tr\/es\/wp-json\/wp\/v2\/media?parent=1549"}],"curies":[{"name":"wp","href":"https:\/\/api.w.org\/{rel}","templated":true}]}}