{"id":968,"date":"2024-12-08T19:13:23","date_gmt":"2024-12-08T19:13:23","guid":{"rendered":"https:\/\/adafood.com.tr\/?page_id=968"},"modified":"2025-01-03T12:15:15","modified_gmt":"2025-01-03T12:15:15","slug":"insan-kaynaklari","status":"publish","type":"page","link":"https:\/\/adafood.com.tr\/es\/insan-kaynaklari\/","title":{"rendered":"Recursos Humanos"},"content":{"rendered":"<div class=\"ast-breadcrumbs-wrapper\">\n\t\t\t<div class=\"ast-breadcrumbs-inner\"><nav role=\"navigation\" aria-label=\"Breadcrumbs\" class=\"breadcrumb-trail breadcrumbs\" ><div class=\"ast-breadcrumbs\"><ul class=\"trail-items\" ><li  class=\"trail-item trail-end\"><span><a href=\"https:\/\/adafood.com.tr\/es\/\" rel=\"home\"><span >Home<\/span><\/a><\/span><\/li><\/ul><\/div><\/nav><\/div>\n\t\t<\/div>\n\t<p><strong>El objetivo es aumentar el conocimiento y las habilidades conductuales y profesionales de los empleados con las oportunidades de desarrollo ofrecidas, cobrar en funci\u00f3n del desempe\u00f1o, aumentar continuamente la eficiencia de su trabajo y brindar oportunidades profesionales para brindar productos y servicios de alta calidad a los clientes..<\/strong><\/p>\n<p><strong>POL\u00cdTICAS DE RECURSOS HUMANOS DE LA INDUSTRIA ALIMENTARIA DE ADA FOOD<\/strong><\/p>\n<ul>\n<li>Entegre insan kaynaklar\u0131 uygulamalar\u0131 ile sekt\u00f6rde, T\u00fcrkiye&#8217;de ve D\u00fcnya&#8217;da \u00f6nc\u00fc olmak.<\/li>\n<li>Crear una fuerza laboral calificada, motivada y comprometida mediante la creaci\u00f3n de una cultura de alto rendimiento y el aumento de la productividad de los empleados.<\/li>\n<li>Para aumentar la eficiencia organizacional.<\/li>\n<li>Guiar a nuestros empleados hacia el \u00e9xito continuo desarroll\u00e1ndolos con oportunidades y beneficios corporativos.<\/li>\n<li>Proporcionar un entorno de trabajo saludable, seguro y pac\u00edfico en t\u00e9rminos de salud y seguridad de los empleados.<\/li>\n<li>Proteger y mejorar todos los derechos personales del personal.<\/li>\n<li>Reforzar el sentido de pertenencia.<\/li>\n<li>Sensibilidad a la igualdad de derechos y respeto a las diferencias individuales.<\/li>\n<li>Adoptar una comprensi\u00f3n del trabajo respetuoso con el medio ambiente siendo conscientes de la responsabilidad social.<\/li>\n<li>Personelin sosyal ve k\u00fclt\u00fcrel gereksinimlerini kar\u015f\u0131layarak &#8220;Kurum K\u00fclt\u00fcr\u00fc ve Bilinci&#8221; nin olu\u015fmas\u0131n\u0131 sa\u011flamak,<\/li>\n<\/ul>","protected":false},"excerpt":{"rendered":"<p>Ama\u00e7, m\u00fc\u015fterilere kaliteli \u00fcr\u00fcn ve hizmetler sunabilmek i\u00e7in \u00e7al\u0131\u015fanlar\u0131n gerek davran\u0131\u015fsal, gerekse mesleki bilgi ve becerilerini sundu\u011fu geli\u015fim olanaklar\u0131 ile [&hellip;]<\/p>","protected":false},"author":1,"featured_media":0,"parent":0,"menu_order":0,"comment_status":"closed","ping_status":"open","template":"","meta":{"inline_featured_image":false,"site-sidebar-layout":"default","site-content-layout":"page-builder","ast-site-content-layout":"full-width-container","site-content-style":"default","site-sidebar-style":"default","ast-global-header-display":"","ast-banner-title-visibility":"","ast-main-header-display":"","ast-hfb-above-header-display":"","ast-hfb-below-header-display":"","ast-hfb-mobile-header-display":"","site-post-title":"disabled","ast-breadcrumbs-content":"","ast-featured-img":"disabled","footer-sml-layout":"","theme-transparent-header-meta":"default","adv-header-id-meta":"","stick-header-meta":"default","header-above-stick-meta":"","header-main-stick-meta":"","header-below-stick-meta":"","astra-migrate-meta-layouts":"set","ast-page-background-enabled":"default","ast-page-background-meta":{"desktop":{"background-color":"var(--ast-global-color-4)","background-image":"","background-repeat":"repeat","background-position":"center center","background-size":"auto","background-attachment":"scroll","background-type":"","background-media":"","overlay-type":"","overlay-color":"","overlay-opacity":"","overlay-gradient":""},"tablet":{"background-color":"","background-image":"","background-repeat":"repeat","background-position":"center center","background-size":"auto","background-attachment":"scroll","background-type":"","background-media":"","overlay-type":"","overlay-color":"","overlay-opacity":"","overlay-gradient":""},"mobile":{"background-color":"","background-image":"","background-repeat":"repeat","background-position":"center center","background-size":"auto","background-attachment":"scroll","background-type":"","background-media":"","overlay-type":"","overlay-color":"","overlay-opacity":"","overlay-gradient":""}},"ast-content-background-meta":{"desktop":{"background-color":"var(--ast-global-color-5)","background-image":"","background-repeat":"repeat","background-position":"center center","background-size":"auto","background-attachment":"scroll","background-type":"","background-media":"","overlay-type":"","overlay-color":"","overlay-opacity":"","overlay-gradient":""},"tablet":{"background-color":"var(--ast-global-color-5)","background-image":"","background-repeat":"repeat","background-position":"center center","background-size":"auto","background-attachment":"scroll","background-type":"","background-media":"","overlay-type":"","overlay-color":"","overlay-opacity":"","overlay-gradient":""},"mobile":{"background-color":"var(--ast-global-color-5)","background-image":"","background-repeat":"repeat","background-position":"center center","background-size":"auto","background-attachment":"scroll","background-type":"","background-media":"","overlay-type":"","overlay-color":"","overlay-opacity":"","overlay-gradient":""}},"_joinchat":[],"footnotes":""},"class_list":["post-968","page","type-page","status-publish","hentry"],"acf":[],"_links":{"self":[{"href":"https:\/\/adafood.com.tr\/es\/wp-json\/wp\/v2\/pages\/968","targetHints":{"allow":["GET"]}}],"collection":[{"href":"https:\/\/adafood.com.tr\/es\/wp-json\/wp\/v2\/pages"}],"about":[{"href":"https:\/\/adafood.com.tr\/es\/wp-json\/wp\/v2\/types\/page"}],"author":[{"embeddable":true,"href":"https:\/\/adafood.com.tr\/es\/wp-json\/wp\/v2\/users\/1"}],"replies":[{"embeddable":true,"href":"https:\/\/adafood.com.tr\/es\/wp-json\/wp\/v2\/comments?post=968"}],"version-history":[{"count":3,"href":"https:\/\/adafood.com.tr\/es\/wp-json\/wp\/v2\/pages\/968\/revisions"}],"predecessor-version":[{"id":1048,"href":"https:\/\/adafood.com.tr\/es\/wp-json\/wp\/v2\/pages\/968\/revisions\/1048"}],"wp:attachment":[{"href":"https:\/\/adafood.com.tr\/es\/wp-json\/wp\/v2\/media?parent=968"}],"curies":[{"name":"wp","href":"https:\/\/api.w.org\/{rel}","templated":true}]}}