{"id":1012,"date":"2025-01-03T07:14:37","date_gmt":"2025-01-03T07:14:37","guid":{"rendered":"https:\/\/adafood.com.tr\/?page_id=1012"},"modified":"2025-01-03T07:16:42","modified_gmt":"2025-01-03T07:16:42","slug":"sosyal-sorumluluk","status":"publish","type":"page","link":"https:\/\/adafood.com.tr\/fr\/sosyal-sorumluluk\/","title":{"rendered":"Responsabilit\u00e9 Sociale"},"content":{"rendered":"<div class=\"ast-breadcrumbs-wrapper\">\n\t\t\t<div class=\"ast-breadcrumbs-inner\"><nav role=\"navigation\" aria-label=\"Breadcrumbs\" class=\"breadcrumb-trail breadcrumbs\" ><div class=\"ast-breadcrumbs\"><ul class=\"trail-items\" ><li  class=\"trail-item trail-end\"><span><a href=\"https:\/\/adafood.com.tr\/fr\/\" rel=\"home\"><span >Accueil<\/span><\/a><\/span><\/li><\/ul><\/div><\/nav><\/div>\n\t\t<\/div>\n\t<h4> Responsabilit\u00e9 Environnementale<\/h4>\n<p><strong>Respect de la Nature, Investissement dans l'avenir<\/strong><\/p>\n<p>En tant qu'Ada Food, nous gardons au premier plan la compr\u00e9hension de la protection de la nature et de la production respectueuse de l'environnement. La durabilit\u00e9 est devenue une valeur que nous adoptons non seulement dans nos produits, mais aussi dans tous nos processus commerciaux. Nous faisons des efforts pour minimiser nos d\u00e9chets, r\u00e9duire notre consommation d'\u00e9nergie et utiliser efficacement les ressources en eau. De plus, en soutenant les m\u00e9thodes d'agriculture biologique et naturelle, nous assumons notre responsabilit\u00e9 de prot\u00e9ger l'\u00e9cosyst\u00e8me.<\/p>\n<p>Nous d\u00e9veloppons constamment des m\u00e9thodes de production respectueuses de l'environnement pour laisser un monde plus propre et plus sain aux g\u00e9n\u00e9rations futures et nous sommes d\u00e9termin\u00e9s \u00e0 maintenir notre r\u00f4le de premier plan dans le secteur \u00e0 cet \u00e9gard.<\/p>\n<ol start=\"2\">\n<li><strong> Responsabilit\u00e9 Sociale<\/strong><\/li>\n<\/ol>\n<p><strong>Responsabilit\u00e9 Sociale<\/strong><\/p>\n<p>Nous sommes conscients de notre responsabilit\u00e9 sociale et nous agissons avec cette compr\u00e9hension. Nous contribuons \u00e0 notre soci\u00e9t\u00e9 avec divers projets dans les domaines de la lutte contre la pauvret\u00e9, de l'\u00e9ducation et de la sant\u00e9. Nous visons \u00e0 atteindre les personnes dans le besoin en faisant des dons r\u00e9guliers, en particulier aux familles aux prises avec l'ins\u00e9curit\u00e9 alimentaire. De plus, nous contribuons \u00e9galement aux efforts de sensibilisation du public aux saines habitudes de vie.<\/p>\n<p>Tout en assumant notre responsabilit\u00e9 envers notre soci\u00e9t\u00e9, nous continuerons notre travail pour que chaque individu vive une vie meilleure.<\/p>\n<ol start=\"3\">\n<li><strong> Programmes d'\u00c9ducation et de Soutien aux Jeunes<\/strong><\/li>\n<\/ol>\n<p><strong>Nous formons les leaders du futur<\/strong><\/p>\n<p>Ada Food entreprend d'importants projets sur l'\u00e9ducation et le d\u00e9veloppement de carri\u00e8re des jeunes. Nous organisons divers programmes de bourses et soutenons les jeunes entrepreneurs afin d'assurer l'\u00e9galit\u00e9 des chances dans l'\u00e9ducation. De plus, nous offrons une exp\u00e9rience r\u00e9elle du monde des affaires aux \u00e9tudiants avec des opportunit\u00e9s de stage et d'emploi et les pr\u00e9parons pour l'avenir.<\/p>\n<p>En contribuant \u00e0 l'\u00e9ducation de nos jeunes, nous continuerons \u00e0 les aider \u00e0 r\u00e9aliser leur potentiel au plus haut niveau.<\/p>\n<ol start=\"4\">\n<li><strong> Sant\u00e9 et Bien-\u00catre<\/strong><\/li>\n<\/ol>\n<p><strong>Nous Travaillons Pour Des G\u00e9n\u00e9rations En Bonne Sant\u00e9<\/strong><\/p>\n<p>Nous sommes conscients de l'importance d'une alimentation saine et nous soutenons divers projets de sant\u00e9 pour diffuser cette prise de conscience. En utilisant des ingr\u00e9dients naturels et sains dans le contenu de nos produits, nous contribuons \u00e0 ce que les gens vivent une vie plus saine. De plus, nous organisons des \u00e9v\u00e9nements sportifs pour promouvoir un mode de vie sain et diriger la propagation d'une habitude de vie active dans la soci\u00e9t\u00e9. Nous visons \u00e0 transmettre cette responsabilit\u00e9 dans le domaine de la sant\u00e9 \u00e0 un public plus large gr\u00e2ce \u00e0 des innovations et des formations continues.<\/p>\n<ol start=\"5\">\n<li><strong> Programmes de Soutien aux Femmes et \u00e0 la Famille<\/strong><\/li>\n<\/ol>\n<p><strong>Nous contribuons \u00e0 l'Autonomisation des Femmes<\/strong><\/p>\n<p>Ada Food r\u00e9alise divers projets dans le but d'encourager la participation des femmes au march\u00e9 du travail et d'accro\u00eetre le bien-\u00eatre social des familles. En proposant des formations et des programmes de mentorat aux femmes entrepreneures, nous leur permettons de participer davantage au monde des affaires. De plus, nous aidons nos travailleuses \u00e0 \u00e9tablir un \u00e9quilibre entre la famille et la vie professionnelle en offrant des horaires de travail flexibles et un environnement de travail favorable.<\/p>\n<p>Nous sommes toujours l\u00e0 pour que les femmes prennent une place plus forte dans la vie sociale.<\/p>\n\t<nav aria-label=\"Sidebar Kurumsal\" itemscope=\"itemscope\" itemtype=\"https:\/\/schema.org\/SiteNavigationElement\">\n\t\t<ul id=\"menu-sidebar-kurumsal\"><li id=\"menu-item-1002\"><a href=\"https:\/\/adafood.com.tr\/fr\/kurumsal\/\">Entreprise<\/a><\/li><li id=\"menu-item-1004\"><a href=\"#\">Vizyon &#038; Misyon<\/a><\/li><li id=\"menu-item-1005\"><a href=\"#\">Responsabilit\u00e9 Sociale<\/a><\/li><li id=\"menu-item-1006\"><a href=\"#\">Politique de Qualit\u00e9<\/a><\/li><li id=\"menu-item-1007\"><a href=\"#\">Politique Environnementale<\/a><\/li><li id=\"menu-item-1008\"><a href=\"#\">Nos Principes et Valeurs<\/a><\/li><\/ul>\n\t\t\t<\/nav>","protected":false},"excerpt":{"rendered":"<p>\u00c7evresel Sorumluluk Do\u011faya Sayg\u0131, Gelece\u011fe Yat\u0131r\u0131m Ada Food olarak, do\u011fan\u0131n korunmas\u0131 ve \u00e7evre dostu \u00fcretim anlay\u0131\u015f\u0131n\u0131 \u00f6n planda tutuyoruz. S\u00fcrd\u00fcr\u00fclebilirlik, [&hellip;]<\/p>","protected":false},"author":1,"featured_media":0,"parent":0,"menu_order":0,"comment_status":"closed","ping_status":"open","template":"","meta":{"inline_featured_image":false,"site-sidebar-layout":"default","site-content-layout":"page-builder","ast-site-content-layout":"full-width-container","site-content-style":"default","site-sidebar-style":"default","ast-global-header-display":"","ast-banner-title-visibility":"","ast-main-header-display":"","ast-hfb-above-header-display":"","ast-hfb-below-header-display":"","ast-hfb-mobile-header-display":"","site-post-title":"disabled","ast-breadcrumbs-content":"","ast-featured-img":"disabled","footer-sml-layout":"","theme-transparent-header-meta":"default","adv-header-id-meta":"","stick-header-meta":"default","header-above-stick-meta":"","header-main-stick-meta":"","header-below-stick-meta":"","astra-migrate-meta-layouts":"set","ast-page-background-enabled":"default","ast-page-background-meta":{"desktop":{"background-color":"var(--ast-global-color-4)","background-image":"","background-repeat":"repeat","background-position":"center center","background-size":"auto","background-attachment":"scroll","background-type":"","background-media":"","overlay-type":"","overlay-color":"","overlay-opacity":"","overlay-gradient":""},"tablet":{"background-color":"","background-image":"","background-repeat":"repeat","background-position":"center center","background-size":"auto","background-attachment":"scroll","background-type":"","background-media":"","overlay-type":"","overlay-color":"","overlay-opacity":"","overlay-gradient":""},"mobile":{"background-color":"","background-image":"","background-repeat":"repeat","background-position":"center center","background-size":"auto","background-attachment":"scroll","background-type":"","background-media":"","overlay-type":"","overlay-color":"","overlay-opacity":"","overlay-gradient":""}},"ast-content-background-meta":{"desktop":{"background-color":"var(--ast-global-color-5)","background-image":"","background-repeat":"repeat","background-position":"center center","background-size":"auto","background-attachment":"scroll","background-type":"","background-media":"","overlay-type":"","overlay-color":"","overlay-opacity":"","overlay-gradient":""},"tablet":{"background-color":"var(--ast-global-color-5)","background-image":"","background-repeat":"repeat","background-position":"center center","background-size":"auto","background-attachment":"scroll","background-type":"","background-media":"","overlay-type":"","overlay-color":"","overlay-opacity":"","overlay-gradient":""},"mobile":{"background-color":"var(--ast-global-color-5)","background-image":"","background-repeat":"repeat","background-position":"center center","background-size":"auto","background-attachment":"scroll","background-type":"","background-media":"","overlay-type":"","overlay-color":"","overlay-opacity":"","overlay-gradient":""}},"_joinchat":[],"footnotes":""},"class_list":["post-1012","page","type-page","status-publish","hentry"],"acf":[],"_links":{"self":[{"href":"https:\/\/adafood.com.tr\/fr\/wp-json\/wp\/v2\/pages\/1012","targetHints":{"allow":["GET"]}}],"collection":[{"href":"https:\/\/adafood.com.tr\/fr\/wp-json\/wp\/v2\/pages"}],"about":[{"href":"https:\/\/adafood.com.tr\/fr\/wp-json\/wp\/v2\/types\/page"}],"author":[{"embeddable":true,"href":"https:\/\/adafood.com.tr\/fr\/wp-json\/wp\/v2\/users\/1"}],"replies":[{"embeddable":true,"href":"https:\/\/adafood.com.tr\/fr\/wp-json\/wp\/v2\/comments?post=1012"}],"version-history":[{"count":2,"href":"https:\/\/adafood.com.tr\/fr\/wp-json\/wp\/v2\/pages\/1012\/revisions"}],"predecessor-version":[{"id":1023,"href":"https:\/\/adafood.com.tr\/fr\/wp-json\/wp\/v2\/pages\/1012\/revisions\/1023"}],"wp:attachment":[{"href":"https:\/\/adafood.com.tr\/fr\/wp-json\/wp\/v2\/media?parent=1012"}],"curies":[{"name":"wp","href":"https:\/\/api.w.org\/{rel}","templated":true}]}}