{"id":1013,"date":"2025-01-03T07:18:54","date_gmt":"2025-01-03T07:18:54","guid":{"rendered":"https:\/\/adafood.com.tr\/?page_id=1013"},"modified":"2025-01-20T08:07:25","modified_gmt":"2025-01-20T08:07:25","slug":"kalite-politikasi","status":"publish","type":"page","link":"https:\/\/adafood.com.tr\/fr\/kalite-politikasi\/","title":{"rendered":"Politique de Qualit\u00e9"},"content":{"rendered":"<div class=\"ast-breadcrumbs-wrapper\">\n\t\t\t<div class=\"ast-breadcrumbs-inner\"><nav role=\"navigation\" aria-label=\"Breadcrumbs\" class=\"breadcrumb-trail breadcrumbs\" ><div class=\"ast-breadcrumbs\"><ul class=\"trail-items\" ><li  class=\"trail-item trail-end\"><span><a href=\"https:\/\/adafood.com.tr\/fr\/\" rel=\"home\"><span >Accueil<\/span><\/a><\/span><\/li><\/ul><\/div><\/nav><\/div>\n\t\t<\/div>\n\t<p>Dans un monde o\u00f9 les fronti\u00e8res n'ont pas de sens, la qualit\u00e9 est le seul moyen de cr\u00e9er une compr\u00e9hension concurrentielle durable. Pour Ada Food, la qualit\u00e9 n'est pas une destination, c'est un voyage. Le but de ce voyage est de rechercher constamment le meilleur pour nos partenaires, clients, employ\u00e9s, fournisseurs, environnement et soci\u00e9t\u00e9. Ce sera en adoptant la gestion de la qualit\u00e9 totale comme mode de vie. Par cons\u00e9quent;<\/p>\n<p>\u2022M\u00fc\u015fterilerimizin memnuniyetini ve sadakatini, \u00fcr\u00fcn ve hizmetlerimizin kalitesinin belirleyece\u011fine inan\u0131yoruz. Bu sebeple, \u00fcr\u00fcn ve hizmetlerimizde, y\u00f6netti\u011fimiz t\u00fcm s\u00fcre\u00e7lerimizde s\u00fcrekli iyile\u015ftirme ve geli\u015ftirme faaliyetlerini s\u00fcrd\u00fcrerek &#8220;m\u00fckemmelin&#8221; aray\u0131\u015f\u0131 i\u00e7inde olmal\u0131y\u0131z.<\/p>\n<p>\u2022Nos employ\u00e9s sont notre atout le plus important. Afin d'am\u00e9liorer continuellement la qualit\u00e9, il est essentiel d'assurer la participation, la formation et la satisfaction de tous nos employ\u00e9s dans un esprit de famille.<\/p>\n<p>* Nous visons \u00e0 r\u00e9pondre en permanence aux attentes de nos employ\u00e9s d'isla yolu, de nos clients pour am\u00e9liorer notre avantage concurrentiel et augmenter notre rentabilit\u00e9.<\/p>\n<p>* Un apport de qualit\u00e9 est une condition pr\u00e9alable \u00e0 un produit de qualit\u00e9. Pour cette raison, nous consid\u00e9rons nos fournisseurs comme une partie int\u00e9grante de notre syst\u00e8me de qualit\u00e9 et comme nos partenaires commerciaux.<\/p>\n<p>* Nous sommes conscients de notre responsabilit\u00e9 envers l'environnement et la soci\u00e9t\u00e9 et contribuons \u00e0 leur d\u00e9veloppement.<\/p>\n<p>\u2022Kaliteli \u00fcr\u00fcnler kaliteli ortamda \u00fcretilir. Her \u00e7al\u0131\u015fan\u0131m\u0131z ba\u015fta y\u00f6neticilerimiz olmak \u00fczere, i\u015fyeri ortam\u0131n\u0131 &#8220;emniyetli, temiz ve d\u00fczenli&#8221; tutmaktan sorumludur.<\/p>\n<p>Les Principes de Notre Culture de la Qualit\u00e9:<\/p>\n<p>* \u00catre sensible aux exigences des clients internes et externes,<\/p>\n<p>\u2022 \u00catre ouvert et fiable<\/p>\n<p>\u2022 Parler avec des donn\u00e9es,<\/p>\n<p>* \u00catre sensible aux exigences des clients internes et externes,<\/p>\n<p>* Faire les choses correctement \u00e0 la fois,<\/p>\n<p>* Poss\u00e9der,<\/p>\n<p>\u2022 Entreprendre des actions pr\u00e9ventives, nous exprimons notre conviction que tous les membres de la famille Ada Food continueront leurs efforts pour mettre en \u0153uvre la politique de qualit\u00e9 en respectant les principes ci-dessus. Nous souhaitons que notre approche de la Qualit\u00e9 Totale continue \u00e0 \u00e9clairer nos vies, nos relations et notre travail en \u00e9tant davantage d\u00e9velopp\u00e9e.<\/p>\n\t<nav aria-label=\"Sidebar Kurumsal\" itemscope=\"itemscope\" itemtype=\"https:\/\/schema.org\/SiteNavigationElement\">\n\t\t<ul id=\"menu-sidebar-kurumsal\"><li id=\"menu-item-1002\"><a href=\"https:\/\/adafood.com.tr\/fr\/kurumsal\/\">Entreprise<\/a><\/li><li id=\"menu-item-1033\"><a href=\"https:\/\/adafood.com.tr\/fr\/misyon-vizyon\/\">Mission &amp; Vision<\/a><\/li><li id=\"menu-item-1034\"><a href=\"https:\/\/adafood.com.tr\/fr\/sosyal-sorumluluk\/\">Responsabilit\u00e9 Sociale<\/a><\/li><li id=\"menu-item-1030\"><a href=\"https:\/\/adafood.com.tr\/fr\/cevre-politikasi\/\">Politique Environnementale<\/a><\/li><li id=\"menu-item-1032\"><a href=\"https:\/\/adafood.com.tr\/fr\/kalite-politikasi\/\" aria-current=\"page\">Politique de Qualit\u00e9<\/a><\/li><li id=\"menu-item-1038\"><a href=\"https:\/\/adafood.com.tr\/fr\/ilke-ve-degerlerimiz\/\">Nos Principes et Valeurs<\/a><\/li><\/ul>\n\t\t\t<\/nav>","protected":false},"excerpt":{"rendered":"<p>S\u0131n\u0131rlar\u0131n anlams\u0131z kald\u0131\u011f\u0131 bir d\u00fcnyada, kal\u0131c\u0131 rekabet anlay\u0131\u015f\u0131 yaratman\u0131n tek yolu kalitedir. Ada Food i\u00e7in, kalite bir hedef de\u011fil, yolculuktur. [&hellip;]<\/p>","protected":false},"author":1,"featured_media":0,"parent":0,"menu_order":0,"comment_status":"closed","ping_status":"open","template":"","meta":{"inline_featured_image":false,"site-sidebar-layout":"default","site-content-layout":"page-builder","ast-site-content-layout":"full-width-container","site-content-style":"default","site-sidebar-style":"default","ast-global-header-display":"","ast-banner-title-visibility":"","ast-main-header-display":"","ast-hfb-above-header-display":"","ast-hfb-below-header-display":"","ast-hfb-mobile-header-display":"","site-post-title":"disabled","ast-breadcrumbs-content":"","ast-featured-img":"disabled","footer-sml-layout":"","theme-transparent-header-meta":"default","adv-header-id-meta":"","stick-header-meta":"default","header-above-stick-meta":"","header-main-stick-meta":"","header-below-stick-meta":"","astra-migrate-meta-layouts":"set","ast-page-background-enabled":"default","ast-page-background-meta":{"desktop":{"background-color":"var(--ast-global-color-4)","background-image":"","background-repeat":"repeat","background-position":"center center","background-size":"auto","background-attachment":"scroll","background-type":"","background-media":"","overlay-type":"","overlay-color":"","overlay-opacity":"","overlay-gradient":""},"tablet":{"background-color":"","background-image":"","background-repeat":"repeat","background-position":"center center","background-size":"auto","background-attachment":"scroll","background-type":"","background-media":"","overlay-type":"","overlay-color":"","overlay-opacity":"","overlay-gradient":""},"mobile":{"background-color":"","background-image":"","background-repeat":"repeat","background-position":"center center","background-size":"auto","background-attachment":"scroll","background-type":"","background-media":"","overlay-type":"","overlay-color":"","overlay-opacity":"","overlay-gradient":""}},"ast-content-background-meta":{"desktop":{"background-color":"var(--ast-global-color-5)","background-image":"","background-repeat":"repeat","background-position":"center center","background-size":"auto","background-attachment":"scroll","background-type":"","background-media":"","overlay-type":"","overlay-color":"","overlay-opacity":"","overlay-gradient":""},"tablet":{"background-color":"var(--ast-global-color-5)","background-image":"","background-repeat":"repeat","background-position":"center center","background-size":"auto","background-attachment":"scroll","background-type":"","background-media":"","overlay-type":"","overlay-color":"","overlay-opacity":"","overlay-gradient":""},"mobile":{"background-color":"var(--ast-global-color-5)","background-image":"","background-repeat":"repeat","background-position":"center center","background-size":"auto","background-attachment":"scroll","background-type":"","background-media":"","overlay-type":"","overlay-color":"","overlay-opacity":"","overlay-gradient":""}},"_joinchat":[],"footnotes":""},"class_list":["post-1013","page","type-page","status-publish","hentry"],"acf":[],"_links":{"self":[{"href":"https:\/\/adafood.com.tr\/fr\/wp-json\/wp\/v2\/pages\/1013","targetHints":{"allow":["GET"]}}],"collection":[{"href":"https:\/\/adafood.com.tr\/fr\/wp-json\/wp\/v2\/pages"}],"about":[{"href":"https:\/\/adafood.com.tr\/fr\/wp-json\/wp\/v2\/types\/page"}],"author":[{"embeddable":true,"href":"https:\/\/adafood.com.tr\/fr\/wp-json\/wp\/v2\/users\/1"}],"replies":[{"embeddable":true,"href":"https:\/\/adafood.com.tr\/fr\/wp-json\/wp\/v2\/comments?post=1013"}],"version-history":[{"count":4,"href":"https:\/\/adafood.com.tr\/fr\/wp-json\/wp\/v2\/pages\/1013\/revisions"}],"predecessor-version":[{"id":1340,"href":"https:\/\/adafood.com.tr\/fr\/wp-json\/wp\/v2\/pages\/1013\/revisions\/1340"}],"wp:attachment":[{"href":"https:\/\/adafood.com.tr\/fr\/wp-json\/wp\/v2\/media?parent=1013"}],"curies":[{"name":"wp","href":"https:\/\/api.w.org\/{rel}","templated":true}]}}