{"id":1015,"date":"2025-01-03T08:10:47","date_gmt":"2025-01-03T08:10:47","guid":{"rendered":"https:\/\/adafood.com.tr\/?page_id=1015"},"modified":"2025-01-03T08:14:25","modified_gmt":"2025-01-03T08:14:25","slug":"ilke-ve-degerlerimiz","status":"publish","type":"page","link":"https:\/\/adafood.com.tr\/fr\/ilke-ve-degerlerimiz\/","title":{"rendered":"Nos Principes et Valeurs"},"content":{"rendered":"<div class=\"ast-breadcrumbs-wrapper\">\n\t\t\t<div class=\"ast-breadcrumbs-inner\"><nav role=\"navigation\" aria-label=\"Breadcrumbs\" class=\"breadcrumb-trail breadcrumbs\" ><div class=\"ast-breadcrumbs\"><ul class=\"trail-items\" ><li  class=\"trail-item trail-end\"><span><a href=\"https:\/\/adafood.com.tr\/fr\/\" rel=\"home\"><span >Accueil<\/span><\/a><\/span><\/li><\/ul><\/div><\/nav><\/div>\n\t\t<\/div>\n\t<p><strong>PRINCIPES ET VALEURS \u00c9THIQUES DE L'INDUSTRIE ALIMENTAIRE ADA FOOD<\/strong><\/p>\n<p><strong>\u00a0<\/strong>Ada Food olarak grubumuzun kurulu\u015fundan itibaren sahiplendi\u011fimiz &#8220;g\u00fcven&#8221; ve &#8220;d\u00fcr\u00fcstl\u00fck&#8221;, vazge\u00e7meyece\u011fimiz ilkelerimizdir.<\/p>\n<p>Nous nous engageons \u00e0 utiliser efficacement nos ressources et nos actifs pour atteindre notre objectif de croissance durable et de rentabilit\u00e9.<\/p>\n<p>Sur cette base, nous visons \u00e0 mettre en \u0153uvre des syst\u00e8mes de gestion modernes et \u00e0 produire des biens et services de haute qualit\u00e9.<\/p>\n<p>\u00c7al\u0131\u015fmalar\u0131m\u0131z\u0131, Ada Food Ailesinin 1993 y\u0131l\u0131ndan beri olu\u015fturdu\u011fu i\u015f yapma k\u00fclt\u00fcr\u00fc ile &#8220;\u00d6nce \u0130nsan&#8221; ve &#8220;Toplumdan Ald\u0131\u011f\u0131n\u0131 B\u00fcy\u00fcterek Toplumla Payla\u015fma&#8221; ilkeleri do\u011frultusunda s\u00fcrd\u00fcrmekteyiz.<\/p>\n<p>Depuis notre cr\u00e9ation, nous travaillons \u00e0 la fois pour r\u00e9aliser des gains \u00e9conomiques et pour sensibiliser aux questions d'\u00e9ducation, de culture, d'art, de nature et d'environnement dans le cadre de notre responsabilit\u00e9 sociale. Nous respectons les valeurs de nos parties prenantes dans tous nos travaux.<\/p>\n<p class=\" translation-block\">Le Comit\u00e9 d'\u00e9thique de l'industrie alimentaire Ada Food, cr\u00e9\u00e9 pour garantir le respect des r\u00e8gles \u00e9thiques, d\u00e9velopper et consolider les valeurs \u00e9thiques, pr\u00e9venir les violations des r\u00e8gles \u00e9thiques, sera bas\u00e9 sur les Principes \u00e9thiques et les Principes d'application de l'Industrie alimentaire Ada Food.<\/p>\n<p>Avec Notre Amour,<\/p>\n<p>Conseil d'administration de l'Industrie alimentaire Ada Food<\/p>\n<p>&nbsp;<\/p>\n<p><strong>Principes \u00c9thiques de l'Industrie Alimentaire Ada Food<\/strong><\/p>\n<p>Notre compr\u00e9hension des principes \u00e9thiques est r\u00e9sum\u00e9e ci-dessous;<\/p>\n<ul>\n<li>Nous agissons conform\u00e9ment aux lois et r\u00e8glements applicables dans tous les domaines d'activit\u00e9, tant au pays qu'\u00e0 l'\u00e9tranger.<\/li>\n<\/ul>\n<ul>\n<li>T\u00fcrkiye Cumhuriyeti&#8217;nin yasalar\u0131na ve Anayasan\u0131n temel ilkelerine ba\u011fl\u0131 kal\u0131r\u0131z. Ger\u00e7ekle\u015ftirece\u011fimiz t\u00fcm faaliyetlerde bu ilkeleri benimsedi\u011fimizi g\u00f6steririz.<\/li>\n<\/ul>\n<ul>\n<li>Nous croyons au principe de la primaut\u00e9 du droit, nous agissons conform\u00e9ment aux lois, nous croyons que toutes sortes de corruption doivent \u00eatre combattues, et nous ne compromettons jamais cette caract\u00e9ristique qui est la n\u00f4tre.<\/li>\n<\/ul>\n<ul>\n<li>La pr\u00e9cision, l'honn\u00eatet\u00e9 et l'\u00e9quit\u00e9 sont nos valeurs prioritaires dans tous nos processus et relations d'affaires.<\/li>\n<\/ul>\n<ul>\n<li>Nos clients, qui sont notre bienfaiteur et aussi notre partenaire de solutions, sont prioritaires et pr\u00e9cieux. Avec eux, nous visons \u00e0 gagner, la confiance mutuelle et la satisfaction, prendre en compte leurs opinions et suggestions.<\/li>\n<\/ul>\n<ul>\n<li>Nous respectons et prot\u00e9geons les droits de nos fournisseurs qu'ils ont en vertu des lois et r\u00e8glements.<\/li>\n<\/ul>\n<ul>\n<li>Tout en menant nos relations avec tous nos concurrents, nous restons fid\u00e8les aux principes de nos principes de travail. Nous ne permettons pas que nos activit\u00e9s conduisent \u00e0 une concurrence d\u00e9loyale. Nous ne tol\u00e9rons pas non plus ceux qui se livrent \u00e0 de telles activit\u00e9s.<\/li>\n<\/ul>\n<ul>\n<li>Nous sommes des personnes volontaires qui consacrons du temps, de l'\u00e9nergie et des ressources mat\u00e9rielles \u00e0 des projets sociaux par nos propres choix. Notre objectif principal est de sensibiliser le public aux enjeux qui contribueront \u00e0 la qualit\u00e9 de vie des gens et d'\u00eatre un leader communautaire dans ce domaine.<\/li>\n<\/ul>\n<ul>\n<li>L'utilisation efficace des informations appartenant \u00e0 l'institution, le partage correct et la garantie de la confidentialit\u00e9, de l'int\u00e9grit\u00e9 et de l'accessibilit\u00e9 des informations dans ce processus sont les responsabilit\u00e9s communes de toutes nos organisations affili\u00e9es et de nos employ\u00e9s.<\/li>\n<\/ul>\n<ul>\n<li>Nous ne faisons aucun compromis sur la sant\u00e9 et la s\u00e9curit\u00e9 au travail. Le co\u00fbt du produit et l'augmentation de la production ne sont pas plus importants que ces probl\u00e8mes.<\/li>\n<\/ul>\n<ul>\n<li>Toutes les mesures n\u00e9cessaires sont prises pour assurer la meilleure protection possible contre les risques pour la sant\u00e9 et la s\u00e9curit\u00e9 au travail sur les lieux de travail appartenant \u00e0 l'institution.<\/li>\n<\/ul>\n<ul>\n<li>En d\u00e9veloppant des politiques de r\u00e9duction des risques, les r\u00e9sultats obtenus sont v\u00e9rifi\u00e9s selon les normes applicables et il est v\u00e9rifi\u00e9 si ces mesures de s\u00e9curit\u00e9 sont appliqu\u00e9es comme requis.<\/li>\n<\/ul>\n<ul>\n<li><strong>L'homme est notre ressource la plus pr\u00e9cieuse.<\/strong>\u00a0Dans ce contexte, nous traitons tous les droits de nos employ\u00e9s avec respect et nous les valorisons.<\/li>\n<\/ul>\n<ul>\n<li>Nous faisons preuve de diligence raisonnable dans l'utilisation des ressources et du mat\u00e9riel dans l'institution, nous conservons des \u00e9conomies dans tous les domaines en premier lieu.<strong>\u00a0<\/strong><\/li>\n<\/ul>\n<p><strong>\u00a0<\/strong><strong>Valeurs Communes de l'Industrie Alimentaire Ada Food<\/strong><\/p>\n<p><strong>\u00a0<\/strong><\/p>\n<p><em>Nos valeurs communes sont l'essence de notre \u00e9thique des affaires, de notre compr\u00e9hension de la gestion et de notre philosophie de vie.\u00a0<\/em><\/p>\n<p><em>T\u00fcm de\u011ferlerimizin temelinde &#8220;\u00d6nce insan&#8221; ve &#8220;Toplumdan ald\u0131\u011f\u0131n\u0131 b\u00fcy\u00fcterek toplumla payla\u015fma&#8221; ilkelerimiz bulunmaktad\u0131r.<\/em><\/p>\n<p>En tant que famille alimentaire Ada, nous sommes;<\/p>\n<ul>\n<li>Nous prenons soin de notre dignit\u00e9 dans la soci\u00e9t\u00e9 m\u00e9ticuleusement.<\/li>\n<\/ul>\n<ul>\n<li>Nous croyons que les \u00eatres humains sont l'atout le plus pr\u00e9cieux, et nous ne les s\u00e9parons pas en fonction de leurs caract\u00e9ristiques telles que l'identit\u00e9 ethnique, la religion, la langue, la race, la couleur, le sexe.<\/li>\n<\/ul>\n<ul>\n<li>Nous n'acceptons absolument aucun comportement qui porterait atteinte \u00e0 la dignit\u00e9 humaine.<\/li>\n<\/ul>\n<ul>\n<li>Nous sommes des personnes d\u00e9termin\u00e9es, conciliantes, discr\u00e8tes qui travaillent dur pour ajouter des valeurs permanentes \u00e0 la vie, ne trompez personne.<\/li>\n<\/ul>\n<ul>\n<li>Nous sommes des employ\u00e9s transparents, responsables, responsables, respectueux des lois, efficaces et efficients, des personnes avec des objectifs.<\/li>\n<\/ul>\n<ul>\n<li>En tant qu'individus justes, honn\u00eates, stables et \u00e9thiques, nous sommes attach\u00e9s \u00e0 nos fiducies, secrets, promesses et engagements jusqu'\u00e0 la fin.<\/li>\n<\/ul>\n<ul>\n<li>Nous veillons \u00e0 ne pas porter de jugement et \u00e0 \u00eatre tol\u00e9rants dans toutes nos relations avec les personnes et les institutions; nous visons \u00e0 gagner et \u00e0 satisfaire les parties sur la base de l'amour mutuel, du respect et de la confiance.<\/li>\n<\/ul>\n<ul>\n<li>Nous visons \u00e0 \u00eatre des personnes qui agissent selon les mesures d'\u00e9quit\u00e9 dans toutes nos relations, respectent les droits des autres, prot\u00e8gent leurs propres droits, cr\u00e9ent des solutions dans le cadre des r\u00e8gles de bonne volont\u00e9 qui produisent de la valeur.<\/li>\n<\/ul>\n<ul>\n<li>Nous sommes des gens qui ont adopt\u00e9 comme principe de garder les int\u00e9r\u00eats de nos institutions au-dessus de nos propres int\u00e9r\u00eats.<\/li>\n<\/ul>\n<ul>\n<li>Nous croyons au pouvoir du dialogue interculturel et respectons les valeurs locales de nos parties prenantes internationales.<\/li>\n<\/ul>\n<ul>\n<li>Nous sommes des personnes qui participent \u00e0 des projets de responsabilit\u00e9 sociale par nos propres choix et y consacrons du temps, de l'\u00e9nergie et des ressources mat\u00e9rielles.<\/li>\n<\/ul>\n<ul>\n<li>Nous croyons que l'\u00e9ducation est tr\u00e8s importante pour l'humanit\u00e9, en particulier nous contribuons \u00e0 augmenter le niveau d'\u00e9ducation de la jeune population de notre pays.<\/li>\n<\/ul>\n\t<nav aria-label=\"Sidebar Kurumsal\" itemscope=\"itemscope\" itemtype=\"https:\/\/schema.org\/SiteNavigationElement\">\n\t\t<ul id=\"menu-sidebar-kurumsal\"><li id=\"menu-item-1002\"><a href=\"https:\/\/adafood.com.tr\/fr\/kurumsal\/\">Entreprise<\/a><\/li><li id=\"menu-item-1033\"><a href=\"https:\/\/adafood.com.tr\/fr\/misyon-vizyon\/\">Mission &amp; Vision<\/a><\/li><li id=\"menu-item-1034\"><a href=\"https:\/\/adafood.com.tr\/fr\/sosyal-sorumluluk\/\">Responsabilit\u00e9 Sociale<\/a><\/li><li id=\"menu-item-1030\"><a href=\"https:\/\/adafood.com.tr\/fr\/cevre-politikasi\/\">Politique Environnementale<\/a><\/li><li id=\"menu-item-1032\"><a href=\"https:\/\/adafood.com.tr\/fr\/kalite-politikasi\/\">Politique de Qualit\u00e9<\/a><\/li><li id=\"menu-item-1008\"><a href=\"#\">Nos Principes et Valeurs<\/a><\/li><\/ul>\n\t\t\t<\/nav>","protected":false},"excerpt":{"rendered":"<p>ADA FOOD GIDA SANAY\u0130 ET\u0130K \u0130LKELER\u0130 VE DE\u011eERLER\u0130 \u00a0Ada Food olarak grubumuzun kurulu\u015fundan itibaren sahiplendi\u011fimiz &#8220;g\u00fcven&#8221; ve &#8220;d\u00fcr\u00fcstl\u00fck&#8221;, vazge\u00e7meyece\u011fimiz ilkelerimizdir. [&hellip;]<\/p>","protected":false},"author":1,"featured_media":0,"parent":0,"menu_order":0,"comment_status":"closed","ping_status":"open","template":"","meta":{"inline_featured_image":false,"site-sidebar-layout":"default","site-content-layout":"page-builder","ast-site-content-layout":"full-width-container","site-content-style":"default","site-sidebar-style":"default","ast-global-header-display":"","ast-banner-title-visibility":"","ast-main-header-display":"","ast-hfb-above-header-display":"","ast-hfb-below-header-display":"","ast-hfb-mobile-header-display":"","site-post-title":"disabled","ast-breadcrumbs-content":"","ast-featured-img":"disabled","footer-sml-layout":"","theme-transparent-header-meta":"default","adv-header-id-meta":"","stick-header-meta":"default","header-above-stick-meta":"","header-main-stick-meta":"","header-below-stick-meta":"","astra-migrate-meta-layouts":"set","ast-page-background-enabled":"default","ast-page-background-meta":{"desktop":{"background-color":"var(--ast-global-color-4)","background-image":"","background-repeat":"repeat","background-position":"center center","background-size":"auto","background-attachment":"scroll","background-type":"","background-media":"","overlay-type":"","overlay-color":"","overlay-opacity":"","overlay-gradient":""},"tablet":{"background-color":"","background-image":"","background-repeat":"repeat","background-position":"center center","background-size":"auto","background-attachment":"scroll","background-type":"","background-media":"","overlay-type":"","overlay-color":"","overlay-opacity":"","overlay-gradient":""},"mobile":{"background-color":"","background-image":"","background-repeat":"repeat","background-position":"center center","background-size":"auto","background-attachment":"scroll","background-type":"","background-media":"","overlay-type":"","overlay-color":"","overlay-opacity":"","overlay-gradient":""}},"ast-content-background-meta":{"desktop":{"background-color":"var(--ast-global-color-5)","background-image":"","background-repeat":"repeat","background-position":"center center","background-size":"auto","background-attachment":"scroll","background-type":"","background-media":"","overlay-type":"","overlay-color":"","overlay-opacity":"","overlay-gradient":""},"tablet":{"background-color":"var(--ast-global-color-5)","background-image":"","background-repeat":"repeat","background-position":"center center","background-size":"auto","background-attachment":"scroll","background-type":"","background-media":"","overlay-type":"","overlay-color":"","overlay-opacity":"","overlay-gradient":""},"mobile":{"background-color":"var(--ast-global-color-5)","background-image":"","background-repeat":"repeat","background-position":"center center","background-size":"auto","background-attachment":"scroll","background-type":"","background-media":"","overlay-type":"","overlay-color":"","overlay-opacity":"","overlay-gradient":""}},"_joinchat":[],"footnotes":""},"class_list":["post-1015","page","type-page","status-publish","hentry"],"acf":[],"_links":{"self":[{"href":"https:\/\/adafood.com.tr\/fr\/wp-json\/wp\/v2\/pages\/1015","targetHints":{"allow":["GET"]}}],"collection":[{"href":"https:\/\/adafood.com.tr\/fr\/wp-json\/wp\/v2\/pages"}],"about":[{"href":"https:\/\/adafood.com.tr\/fr\/wp-json\/wp\/v2\/types\/page"}],"author":[{"embeddable":true,"href":"https:\/\/adafood.com.tr\/fr\/wp-json\/wp\/v2\/users\/1"}],"replies":[{"embeddable":true,"href":"https:\/\/adafood.com.tr\/fr\/wp-json\/wp\/v2\/comments?post=1015"}],"version-history":[{"count":2,"href":"https:\/\/adafood.com.tr\/fr\/wp-json\/wp\/v2\/pages\/1015\/revisions"}],"predecessor-version":[{"id":1037,"href":"https:\/\/adafood.com.tr\/fr\/wp-json\/wp\/v2\/pages\/1015\/revisions\/1037"}],"wp:attachment":[{"href":"https:\/\/adafood.com.tr\/fr\/wp-json\/wp\/v2\/media?parent=1015"}],"curies":[{"name":"wp","href":"https:\/\/api.w.org\/{rel}","templated":true}]}}