{"id":968,"date":"2024-12-08T19:13:23","date_gmt":"2024-12-08T19:13:23","guid":{"rendered":"https:\/\/adafood.com.tr\/?page_id=968"},"modified":"2025-01-03T12:15:15","modified_gmt":"2025-01-03T12:15:15","slug":"insan-kaynaklari","status":"publish","type":"page","link":"https:\/\/adafood.com.tr\/fr\/insan-kaynaklari\/","title":{"rendered":"Ressources Humaines"},"content":{"rendered":"<div class=\"ast-breadcrumbs-wrapper\">\n\t\t\t<div class=\"ast-breadcrumbs-inner\"><nav role=\"navigation\" aria-label=\"Breadcrumbs\" class=\"breadcrumb-trail breadcrumbs\" ><div class=\"ast-breadcrumbs\"><ul class=\"trail-items\" ><li  class=\"trail-item trail-end\"><span><a href=\"https:\/\/adafood.com.tr\/fr\/\" rel=\"home\"><span >Accueil<\/span><\/a><\/span><\/li><\/ul><\/div><\/nav><\/div>\n\t\t<\/div>\n\t<p><strong>L'objectif est d'accro\u00eetre les connaissances et les comp\u00e9tences comportementales et professionnelles des employ\u00e9s gr\u00e2ce aux opportunit\u00e9s de d\u00e9veloppement offertes, de facturer en fonction des performances, d'augmenter continuellement leur efficacit\u00e9 au travail et d'offrir des opportunit\u00e9s de carri\u00e8re afin de fournir des produits et services de haute qualit\u00e9 aux clients.<\/strong><\/p>\n<p><strong>POLITIQUES DE RESSOURCES HUMAINES DE L'INDUSTRIE ALIMENTAIRE ADA FOOD<\/strong><\/p>\n<ul>\n<li>Entegre insan kaynaklar\u0131 uygulamalar\u0131 ile sekt\u00f6rde, T\u00fcrkiye&#8217;de ve D\u00fcnya&#8217;da \u00f6nc\u00fc olmak.<\/li>\n<li>Cr\u00e9er une main-d'\u0153uvre qualifi\u00e9e, motiv\u00e9e et engag\u00e9e en cr\u00e9ant une culture de haute performance et en augmentant la productivit\u00e9 des employ\u00e9s<\/li>\n<li>Pour augmenter l'efficacit\u00e9 organisationnelle.<\/li>\n<li>Guider nos employ\u00e9s vers le succ\u00e8s continu en les d\u00e9veloppant avec des opportunit\u00e9s et des avantages pour l'entreprise.<\/li>\n<li>Offrir un environnement de travail sain, s\u00fbr et paisible en termes de sant\u00e9 et de s\u00e9curit\u00e9 des employ\u00e9s.<\/li>\n<li>Prot\u00e9ger et am\u00e9liorer tous les droits personnels du personnel.<\/li>\n<li>Renforcer le sentiment d'appartenance.<\/li>\n<li>Sensibilit\u00e9 \u00e0 l'\u00e9galit\u00e9 des droits et au respect des diff\u00e9rences individuelles.<\/li>\n<li>Adopter une compr\u00e9hension du travail dans le respect de l'environnement tout en \u00e9tant conscient de la responsabilit\u00e9 sociale.<\/li>\n<li>Personelin sosyal ve k\u00fclt\u00fcrel gereksinimlerini kar\u015f\u0131layarak &#8220;Kurum K\u00fclt\u00fcr\u00fc ve Bilinci&#8221; nin olu\u015fmas\u0131n\u0131 sa\u011flamak,<\/li>\n<\/ul>","protected":false},"excerpt":{"rendered":"<p>Ama\u00e7, m\u00fc\u015fterilere kaliteli \u00fcr\u00fcn ve hizmetler sunabilmek i\u00e7in \u00e7al\u0131\u015fanlar\u0131n gerek davran\u0131\u015fsal, gerekse mesleki bilgi ve becerilerini sundu\u011fu geli\u015fim olanaklar\u0131 ile [&hellip;]<\/p>","protected":false},"author":1,"featured_media":0,"parent":0,"menu_order":0,"comment_status":"closed","ping_status":"open","template":"","meta":{"inline_featured_image":false,"site-sidebar-layout":"default","site-content-layout":"page-builder","ast-site-content-layout":"full-width-container","site-content-style":"default","site-sidebar-style":"default","ast-global-header-display":"","ast-banner-title-visibility":"","ast-main-header-display":"","ast-hfb-above-header-display":"","ast-hfb-below-header-display":"","ast-hfb-mobile-header-display":"","site-post-title":"disabled","ast-breadcrumbs-content":"","ast-featured-img":"disabled","footer-sml-layout":"","theme-transparent-header-meta":"default","adv-header-id-meta":"","stick-header-meta":"default","header-above-stick-meta":"","header-main-stick-meta":"","header-below-stick-meta":"","astra-migrate-meta-layouts":"set","ast-page-background-enabled":"default","ast-page-background-meta":{"desktop":{"background-color":"var(--ast-global-color-4)","background-image":"","background-repeat":"repeat","background-position":"center center","background-size":"auto","background-attachment":"scroll","background-type":"","background-media":"","overlay-type":"","overlay-color":"","overlay-opacity":"","overlay-gradient":""},"tablet":{"background-color":"","background-image":"","background-repeat":"repeat","background-position":"center center","background-size":"auto","background-attachment":"scroll","background-type":"","background-media":"","overlay-type":"","overlay-color":"","overlay-opacity":"","overlay-gradient":""},"mobile":{"background-color":"","background-image":"","background-repeat":"repeat","background-position":"center center","background-size":"auto","background-attachment":"scroll","background-type":"","background-media":"","overlay-type":"","overlay-color":"","overlay-opacity":"","overlay-gradient":""}},"ast-content-background-meta":{"desktop":{"background-color":"var(--ast-global-color-5)","background-image":"","background-repeat":"repeat","background-position":"center center","background-size":"auto","background-attachment":"scroll","background-type":"","background-media":"","overlay-type":"","overlay-color":"","overlay-opacity":"","overlay-gradient":""},"tablet":{"background-color":"var(--ast-global-color-5)","background-image":"","background-repeat":"repeat","background-position":"center center","background-size":"auto","background-attachment":"scroll","background-type":"","background-media":"","overlay-type":"","overlay-color":"","overlay-opacity":"","overlay-gradient":""},"mobile":{"background-color":"var(--ast-global-color-5)","background-image":"","background-repeat":"repeat","background-position":"center center","background-size":"auto","background-attachment":"scroll","background-type":"","background-media":"","overlay-type":"","overlay-color":"","overlay-opacity":"","overlay-gradient":""}},"_joinchat":[],"footnotes":""},"class_list":["post-968","page","type-page","status-publish","hentry"],"acf":[],"_links":{"self":[{"href":"https:\/\/adafood.com.tr\/fr\/wp-json\/wp\/v2\/pages\/968","targetHints":{"allow":["GET"]}}],"collection":[{"href":"https:\/\/adafood.com.tr\/fr\/wp-json\/wp\/v2\/pages"}],"about":[{"href":"https:\/\/adafood.com.tr\/fr\/wp-json\/wp\/v2\/types\/page"}],"author":[{"embeddable":true,"href":"https:\/\/adafood.com.tr\/fr\/wp-json\/wp\/v2\/users\/1"}],"replies":[{"embeddable":true,"href":"https:\/\/adafood.com.tr\/fr\/wp-json\/wp\/v2\/comments?post=968"}],"version-history":[{"count":3,"href":"https:\/\/adafood.com.tr\/fr\/wp-json\/wp\/v2\/pages\/968\/revisions"}],"predecessor-version":[{"id":1048,"href":"https:\/\/adafood.com.tr\/fr\/wp-json\/wp\/v2\/pages\/968\/revisions\/1048"}],"wp:attachment":[{"href":"https:\/\/adafood.com.tr\/fr\/wp-json\/wp\/v2\/media?parent=968"}],"curies":[{"name":"wp","href":"https:\/\/api.w.org\/{rel}","templated":true}]}}